{"id":5623,"date":"2019-07-01T11:55:21","date_gmt":"2019-07-01T09:55:21","guid":{"rendered":"https:\/\/www.teq-automotive.com\/adas\/"},"modified":"2020-05-27T11:50:11","modified_gmt":"2020-05-27T09:50:11","slug":"adas","status":"publish","type":"page","link":"https:\/\/www.teq-automotive.com\/de\/loesungen\/adas\/","title":{"rendered":"ADAS"},"content":{"rendered":"<p>[vc_row el_class=&#8221;test&#8221;][vc_column]\t\t<div class=\"wd-heading text-center  text-left\" >\r\n\t\t\t\r\n\t\t\t\t\r\n\t\t\t\t<h3 style=\"margin:0;font-family:;font-weight:400;color:#111111;\" >\r\n\t\t\t\t\tADAS Integriert in TEQ Multiplex und Flottenmanagement\t\t\t\t<\/h3>\r\n\r\n\t\t\t\t\r\n\t\t\t\t<h4 style=\"font-family:;font-weight:400;\" >\r\n\t\t\t\t\t\t\t\t\t<\/h4>\r\n\r\n\t\t\t\t\r\n\t\t\t\t\t<\/div>\r\n\r\n\t\t[vc_column_text][\/vc_column_text][\/vc_column][\/vc_row][vc_row][vc_column width=&#8221;1\/2&#8243;][vc_single_image image=&#8221;5526&#8243; img_size=&#8221;1984&#215;1120&#8243;][vc_separator][\/vc_column][vc_column width=&#8221;1\/2&#8243;][vc_single_image image=&#8221;5524&#8243; img_size=&#8221;full&#8221;][\/vc_column][\/vc_row][vc_row el_class=&#8221;test&#8221;][vc_column width=&#8221;1\/2&#8243;][vc_column_text]<\/p>\n<div class=\"default-text-block\">Advanced Driver Assistance Systems (ADAS) sind elektronische Systeme, die den Fahrer w\u00e4hrend der Fahrt helfen. Mit einer hochentwickelten Mensch-Maschine-Schnittstelle sorgen sie f\u00fcr erh\u00f6hte Sicherheit im Auto und im Verkehr.<\/div>\n<ul>\n<li>Frontale Kollisionswarnung<\/li>\n<li>Fussg\u00e4nger-und Fahrradfahrererkennung<\/li>\n<li>Totwinkel Warnung<\/li>\n<li>Spurhaltewarnung<\/li>\n<li>Abstand\u00fcberwachung und -warnung<\/li>\n<li>Geschwindigkeitsbegrenzungsanzeige<\/li>\n<li>Verkehrszeichenerkennun<\/li>\n<\/ul>\n<p>&nbsp;<br \/>\n[\/vc_column_text][vc_separator][\/vc_column][vc_column width=&#8221;1\/2&#8243;][vc_single_image image=&#8221;4690&#8243; img_size=&#8221;full&#8221; css=&#8221;.vc_custom_1561974739220{margin-top: 10px !important;margin-right: 10px !important;}&#8221;][\/vc_column][\/vc_row][vc_row][vc_column width=&#8221;1\/2&#8243;][vc_single_image image=&#8221;4689&#8243; img_size=&#8221;full&#8221;][\/vc_column][vc_column width=&#8221;1\/2&#8243;][vc_column_text]<\/p>\n<h3 style=\"text-align: center;\"><strong>Antikollisionssystem<\/strong><\/h3>\n<p>Ben\u00f6tigt nur ein Sensor auf der Windschutzscheibe<\/p>\n<ul>\n<li>Frontale Kollisionswarnung mit einem Fahrzeug, Motorrad, Fahrrad und Fu\u00dfg\u00e4nger<\/li>\n<li>Spurhaltewarnung<\/li>\n<li>Abstand\u00fcberwachung und -warnung<\/li>\n<li>Geschwindigkeitsbegrenzungsanzeige<\/li>\n<li>Verkehrszeichenerkennung<\/li>\n<\/ul>\n<p>&nbsp;<br \/>\n[\/vc_column_text][vc_column_text]<\/p>\n<h3 style=\"text-align: center;\"><strong>\u201cVollschutz\u201d Version<br \/>\n<\/strong><\/h3>\n<p>2 zus\u00e4tzliche Seitenkameas und 2 Bildschirme<\/p>\n<ul>\n<li>Totwinkel Warnung<\/li>\n<\/ul>\n<p>[\/vc_column_text][vc_separator][\/vc_column][\/vc_row][vc_row][vc_column width=&#8221;1\/4&#8243;][vc_row_inner][vc_column_inner width=&#8221;1\/4&#8243;][\/vc_column_inner][\/vc_row_inner][\/vc_column][vc_column width=&#8221;1\/2&#8243;][vc_column_text]<\/p>\n<p style=\"text-align: center;\"><strong>Integration f\u00fcr Fahrzeughersteller<br \/>\n<\/strong><\/p>\n<p>[\/vc_column_text][vc_single_image image=&#8221;4699&#8243; img_size=&#8221;medium&#8221; alignment=&#8221;center&#8221;][vc_column_text]<\/p>\n<p style=\"text-align: center;\">Vollst\u00e4ndige integration in das Dashboard<\/p>\n<p>[\/vc_column_text][vc_separator][\/vc_column][vc_column width=&#8221;1\/4&#8243;][\/vc_column][\/vc_row][vc_row][vc_column][vc_column_text]<\/p>\n<p style=\"text-align: center;\"><strong>ADAS Systeme integriert in Teq Multiplex und Fleet Management<\/strong><\/p>\n<p>[\/vc_column_text][vc_row_inner][vc_column_inner width=&#8221;1\/4&#8243;][vc_single_image image=&#8221;4691&#8243; img_size=&#8221;full&#8221; css=&#8221;.vc_custom_1561974788621{margin-right: 5px !important;margin-left: 5px !important;}&#8221;][vc_column_text]<\/p>\n<p style=\"text-align: center;\">Fussg\u00e4nger-und Fahrradfahrererkennung<\/p>\n<p>[\/vc_column_text][\/vc_column_inner][vc_column_inner width=&#8221;1\/4&#8243;][vc_single_image image=&#8221;4692&#8243; img_size=&#8221;full&#8221; css=&#8221;.vc_custom_1561974824216{margin-right: 5px !important;margin-left: 5px !important;}&#8221;][vc_column_text]<\/p>\n<p style=\"text-align: center;\">Frontale Kollisionswarnung<\/p>\n<p>[\/vc_column_text][\/vc_column_inner][vc_column_inner width=&#8221;1\/4&#8243;][vc_single_image image=&#8221;4693&#8243; img_size=&#8221;full&#8221; css=&#8221;.vc_custom_1561974872994{margin-right: 5px !important;margin-left: 5px !important;}&#8221;][vc_column_text]<\/p>\n<p style=\"text-align: center;\">Spurhaltewarnung<\/p>\n<p>[\/vc_column_text][\/vc_column_inner][vc_column_inner width=&#8221;1\/4&#8243;][vc_single_image image=&#8221;4694&#8243; img_size=&#8221;full&#8221; css=&#8221;.vc_custom_1561974907069{margin-right: 5px !important;margin-left: 5px !important;}&#8221;][vc_column_text]<\/p>\n<p style=\"text-align: center;\">Abstand\u00fcberwachung und -warnung<\/p>\n<p>[\/vc_column_text][\/vc_column_inner][\/vc_row_inner][vc_separator][\/vc_column][\/vc_row][vc_row content_placement=&#8221;middle&#8221;][vc_column width=&#8221;1\/4&#8243;][\/vc_column][vc_column width=&#8221;1\/2&#8243;][vc_column_text]<\/p>\n<h2 style=\"text-align: center;\"><a href=\"https:\/\/www.teq-automotive.com\/mobileye\">Mobileye Solutions<\/a><\/h2>\n<p>[\/vc_column_text][vc_single_image image=&#8221;5496&#8243; alignment=&#8221;center&#8221; onclick=&#8221;custom_link&#8221; css=&#8221;.vc_custom_1568722743635{padding-right: 10px !important;padding-left: 10px !important;}&#8221; link=&#8221;https:\/\/www.mobileye.com\/&#8221;][\/vc_column][vc_column width=&#8221;1\/4&#8243;][\/vc_column][\/vc_row]<\/p>\n","protected":false},"excerpt":{"rendered":"<p>[vc_row el_class=&#8221;test&#8221;][vc_column][vc_column_text][\/vc_column_text][\/vc_column][\/vc_row][vc_row][vc_column width=&#8221;1\/2&#8243;][vc_single_image image=&#8221;5526&#8243; img_size=&#8221;1984&#215;1120&#8243;][vc_separator][\/vc_column][vc_column width=&#8221;1\/2&#8243;][vc_single_image image=&#8221;5524&#8243; img_size=&#8221;full&#8221;][\/vc_column][\/vc_row][vc_row el_class=&#8221;test&#8221;][vc_column width=&#8221;1\/2&#8243;][vc_column_text] Advanced Driver Assistance Systems (ADAS) sind elektronische Systeme, die den Fahrer w\u00e4hrend der Fahrt helfen. Mit einer hochentwickelten Mensch-Maschine-Schnittstelle sorgen sie f\u00fcr erh\u00f6hte Sicherheit im Auto und im Verkehr. Frontale Kollisionswarnung Fussg\u00e4nger-und Fahrradfahrererkennung Totwinkel Warnung Spurhaltewarnung Abstand\u00fcberwachung und -warnung Geschwindigkeitsbegrenzungsanzeige Verkehrszeichenerkennun &nbsp; [\/vc_column_text][vc_separator][\/vc_column][vc_column width=&#8221;1\/2&#8243;][vc_single_image image=&#8221;4690&#8243; [&hellip;]<\/p>\n","protected":false},"author":3,"featured_media":0,"parent":5694,"menu_order":1,"comment_status":"closed","ping_status":"closed","template":"","meta":[],"_links":{"self":[{"href":"https:\/\/www.teq-automotive.com\/de\/wp-json\/wp\/v2\/pages\/5623"}],"collection":[{"href":"https:\/\/www.teq-automotive.com\/de\/wp-json\/wp\/v2\/pages"}],"about":[{"href":"https:\/\/www.teq-automotive.com\/de\/wp-json\/wp\/v2\/types\/page"}],"author":[{"embeddable":true,"href":"https:\/\/www.teq-automotive.com\/de\/wp-json\/wp\/v2\/users\/3"}],"replies":[{"embeddable":true,"href":"https:\/\/www.teq-automotive.com\/de\/wp-json\/wp\/v2\/comments?post=5623"}],"version-history":[{"count":55,"href":"https:\/\/www.teq-automotive.com\/de\/wp-json\/wp\/v2\/pages\/5623\/revisions"}],"predecessor-version":[{"id":6913,"href":"https:\/\/www.teq-automotive.com\/de\/wp-json\/wp\/v2\/pages\/5623\/revisions\/6913"}],"up":[{"embeddable":true,"href":"https:\/\/www.teq-automotive.com\/de\/wp-json\/wp\/v2\/pages\/5694"}],"wp:attachment":[{"href":"https:\/\/www.teq-automotive.com\/de\/wp-json\/wp\/v2\/media?parent=5623"}],"curies":[{"name":"wp","href":"https:\/\/api.w.org\/{rel}","templated":true}]}}