{"id":5627,"date":"2019-07-01T12:03:14","date_gmt":"2019-07-01T10:03:14","guid":{"rendered":"https:\/\/www.teq-automotive.com\/adicom\/"},"modified":"2020-05-29T08:58:27","modified_gmt":"2020-05-29T06:58:27","slug":"adicom","status":"publish","type":"page","link":"https:\/\/www.teq-automotive.com\/de\/loesungen\/adicom\/","title":{"rendered":"ADICOM"},"content":{"rendered":"<p>[vc_row el_class=&#8221;test&#8221;][vc_column]\t\t<div class=\"wd-heading text-left  text-left\" >\r\n\t\t\t\r\n\t\t\t\t\r\n\t\t\t\t<h3 style=\"margin:0;font-family:;font-weight:400;color:#111111;\" >\r\n\t\t\t\t\tADICOM - Automotive Multiplex System\t\t\t\t<\/h3>\r\n\r\n\t\t\t\t\r\n\t\t\t\t<h4 style=\"font-family:;font-weight:400;\" >\r\n\t\t\t\t\t\t\t\t\t<\/h4>\r\n\r\n\t\t\t\t\r\n\t\t\t\t\t<\/div>\r\n\r\n\t\t[vc_column_text]<\/p>\n<div class=\"default-text-block\">\n<p>Systemmerkmale, Eigenschaften und Vorteile:<\/p>\n<ul>\n<li>Vollst\u00e4ndig vom Hersteller programmierbar.<\/li>\n<li>Bessere Leistung dank der M\u00f6glichkeit, eine Reihe von automatischen Steuerungsvorg\u00e4ngen durchzuf\u00fchren.<\/li>\n<li>Starke Verk\u00fcrzung der Montagezeit des elektrischen Systems dank einer geringeren Anzahl von Anschl\u00fcssen, Kabeln, Sicherungen, Relais, intermittierenden Modulen usw.<\/li>\n<li>Die Verwendung des Fahrzeugs ist auf die Herstellerspezifikationen beschr\u00e4nkt.<\/li>\n<li>Black Box zur Erfassung von Anomalien, Betriebszustand und allen notwendigen Daten.<\/li>\n<li>Dashboard-Optimierung dank einer grafischen Anzeige, die Informationen liefern und Instrumente und Warnleuchten teilweise oder vollst\u00e4ndig ersetzen kann.<\/li>\n<li>Enth\u00e4lt Diagnosefunktionen, die eine einfache und schnelle Analyse und Reparatur von Fahrzeugst\u00f6rungen erm\u00f6glichen.<\/li>\n<li>Integriert in das Flottenmanagementsystem TeqMonitoring \u00ae enth\u00e4lt es einen Satelliten-GPS-Lokalisierer mit GSM- und HSDPA \/ LTE-Konnektivit\u00e4t f\u00fcr die Ferndiagnose und Flotten\u00fcberwachung.<\/li>\n<li>Erweiterte Fahrerassistenzsysteme (ADAS)<\/li>\n<li>ITxPT-Dienste: FMStoIP, VEHICLEtoIP, MADT<\/li>\n<li>Smart Key: passiver Einstieg &amp; passiver Start<\/li>\n<\/ul>\n<\/div>\n<p>[\/vc_column_text][\/vc_column][\/vc_row][vc_row][vc_column width=&#8221;1\/2&#8243;][vc_single_image image=&#8221;4699&#8243; img_size=&#8221;420&#215;270&#8243; alignment=&#8221;center&#8221;][vc_column_text]<\/p>\n<p style=\"text-align: center;\"><strong>VDV Dashboard mit ADAS und ITxPT MADT<\/strong><\/p>\n<p>\u00a0[\/vc_column_text][\/vc_column][vc_column width=&#8221;1\/2&#8243; css=&#8221;.vc_custom_1463411390237{padding-left: 30px !important;}&#8221;][vc_single_image image=&#8221;4700&#8243; img_size=&#8221;420&#215;270&#8243; alignment=&#8221;center&#8221;][vc_column_text]<\/p>\n<p style=\"text-align: center;\"><strong>12.3 Display mit ADAS<\/strong><\/p>\n<p>\u00a0[\/vc_column_text][\/vc_column][\/vc_row][vc_row el_class=&#8221;test&#8221;][vc_column][vc_column_text]Das ADICOM-System reduziert die Anzahl der elektrischen Verbindungen und verbessert die Zuverl\u00e4ssigkeit und Leistung. Dank der unabh\u00e4ngigen Intelligenz seiner Steuereinheiten ist es m\u00f6glich, Entscheidungen zu dezentralisieren. Ein einziges Kabel bringt die notwendigen Informationen zu den Steuerger\u00e4ten in den verschiedenen Fahrzeugteilen.<\/p>\n<p>Die st\u00e4ndige Notwendigkeit, die Leistung und Steuerung an Bord zu verbessern, hat zu einer erheblichen Zunahme der Anzahl elektrischer Kabel gef\u00fchrt. In einem modernen Auto erreicht die Gesamtl\u00e4nge der verwendeten Kabel leicht insgesamt 4000 Meter und ihr Gewicht \u00fcbersteigt h\u00e4ufig 100 kg. Wenn man bedenkt, dass die Anzahl der Verbindungen zwischen 1000 und 3000 liegt, wird das Problem wirklich leicht zu verstehen.<\/p>\n<p>Diese Situation brachte die Notwendigkeit mit sich, etwas Neues zu schaffen: Anstatt ein Kabel f\u00fcr jede Funktion zu verwenden, bestand die Idee darin, elektronische Steuerger\u00e4te zu verwenden, die diese Funktionen zusammenfassen k\u00f6nnen, und eine einzige Leitung zu verwenden, um alle Steuerger\u00e4te miteinander zu verbinden. Dieses Ergebnis war die Schaffung eines Netzwerks, das als &#8220;Multiplex-Netzwerk&#8221; bezeichnet wird und in dem alle Informationen, Daten und Steuerelemente sehr schnell hintereinander auf einer einzigen gemeinsamen Leitung \u00fcbertragen werden. Die \u00dcbertragung erfolgt seriell, alle Informationen werden von den elektronischen Steuerger\u00e4ten in einer Reihe von &#8216;0&#8217; und &#8216;1&#8217; codiert und nacheinander \u00fcber ein einziges Kabel \u00fcbertragen. Dies ergibt ein &#8220;Netz&#8221;, aus dem alle angeschlossenen Einheiten Informationen ziehen k\u00f6nnen.<\/p>\n<p>Das Kommunikationsprotokoll zwischen den Steuereinheiten dieses Netzes, auch &#8220;elektronischer Bus&#8221; genannt, wurde von BOSCH speziell f\u00fcr Automobilanwendungen entwickelt. Dieses Protokoll hei\u00dft CAN (Controller Area Network) und ist mittlerweile zum Standard geworden. Die gro\u00dfen Hersteller von elektronischen Bauteilen haben es bereits in ihren Mikroprozessoren implementiert.<\/p>\n<p>Dank dieser neuen Technologie, die zu dem Know-how unserer Techniker seit 1986 (Jahr unserer ersten Anwendung auf dem Gebiet der elektronischen Fahrzeugverwaltung) hinzukommt, haben wir ADICOM entwickelt, ein modulares System, das nicht nur das gesamte traditionelle System ersetzen kann elektrische Anlage, aber auch um jene besonderen Funktionen auszuf\u00fchren, die normalerweise von der Elektronik ausgef\u00fchrt werden, sich aber kaum in den Rest der Anlage integrieren lassen.[\/vc_column_text][\/vc_column][\/vc_row][vc_row][vc_column][vc_single_image image=&#8221;4701&#8243; img_size=&#8221;full&#8221; alignment=&#8221;center&#8221;][\/vc_column][\/vc_row][vc_row el_class=&#8221;test&#8221;][vc_column][vc_column_text]Ein praktisches Beispiel: Das Armaturenbrett eines Fahrzeugs muss alle Instrumente, Warnleuchten und Bedienelemente enthalten, die f\u00fcr die normale Verwaltung von Motor, Beleuchtung und Klimaanlage erforderlich sind. Wenn zus\u00e4tzlich zu diesen auch diejenigen enthalten sein sollten, die f\u00fcr alle besonderen Funktionen eines bestimmten Fahrzeugs erforderlich sind, wird die Anzahl der Kabel des blo\u00dfen Armaturenbretts kaum unter 50 liegen und die hohe Anzahl von Instrumenten wird eine so gro\u00dfe Oberfl\u00e4che ben\u00f6tigen dass es f\u00fcr den Bediener wirklich schwierig w\u00e4re, die volle Kontrolle dar\u00fcber zu haben. Im Gegensatz dazu wird beim ADICOM-System das Armaturenbrett von einer elektronischen Steuereinheit verwaltet und die Verbindung mit dem Rest der gesamten Anlage erfolgt \u00fcber ein einziges Kabel. Dank eines zus\u00e4tzlichen Grafikdisplays, mit dem Instrumente &#8220;gezeichnet&#8221; werden k\u00f6nnen, ist es m\u00f6glich, die herk\u00f6mmliche Ausr\u00fcstung teilweise oder vollst\u00e4ndig auszutauschen, und der Bediener kann daher den Fahrzeugzustand &#8220;auf einen Blick&#8221; \u00fcberblicken. Einige Instrumente k\u00f6nnen nur bei Bedarf oder beim Einf\u00fcgen einer bestimmten Funktion oder im Alarmfall angezeigt werden. Das System enth\u00e4lt auch eine Selbstdiagnose, mit der es m\u00f6glich ist, die korrekte Funktion aller seiner eigenen Elemente zu \u00fcberwachen und im Falle eines Ausfalls die auszutauschende Komponente sofort zu erkennen.<\/p>\n<p>Um eine unangemessene Verwendung zu verhindern, die zu Br\u00fcchen f\u00fchren oder deren ordnungsgem\u00e4\u00dfe Funktion nicht gew\u00e4hrleisten kann, kann das ADICOM-System so eingerichtet werden, dass seine Verwendung auf die vom Hersteller festgelegten Parameter beschr\u00e4nkt wird. Dar\u00fcber hinaus sind alle unsere Systeme mit einer &#8220;Black Box&#8221; ausgestattet, einem Ger\u00e4t, das jede Anomalie des Fahrzeugs chronologisch aufzeichnet und es sowohl dem Wartungspersonal als auch dem Hersteller (in diesem Fall aus Gr\u00fcnden der Garantieanwendung) erm\u00f6glicht, die Diagnose zu einem sp\u00e4teren Zeitpunkt durchzuf\u00fchren .<\/p>\n<p>Immer im Hinblick auf die Selbstdiagnose und mit dem Ziel, menschliche Eingriffe auf ein Minimum zu reduzieren, versorgen die Steuerger\u00e4te des ADICOM-Systems nicht nur die Aktuatoren (Gl\u00fchlampen, Ventile usw.) direkt mit Spannung, sondern pr\u00fcfen auch, ob nein \u00dcberlastungen oder Kurzschl\u00fcsse treten auf und erm\u00f6glichen die Reduzierung des Kabelvolumens und die Beseitigung von Sicherungen und Relais.<\/p>\n<p>Das Anwendungsfeld dieses Systems ist sehr breit; Unsere Anwendungen reichen von einfachsten Fahrzeugen bis hin zu Kr\u00e4nen, Hebeeinheiten, Schneemobilen, Booten und vollautomatischen Fahrzeugen, die vollst\u00e4ndig von unseren Steuerger\u00e4ten verwaltet werden und f\u00fcr die der Bediener bei Bedarf seine Befehle bequem am Schreibtisch ausf\u00fchren kann.<\/p>\n<p><a href=\"https:\/\/www.teq-automotive.com\/de\/automobilprodukte\/\">ADICOM Products<\/a>[\/vc_column_text][\/vc_column][\/vc_row]<\/p>\n","protected":false},"excerpt":{"rendered":"<p>[vc_row el_class=&#8221;test&#8221;][vc_column][vc_column_text] Systemmerkmale, Eigenschaften und Vorteile: Vollst\u00e4ndig vom Hersteller programmierbar. Bessere Leistung dank der M\u00f6glichkeit, eine Reihe von automatischen Steuerungsvorg\u00e4ngen durchzuf\u00fchren. Starke Verk\u00fcrzung der Montagezeit des elektrischen Systems dank einer geringeren Anzahl von Anschl\u00fcssen, Kabeln, Sicherungen, Relais, intermittierenden Modulen usw. Die Verwendung des Fahrzeugs ist auf die Herstellerspezifikationen beschr\u00e4nkt. Black Box zur Erfassung von Anomalien, [&hellip;]<\/p>\n","protected":false},"author":3,"featured_media":0,"parent":5694,"menu_order":0,"comment_status":"closed","ping_status":"closed","template":"","meta":[],"_links":{"self":[{"href":"https:\/\/www.teq-automotive.com\/de\/wp-json\/wp\/v2\/pages\/5627"}],"collection":[{"href":"https:\/\/www.teq-automotive.com\/de\/wp-json\/wp\/v2\/pages"}],"about":[{"href":"https:\/\/www.teq-automotive.com\/de\/wp-json\/wp\/v2\/types\/page"}],"author":[{"embeddable":true,"href":"https:\/\/www.teq-automotive.com\/de\/wp-json\/wp\/v2\/users\/3"}],"replies":[{"embeddable":true,"href":"https:\/\/www.teq-automotive.com\/de\/wp-json\/wp\/v2\/comments?post=5627"}],"version-history":[{"count":13,"href":"https:\/\/www.teq-automotive.com\/de\/wp-json\/wp\/v2\/pages\/5627\/revisions"}],"predecessor-version":[{"id":6999,"href":"https:\/\/www.teq-automotive.com\/de\/wp-json\/wp\/v2\/pages\/5627\/revisions\/6999"}],"up":[{"embeddable":true,"href":"https:\/\/www.teq-automotive.com\/de\/wp-json\/wp\/v2\/pages\/5694"}],"wp:attachment":[{"href":"https:\/\/www.teq-automotive.com\/de\/wp-json\/wp\/v2\/media?parent=5627"}],"curies":[{"name":"wp","href":"https:\/\/api.w.org\/{rel}","templated":true}]}}