{"id":5635,"date":"2019-07-01T13:58:13","date_gmt":"2019-07-01T11:58:13","guid":{"rendered":"https:\/\/www.teq-automotive.com\/automation\/"},"modified":"2020-05-27T14:55:46","modified_gmt":"2020-05-27T12:55:46","slug":"automatisierung","status":"publish","type":"page","link":"https:\/\/www.teq-automotive.com\/de\/automatisierung\/","title":{"rendered":"Automatisierung"},"content":{"rendered":"<p>[vc_row][vc_column]\t\t<div class=\"wd-heading text-left  \" >\r\n\t\t\t\r\n\t\t\t\t\r\n\t\t\t\t<h3 style=\"margin:0;font-family:;font-weight:400;\" >\r\n\t\t\t\t\tAutomatisierung\t\t\t\t<\/h3>\r\n\r\n\t\t\t\t\r\n\t\t\t\t<h4 style=\"font-family:;font-weight:400;\" >\r\n\t\t\t\t\t\t\t\t\t<\/h4>\r\n\r\n\t\t\t\t\r\n\t\t\t\t\t<\/div>\r\n\r\n\t\t[vc_column_text]TEQ entwickelt ma\u00dfgeschneiderte L\u00f6sungen f\u00fcr Unternehmen, die fortschrittliche Elektronik ben\u00f6tigen, die kommerzielle Standardprodukte nicht erf\u00fcllen k\u00f6nnen. Unsere modularen L\u00f6sungen bieten eine breite Palette von Diagnosefunktionen und eine hohe Zuverl\u00e4ssigkeit.<\/p>\n<p>&nbsp;<\/p>\n<p>Ein Beispiel f\u00fcr eine pharmazeutische Sterilisatoranwendung:<\/p>\n<p>TEQ realisierte ein System, das aus einem Hauptmodul und mehreren anderen Modulen f\u00fcr einzelne Funktionen besteht. Das Hauptmodul verwaltet Programme, Zyklen, Phasen, Konfigurationen und Alarme. Einzelne spezifische Module verwalten T\u00fcren, Dampferzeuger, pneumatische Ventile, analoge und 230-V-Ausg\u00e4nge.[\/vc_column_text][vc_row_inner][vc_column_inner width=&#8221;1\/3&#8243;][vc_single_image image=&#8221;4705&#8243; img_size=&#8221;full&#8221; alignment=&#8221;center&#8221; css=&#8221;.vc_custom_1561982078162{margin-right: 10px !important;}&#8221;][\/vc_column_inner][vc_column_inner width=&#8221;1\/3&#8243;][vc_single_image image=&#8221;4706&#8243; img_size=&#8221;full&#8221; alignment=&#8221;center&#8221; css=&#8221;.vc_custom_1561982153960{margin-right: 10px !important;margin-left: 10px !important;}&#8221;][\/vc_column_inner][vc_column_inner width=&#8221;1\/3&#8243;][vc_single_image image=&#8221;4707&#8243; img_size=&#8221;full&#8221; alignment=&#8221;center&#8221; css=&#8221;.vc_custom_1561982276076{margin-left: 10px !important;}&#8221;][\/vc_column_inner][\/vc_row_inner][\/vc_column][\/vc_row]<\/p>\n","protected":false},"excerpt":{"rendered":"<p>[vc_row][vc_column][vc_column_text]TEQ entwickelt ma\u00dfgeschneiderte L\u00f6sungen f\u00fcr Unternehmen, die fortschrittliche Elektronik ben\u00f6tigen, die kommerzielle Standardprodukte nicht erf\u00fcllen k\u00f6nnen. Unsere modularen L\u00f6sungen bieten eine breite Palette von Diagnosefunktionen und eine hohe Zuverl\u00e4ssigkeit. &nbsp; Ein Beispiel f\u00fcr eine pharmazeutische Sterilisatoranwendung: TEQ realisierte ein System, das aus einem Hauptmodul und mehreren anderen Modulen f\u00fcr einzelne Funktionen besteht. Das Hauptmodul verwaltet [&hellip;]<\/p>\n","protected":false},"author":3,"featured_media":0,"parent":0,"menu_order":7,"comment_status":"closed","ping_status":"closed","template":"","meta":[],"_links":{"self":[{"href":"https:\/\/www.teq-automotive.com\/de\/wp-json\/wp\/v2\/pages\/5635"}],"collection":[{"href":"https:\/\/www.teq-automotive.com\/de\/wp-json\/wp\/v2\/pages"}],"about":[{"href":"https:\/\/www.teq-automotive.com\/de\/wp-json\/wp\/v2\/types\/page"}],"author":[{"embeddable":true,"href":"https:\/\/www.teq-automotive.com\/de\/wp-json\/wp\/v2\/users\/3"}],"replies":[{"embeddable":true,"href":"https:\/\/www.teq-automotive.com\/de\/wp-json\/wp\/v2\/comments?post=5635"}],"version-history":[{"count":4,"href":"https:\/\/www.teq-automotive.com\/de\/wp-json\/wp\/v2\/pages\/5635\/revisions"}],"predecessor-version":[{"id":6940,"href":"https:\/\/www.teq-automotive.com\/de\/wp-json\/wp\/v2\/pages\/5635\/revisions\/6940"}],"wp:attachment":[{"href":"https:\/\/www.teq-automotive.com\/de\/wp-json\/wp\/v2\/media?parent=5635"}],"curies":[{"name":"wp","href":"https:\/\/api.w.org\/{rel}","templated":true}]}}