{"id":5655,"date":"2019-07-01T14:46:15","date_gmt":"2019-07-01T12:46:15","guid":{"rendered":"https:\/\/www.teq-automotive.com\/fleet-management\/"},"modified":"2020-05-27T14:16:11","modified_gmt":"2020-05-27T12:16:11","slug":"flottenmanagement","status":"publish","type":"page","link":"https:\/\/www.teq-automotive.com\/de\/loesungen\/flottenmanagement\/","title":{"rendered":"Flottenmanagement"},"content":{"rendered":"<p>[vc_row][vc_column]\t\t<div class=\"wd-heading text-left  text-left\" >\r\n\t\t\t\r\n\t\t\t\t\r\n\t\t\t\t<h3 style=\"margin:0;font-family:;font-weight:400;color:#1e73be;\" >\r\n\t\t\t\t\tTeqMonitoring\t\t\t\t<\/h3>\r\n\r\n\t\t\t\t\r\n\t\t\t\t<h4 style=\"font-family:;font-weight:400;\" >\r\n\t\t\t\t\t\t\t\t\t<\/h4>\r\n\r\n\t\t\t\t\r\n\t\t\t\t\t<\/div>\r\n\r\n\t\t[vc_single_image image=&#8221;4744&#8243; img_size=&#8221;full&#8221;][vc_column_text]<strong>Die anpassbare L\u00f6sung f\u00fcr das Flottenmanagement<\/strong><\/p>\n<p>Zu erfassende Daten, aufzuzeichnende Ereignisse, Erfassungsintervalle und \u00dcbertragungsmodus k\u00f6nnen vom Benutzer frei angepasst werden. Der Datenverlauf ist jederzeit verf\u00fcgbar und kann ohne zus\u00e4tzliche Kosten angezeigt werden.<\/p>\n<p><strong>Aktivierung der Alarmweiterleitungsverfahren, E-Mail-Benachrichtigungen<\/strong><\/p>\n<p>Alle an Bord erkannten Daten k\u00f6nnen konfiguriert werden, um eine automatische Prozedur zu aktivieren: Beispielsweise kann ein Ereignis so eingestellt werden, dass E-Mails gesendet werden, und ein anderes, um die Rechnungsdaten f\u00fcr das ERP-System des Unternehmens freizugeben.<\/p>\n<p><strong>Fahrzeugdiagnosedatenerfassung<\/strong><\/p>\n<p>\u00dcber Fahrzeugschnittstellen (OBD, FMS, CAN) kann ein Fahrzeug aus der Ferne \u00fcberpr\u00fcft werden, um die normalen und au\u00dfergew\u00f6hnlichen Wartungsarbeiten besser planen zu k\u00f6nnen.<\/p>\n<p><strong>Freisprechmodus<\/strong><\/p>\n<p>Der Bordcomputer kann als Freisprecheinrichtung verwendet werden: Je nach Konfiguration kann eine SIM-Karte direkt gelesen oder der Bordcomputer \u00fcber die Bluetooth\u00ae-Funktion mit Ihrem Mobiltelefon gekoppelt werden.<\/p>\n<p><strong>\u00dcberwachung der Fahrstunden und Arbeitsaktivit\u00e4ten<\/strong><\/p>\n<p>Das System erm\u00f6glicht die Erfassung der Daten zu Fahr- und Arbeitsstunden direkt am Fahrtenschreiber und die Erstellung von Ad-hoc-Ereignissen, um benutzerdefinierte Statistiken zu erhalten.<\/p>\n<p><strong>Abschlussbericht, vergleichende Analyse und Routenabweichungen<\/strong><\/p>\n<p>Detaillierte Berichte zum Vergleich der geplanten Aktivit\u00e4ten mit den tats\u00e4chlich durchgef\u00fchrten Aktivit\u00e4ten, grafische und tabellarische Darstellungen der laufenden Aktivit\u00e4ten sowie Visualisierung des abgeschlossenen Prozentsatzes.<\/p>\n<p><strong>Freie Wahl \u00fcber Ihre Datenverwaltung &#8211; firmeninterner Server oder TEQ Datacenter<\/strong><\/p>\n<p>TEQMonitoring\u00ae kann auf dem internen Server installiert oder als Service \u00fcber das professionelle TEQ-Datencenter bereitgestellt werden.<\/p>\n<p><strong>Freie Wahl zwischen Kauf oder Jahresabonnement<\/strong><\/p>\n<p>Volle Kostentransparenz: Der Bordcomputer kann gekauft oder \u00fcber einen Mietvertrag gemietet werden<\/p>\n<p><strong>Integration in unternehmensinformatisch bestehende Systeme<\/strong><\/p>\n<p>Die Anwendungen zur Steigerung der Arbeitseffizienz m\u00fcssen in externe Systeme integriert werden: Unsere Software f\u00fcr das Betriebszentrum und der Bordcomputer wurden vollst\u00e4ndig von TEQ entwickelt, sodass sowohl das Bord- als auch das B\u00fcrosystem an die spezifischen Kundenanforderungen angepasst werden k\u00f6nnen.<\/p>\n<p><strong><a href=\"https:\/\/www.teq-automotive.com\/de\/loesungen\/bus-sapiens\/\">Flottenmanagement f\u00fcr den \u00f6ffentlichen Verkehr<\/a><\/strong>[\/vc_column_text][vc_separator border_width=&#8221;5&#8243;][\/vc_column][\/vc_row]<\/p>\n","protected":false},"excerpt":{"rendered":"<p>[vc_row][vc_column][vc_single_image image=&#8221;4744&#8243; img_size=&#8221;full&#8221;][vc_column_text]Die anpassbare L\u00f6sung f\u00fcr das Flottenmanagement Zu erfassende Daten, aufzuzeichnende Ereignisse, Erfassungsintervalle und \u00dcbertragungsmodus k\u00f6nnen vom Benutzer frei angepasst werden. Der Datenverlauf ist jederzeit verf\u00fcgbar und kann ohne zus\u00e4tzliche Kosten angezeigt werden. Aktivierung der Alarmweiterleitungsverfahren, E-Mail-Benachrichtigungen Alle an Bord erkannten Daten k\u00f6nnen konfiguriert werden, um eine automatische Prozedur zu aktivieren: Beispielsweise kann ein [&hellip;]<\/p>\n","protected":false},"author":3,"featured_media":0,"parent":5694,"menu_order":6,"comment_status":"closed","ping_status":"closed","template":"","meta":[],"_links":{"self":[{"href":"https:\/\/www.teq-automotive.com\/de\/wp-json\/wp\/v2\/pages\/5655"}],"collection":[{"href":"https:\/\/www.teq-automotive.com\/de\/wp-json\/wp\/v2\/pages"}],"about":[{"href":"https:\/\/www.teq-automotive.com\/de\/wp-json\/wp\/v2\/types\/page"}],"author":[{"embeddable":true,"href":"https:\/\/www.teq-automotive.com\/de\/wp-json\/wp\/v2\/users\/3"}],"replies":[{"embeddable":true,"href":"https:\/\/www.teq-automotive.com\/de\/wp-json\/wp\/v2\/comments?post=5655"}],"version-history":[{"count":5,"href":"https:\/\/www.teq-automotive.com\/de\/wp-json\/wp\/v2\/pages\/5655\/revisions"}],"predecessor-version":[{"id":6915,"href":"https:\/\/www.teq-automotive.com\/de\/wp-json\/wp\/v2\/pages\/5655\/revisions\/6915"}],"up":[{"embeddable":true,"href":"https:\/\/www.teq-automotive.com\/de\/wp-json\/wp\/v2\/pages\/5694"}],"wp:attachment":[{"href":"https:\/\/www.teq-automotive.com\/de\/wp-json\/wp\/v2\/media?parent=5655"}],"curies":[{"name":"wp","href":"https:\/\/api.w.org\/{rel}","templated":true}]}}