{"id":5691,"date":"2019-07-01T14:59:08","date_gmt":"2019-07-01T12:59:08","guid":{"rendered":"https:\/\/www.teq-automotive.com\/smart-key\/"},"modified":"2020-05-27T14:36:56","modified_gmt":"2020-05-27T12:36:56","slug":"smart-key","status":"publish","type":"page","link":"https:\/\/www.teq-automotive.com\/de\/loesungen\/smart-key\/","title":{"rendered":"Smart Key"},"content":{"rendered":"<p>[vc_row][vc_column]\t\t<div class=\"wd-heading text-left  text-left\" >\r\n\t\t\t\r\n\t\t\t\t\r\n\t\t\t\t<h3 style=\"margin:0;font-family:;font-weight:400;color:#111111;\" >\r\n\t\t\t\t\tSMART KEY SYSTEM - Passiver Eintrag &amp; Passiver Start\t\t\t\t<\/h3>\r\n\r\n\t\t\t\t\r\n\t\t\t\t<h4 style=\"font-family:;font-weight:400;\" >\r\n\t\t\t\t\t\t\t\t\t<\/h4>\r\n\r\n\t\t\t\t\r\n\t\t\t\t\t<\/div>\r\n\r\n\t\t[vc_column_text]<\/p>\n<div class=\"default-text-block\">\n<p>Systemmerkmale:<\/p>\n<ul>\n<li>Erkennt den FOB in der N\u00e4he des Fahrzeugs.<\/li>\n<li>Erkennt den Bereich au\u00dferhalb des Fahrzeugs, in dem sich der FOB befindet.<\/li>\n<li>Aktiviert das Verriegeln \/ Entriegeln einer einzelnen T\u00fcr oder aller T\u00fcren.<\/li>\n<li>Erkennt den FOB im Fahrzeug in der N\u00e4he des Fahrersitzes.<\/li>\n<li>Kommuniziert mit dem Wegfahrsperrensystem (CAN-Schnittstelle).<\/li>\n<li>Verwaltet die START \/ STOP-Taste.<\/li>\n<li>\u00dcbertr\u00e4gt den Batteriestand von FOB auf das Fahrzeug.<\/li>\n<li>Schnittstelle zu GSM f\u00fcr Smartphones.<\/li>\n<li>Grundlegende Alarmfunktionen.<\/li>\n<li>Integriert in das Flottenmanagementsystem TeqMonitoring \u00ae enth\u00e4lt es einen Satelliten-GPS-Lokalisierer mit GSM- und HSDPA \/ LTE-Konnektivit\u00e4t f\u00fcr die Ferndiagnose und Flotten\u00fcberwachung.<\/li>\n<\/ul>\n<\/div>\n<p>&nbsp;[\/vc_column_text][\/vc_column][\/vc_row][vc_row][vc_column width=&#8221;1\/2&#8243;][vc_single_image image=&#8221;4754&#8243; img_size=&#8221;420&#215;270&#8243; title=&#8221;FOB&#8221;][\/vc_column][vc_column width=&#8221;1\/2&#8243; css=&#8221;.vc_custom_1463411390237{padding-left: 30px !important;}&#8221;][vc_single_image image=&#8221;4755&#8243; img_size=&#8221;420&#215;270&#8243; title=&#8221;Klinge im FOB integriert&#8221;][\/vc_column][\/vc_row]<\/p>\n","protected":false},"excerpt":{"rendered":"<p>[vc_row][vc_column][vc_column_text] Systemmerkmale: Erkennt den FOB in der N\u00e4he des Fahrzeugs. Erkennt den Bereich au\u00dferhalb des Fahrzeugs, in dem sich der FOB befindet. Aktiviert das Verriegeln \/ Entriegeln einer einzelnen T\u00fcr oder aller T\u00fcren. Erkennt den FOB im Fahrzeug in der N\u00e4he des Fahrersitzes. Kommuniziert mit dem Wegfahrsperrensystem (CAN-Schnittstelle). Verwaltet die START \/ STOP-Taste. \u00dcbertr\u00e4gt den [&hellip;]<\/p>\n","protected":false},"author":3,"featured_media":0,"parent":5694,"menu_order":8,"comment_status":"closed","ping_status":"closed","template":"","meta":[],"_links":{"self":[{"href":"https:\/\/www.teq-automotive.com\/de\/wp-json\/wp\/v2\/pages\/5691"}],"collection":[{"href":"https:\/\/www.teq-automotive.com\/de\/wp-json\/wp\/v2\/pages"}],"about":[{"href":"https:\/\/www.teq-automotive.com\/de\/wp-json\/wp\/v2\/types\/page"}],"author":[{"embeddable":true,"href":"https:\/\/www.teq-automotive.com\/de\/wp-json\/wp\/v2\/users\/3"}],"replies":[{"embeddable":true,"href":"https:\/\/www.teq-automotive.com\/de\/wp-json\/wp\/v2\/comments?post=5691"}],"version-history":[{"count":7,"href":"https:\/\/www.teq-automotive.com\/de\/wp-json\/wp\/v2\/pages\/5691\/revisions"}],"predecessor-version":[{"id":6931,"href":"https:\/\/www.teq-automotive.com\/de\/wp-json\/wp\/v2\/pages\/5691\/revisions\/6931"}],"up":[{"embeddable":true,"href":"https:\/\/www.teq-automotive.com\/de\/wp-json\/wp\/v2\/pages\/5694"}],"wp:attachment":[{"href":"https:\/\/www.teq-automotive.com\/de\/wp-json\/wp\/v2\/media?parent=5691"}],"curies":[{"name":"wp","href":"https:\/\/api.w.org\/{rel}","templated":true}]}}