{"id":5694,"date":"2019-07-01T15:10:48","date_gmt":"2019-07-01T13:10:48","guid":{"rendered":"https:\/\/www.teq-automotive.com\/solutions\/"},"modified":"2022-05-23T14:05:13","modified_gmt":"2022-05-23T12:05:13","slug":"loesungen","status":"publish","type":"page","link":"https:\/\/www.teq-automotive.com\/de\/loesungen\/","title":{"rendered":"L\u00f6sungen"},"content":{"rendered":"<p>[vc_row css=&#8221;.vc_custom_1463954640353{padding-right: 20px !important;padding-left: 20px !important;}&#8221;][vc_column]\t\t<div class=\"wd-heading text-center  \" >\r\n\t\t\t\r\n\t\t\t\t\r\n\t\t\t\t<h2 style=\"margin:0;font-family:;font-weight:400;color:#333333;\" >\r\n\t\t\t\t\tUnsere L\u00f6sungen\t\t\t\t<\/h2>\r\n\r\n\t\t\t\t\r\n\t\t\t\t<h4 style=\"font-family:;font-weight:400;color:#ffffff;\" >\r\n\t\t\t\t\t\t\t\t\t<\/h4>\r\n\r\n\t\t\t\t\r\n\t\t\t\t\t<\/div>\r\n\r\n\t\t\r\n\r\n<div class=\"wd_empty_space\" data-heightmobile=\"20\" data-heighttablet=\"25\" data-heightdesktop=\"25\">\r\n\r\n<\/div>\r\n      \r\n\r\n\r\n\r\n        \r\n      \r\n    [vc_row_inner gap=&#8221;20&#8243; el_class=&#8221;test&#8221;][vc_column_inner width=&#8221;1\/3&#8243;][vc_single_image image=&#8221;4759&#8243; img_size=&#8221;full&#8221;][vc_column_text]<\/p>\n<h3><a href=\"https:\/\/www.teq-automotive.com\/adicom\/\">ADICOM<\/a><\/h3>\n<p>Multiplexsysteme, Dashboards, Displays, Steuerger\u00e4te, ADAS, Blackboxes[\/vc_column_text][\/vc_column_inner][vc_column_inner width=&#8221;1\/3&#8243;][vc_single_image image=&#8221;8184&#8243; img_size=&#8221;full&#8221; style=&#8221;vc_box_shadow&#8221;][vc_column_text]<\/p>\n<h3><a href=\"https:\/\/www.teq-automotive.com\/de\/loesungen\/ccs-combined-charging-system\/\">CCS<\/a><\/h3>\n<p>CCS Combined Charging System[\/vc_column_text][\/vc_column_inner][vc_column_inner width=&#8221;1\/3&#8243;][vc_single_image image=&#8221;4761&#8243; img_size=&#8221;full&#8221;][vc_column_text]<\/p>\n<h3 class=\"wd-title-element\"><a href=\"https:\/\/www.teq-automotive.com\/gpd\">GPD-Gasschutzger\u00e4t<\/a><\/h3>\n<p>Steuerung von Gaslecksensoren und Elektroventilen.[\/vc_column_text][\/vc_column_inner][\/vc_row_inner][vc_row_inner gap=&#8221;20&#8243; el_class=&#8221;test&#8221;][vc_column_inner width=&#8221;1\/3&#8243;][vc_single_image image=&#8221;4760&#8243; img_size=&#8221;full&#8221;][vc_column_text]<\/p>\n<h3><a href=\"https:\/\/www.teq-automotive.com\/de\/loesungen\/smart-key\/\">Smart Key<\/a><\/h3>\n<p>Passive Entry- und Passive Start-Systeme[\/vc_column_text][\/vc_column_inner][vc_column_inner width=&#8221;1\/3&#8243;][vc_single_image image=&#8221;4762&#8243; img_size=&#8221;1000&#215;667&#8243;][vc_column_text]<\/p>\n<h3 class=\"wd-title-element\"><a href=\"https:\/\/www.teq-automotive.com\/de\/loesungen\/flottenmanagement\/\">TEQMonitoring\u00ae<\/a><\/h3>\n<p>Satellitenl\u00f6sung f\u00fcr das Flottenmanagement.[\/vc_column_text][\/vc_column_inner][vc_column_inner width=&#8221;1\/3&#8243;][vc_single_image image=&#8221;4763&#8243; img_size=&#8221;full&#8221;][vc_column_text]<\/p>\n<h3 class=\"wd-title-element\"><a href=\"https:\/\/www.teq-automotive.com\/de\/loesungen\/bus-sapiens\/\">Bus Sapiens\u00ae<\/a><\/h3>\n<p>\u00d6ffentlicher Verkehr: Telematikl\u00f6sungen f\u00fcr das Management eines integrierten Verkehrssystems.[\/vc_column_text][\/vc_column_inner][\/vc_row_inner][vc_row_inner gap=&#8221;20&#8243; el_class=&#8221;test&#8221;][vc_column_inner width=&#8221;1\/3&#8243;][vc_single_image image=&#8221;4764&#8243; img_size=&#8221;full&#8221;][vc_column_text]<\/p>\n<h3 class=\"wd-title-element\"><a href=\"https:\/\/www.teq-automotive.com\/de\/loesungen\/teqdebug\/\">TEQDebug<\/a><\/h3>\n<p>Fernanalyse und Diagnose f\u00fcr Fahrzeuge. Fahrzeuge. Fahrstil und Wartungsstatus der Flotte.[\/vc_column_text][\/vc_column_inner][vc_column_inner width=&#8221;1\/3&#8243;][vc_single_image image=&#8221;4765&#8243; img_size=&#8221;large&#8221;][vc_column_text]<\/p>\n<h3 class=\"wd-title-element\"><a href=\"https:\/\/www.teq-automotive.com\/de\/loesungen\/teqparking\/\">TEQParking<\/a><\/h3>\n<p>\u00dcberwachung der Parkbelegung. Parkpl\u00e4tzen in st\u00e4dtischen Gebieten.[\/vc_column_text][\/vc_column_inner][vc_column_inner width=&#8221;1\/3&#8243;][vc_single_image image=&#8221;5945&#8243; img_size=&#8221;full&#8221;][vc_column_text]<\/p>\n<h3 class=\"wd-title-element\"><a href=\"https:\/\/www.teq-automotive.com\/de\/loesungen\/adas\/\">ADAS-Integration<\/a><\/h3>\n<p>Teq bietet die Integration von ADAS-L\u00f6sungen f\u00fcr Fahrzeughersteller.[\/vc_column_text][\/vc_column_inner][\/vc_row_inner][\/vc_column][\/vc_row]<\/p>\n","protected":false},"excerpt":{"rendered":"<p>[vc_row css=&#8221;.vc_custom_1463954640353{padding-right: 20px !important;padding-left: 20px !important;}&#8221;][vc_column][vc_row_inner gap=&#8221;20&#8243; el_class=&#8221;test&#8221;][vc_column_inner width=&#8221;1\/3&#8243;][vc_single_image image=&#8221;4759&#8243; img_size=&#8221;full&#8221;][vc_column_text] ADICOM Multiplexsysteme, Dashboards, Displays, Steuerger\u00e4te, ADAS, Blackboxes[\/vc_column_text][\/vc_column_inner][vc_column_inner width=&#8221;1\/3&#8243;][vc_single_image image=&#8221;8184&#8243; img_size=&#8221;full&#8221; style=&#8221;vc_box_shadow&#8221;][vc_column_text] CCS CCS Combined Charging System[\/vc_column_text][\/vc_column_inner][vc_column_inner width=&#8221;1\/3&#8243;][vc_single_image image=&#8221;4761&#8243; img_size=&#8221;full&#8221;][vc_column_text] GPD-Gasschutzger\u00e4t Steuerung von Gaslecksensoren und Elektroventilen.[\/vc_column_text][\/vc_column_inner][\/vc_row_inner][vc_row_inner gap=&#8221;20&#8243; el_class=&#8221;test&#8221;][vc_column_inner width=&#8221;1\/3&#8243;][vc_single_image image=&#8221;4760&#8243; img_size=&#8221;full&#8221;][vc_column_text] Smart Key Passive Entry- und Passive Start-Systeme[\/vc_column_text][\/vc_column_inner][vc_column_inner width=&#8221;1\/3&#8243;][vc_single_image image=&#8221;4762&#8243; img_size=&#8221;1000&#215;667&#8243;][vc_column_text] TEQMonitoring\u00ae Satellitenl\u00f6sung f\u00fcr das [&hellip;]<\/p>\n","protected":false},"author":3,"featured_media":0,"parent":0,"menu_order":2,"comment_status":"closed","ping_status":"closed","template":"","meta":[],"_links":{"self":[{"href":"https:\/\/www.teq-automotive.com\/de\/wp-json\/wp\/v2\/pages\/5694"}],"collection":[{"href":"https:\/\/www.teq-automotive.com\/de\/wp-json\/wp\/v2\/pages"}],"about":[{"href":"https:\/\/www.teq-automotive.com\/de\/wp-json\/wp\/v2\/types\/page"}],"author":[{"embeddable":true,"href":"https:\/\/www.teq-automotive.com\/de\/wp-json\/wp\/v2\/users\/3"}],"replies":[{"embeddable":true,"href":"https:\/\/www.teq-automotive.com\/de\/wp-json\/wp\/v2\/comments?post=5694"}],"version-history":[{"count":19,"href":"https:\/\/www.teq-automotive.com\/de\/wp-json\/wp\/v2\/pages\/5694\/revisions"}],"predecessor-version":[{"id":8189,"href":"https:\/\/www.teq-automotive.com\/de\/wp-json\/wp\/v2\/pages\/5694\/revisions\/8189"}],"wp:attachment":[{"href":"https:\/\/www.teq-automotive.com\/de\/wp-json\/wp\/v2\/media?parent=5694"}],"curies":[{"name":"wp","href":"https:\/\/api.w.org\/{rel}","templated":true}]}}