{"id":5714,"date":"2019-07-01T15:12:39","date_gmt":"2019-07-01T13:12:39","guid":{"rendered":"https:\/\/www.teq-automotive.com\/teqdebug\/"},"modified":"2020-05-27T14:38:21","modified_gmt":"2020-05-27T12:38:21","slug":"teqdebug","status":"publish","type":"page","link":"https:\/\/www.teq-automotive.com\/de\/loesungen\/teqdebug\/","title":{"rendered":"TEQDebug"},"content":{"rendered":"<p>[vc_row][vc_column]\t\t<div class=\"wd-heading text-left  text-left\" >\r\n\t\t\t\r\n\t\t\t\t\r\n\t\t\t\t<h3 style=\"margin:0;font-family:;font-weight:400;color:#111111;\" >\r\n\t\t\t\t\tTEQ Debug\t\t\t\t<\/h3>\r\n\r\n\t\t\t\t\r\n\t\t\t\t<h4 style=\"font-family:;font-weight:400;\" >\r\n\t\t\t\t\t\t\t\t\t<\/h4>\r\n\r\n\t\t\t\t\r\n\t\t\t\t\t<\/div>\r\n\r\n\t\t[vc_column_text]<\/p>\n<div class=\"default-text-block\">\n<p><strong>Ferndiagnose f\u00fcr Fahrzeuge<\/strong>. Urspr\u00fcnglich f\u00fcr die Ferndiagnose von ADICOM-Multiplexanlagen (CAN-Netzwerk elektronischer Steuerger\u00e4te von TEQ) und zur \u00dcberwachung des Batteriefunktionszustands von Elektrofahrzeugen konzipiert, ist es heute die richtige L\u00f6sung, um die vollst\u00e4ndige Ferndiagnose aller Bordsysteme mit Standard-ODB zu erm\u00f6glichen Schnittstellen. Dank eines Moduls mit GSM \/ GPRS-Modem, das mit integrierten elektronischen Steuerger\u00e4ten verbunden ist, und dank einer auf dem PC zu installierenden Software ist es m\u00f6glich, den Funktionszustand eines Fahrzeugs genau so zu \u00fcberpr\u00fcfen, als ob sich dieses Fahrzeug im Fahrzeug befindet Werkstatt.<\/p>\n<\/div>\n<p>&nbsp;[\/vc_column_text][\/vc_column][\/vc_row][vc_row][vc_column][\/vc_column][\/vc_row][vc_row gap=&#8221;10&#8243; full_height=&#8221;yes&#8221;][vc_column][\/vc_column][\/vc_row]<\/p>\n","protected":false},"excerpt":{"rendered":"<p>[vc_row][vc_column][vc_column_text] Ferndiagnose f\u00fcr Fahrzeuge. Urspr\u00fcnglich f\u00fcr die Ferndiagnose von ADICOM-Multiplexanlagen (CAN-Netzwerk elektronischer Steuerger\u00e4te von TEQ) und zur \u00dcberwachung des Batteriefunktionszustands von Elektrofahrzeugen konzipiert, ist es heute die richtige L\u00f6sung, um die vollst\u00e4ndige Ferndiagnose aller Bordsysteme mit Standard-ODB zu erm\u00f6glichen Schnittstellen. Dank eines Moduls mit GSM \/ GPRS-Modem, das mit integrierten elektronischen Steuerger\u00e4ten verbunden ist, und [&hellip;]<\/p>\n","protected":false},"author":3,"featured_media":0,"parent":5694,"menu_order":9,"comment_status":"closed","ping_status":"closed","template":"","meta":[],"_links":{"self":[{"href":"https:\/\/www.teq-automotive.com\/de\/wp-json\/wp\/v2\/pages\/5714"}],"collection":[{"href":"https:\/\/www.teq-automotive.com\/de\/wp-json\/wp\/v2\/pages"}],"about":[{"href":"https:\/\/www.teq-automotive.com\/de\/wp-json\/wp\/v2\/types\/page"}],"author":[{"embeddable":true,"href":"https:\/\/www.teq-automotive.com\/de\/wp-json\/wp\/v2\/users\/3"}],"replies":[{"embeddable":true,"href":"https:\/\/www.teq-automotive.com\/de\/wp-json\/wp\/v2\/comments?post=5714"}],"version-history":[{"count":2,"href":"https:\/\/www.teq-automotive.com\/de\/wp-json\/wp\/v2\/pages\/5714\/revisions"}],"predecessor-version":[{"id":6933,"href":"https:\/\/www.teq-automotive.com\/de\/wp-json\/wp\/v2\/pages\/5714\/revisions\/6933"}],"up":[{"embeddable":true,"href":"https:\/\/www.teq-automotive.com\/de\/wp-json\/wp\/v2\/pages\/5694"}],"wp:attachment":[{"href":"https:\/\/www.teq-automotive.com\/de\/wp-json\/wp\/v2\/media?parent=5714"}],"curies":[{"name":"wp","href":"https:\/\/api.w.org\/{rel}","templated":true}]}}