{"id":5718,"date":"2019-07-01T15:18:22","date_gmt":"2019-07-01T13:18:22","guid":{"rendered":"https:\/\/www.teq-automotive.com\/teqparking\/"},"modified":"2020-05-27T14:39:47","modified_gmt":"2020-05-27T12:39:47","slug":"teqparking","status":"publish","type":"page","link":"https:\/\/www.teq-automotive.com\/de\/loesungen\/teqparking\/","title":{"rendered":"TEQParking"},"content":{"rendered":"<p>[vc_row][vc_column]\t\t<div class=\"wd-heading text-left  text-left\" >\r\n\t\t\t\r\n\t\t\t\t\r\n\t\t\t\t<h3 style=\"margin:0;font-family:;font-weight:400;color:#111111;\" >\r\n\t\t\t\t\tTEQParking\t\t\t\t<\/h3>\r\n\r\n\t\t\t\t\r\n\t\t\t\t<h4 style=\"font-family:;font-weight:400;\" >\r\n\t\t\t\t\t\t\t\t\t<\/h4>\r\n\r\n\t\t\t\t\r\n\t\t\t\t\t<\/div>\r\n\r\n\t\t[vc_column_text]<\/p>\n<div class=\"default-text-block\">\n<p><strong>Ein dynamischer Leitfaden f\u00fcr die verf\u00fcgbaren Parkpl\u00e4tze in st\u00e4dtischen Gebieten<\/strong>. Es l\u00f6st eines der Probleme, die alle St\u00e4dte gemeinsam haben, d. H. Verkehr und daraus resultierende Umweltverschmutzung. Sch\u00e4tzungen zufolge wird ein Drittel des gesamten Stadtverkehrs durch Autos verursacht, die einen Parkplatz suchen. TEQParking ist ein Leitsystem, das durch die Anzeige von Informationen auf intelligenten Schildern den Fahrern Anweisungen gibt, damit sie problemlos Parkpl\u00e4tze mit freien Pl\u00e4tzen erreichen k\u00f6nnen.<\/p>\n<\/div>\n<p>&nbsp;[\/vc_column_text][\/vc_column][\/vc_row][vc_row][vc_column width=&#8221;1\/2&#8243;][vc_single_image image=&#8221;4772&#8243; img_size=&#8221;full&#8221; css=&#8221;.vc_custom_1561986971889{margin-right: 10px !important;}&#8221;][\/vc_column][vc_column width=&#8221;1\/2&#8243;][vc_single_image image=&#8221;4773&#8243; img_size=&#8221;full&#8221; css=&#8221;.vc_custom_1561987045573{margin-left: 10px !important;}&#8221;][\/vc_column][\/vc_row][vc_row gap=&#8221;10&#8243; full_height=&#8221;yes&#8221;][vc_column][\/vc_column][\/vc_row][vc_row][vc_column][\/vc_column][\/vc_row]<\/p>\n","protected":false},"excerpt":{"rendered":"<p>[vc_row][vc_column][vc_column_text] Ein dynamischer Leitfaden f\u00fcr die verf\u00fcgbaren Parkpl\u00e4tze in st\u00e4dtischen Gebieten. Es l\u00f6st eines der Probleme, die alle St\u00e4dte gemeinsam haben, d. H. Verkehr und daraus resultierende Umweltverschmutzung. Sch\u00e4tzungen zufolge wird ein Drittel des gesamten Stadtverkehrs durch Autos verursacht, die einen Parkplatz suchen. TEQParking ist ein Leitsystem, das durch die Anzeige von Informationen auf intelligenten [&hellip;]<\/p>\n","protected":false},"author":3,"featured_media":0,"parent":5694,"menu_order":10,"comment_status":"closed","ping_status":"closed","template":"","meta":[],"_links":{"self":[{"href":"https:\/\/www.teq-automotive.com\/de\/wp-json\/wp\/v2\/pages\/5718"}],"collection":[{"href":"https:\/\/www.teq-automotive.com\/de\/wp-json\/wp\/v2\/pages"}],"about":[{"href":"https:\/\/www.teq-automotive.com\/de\/wp-json\/wp\/v2\/types\/page"}],"author":[{"embeddable":true,"href":"https:\/\/www.teq-automotive.com\/de\/wp-json\/wp\/v2\/users\/3"}],"replies":[{"embeddable":true,"href":"https:\/\/www.teq-automotive.com\/de\/wp-json\/wp\/v2\/comments?post=5718"}],"version-history":[{"count":2,"href":"https:\/\/www.teq-automotive.com\/de\/wp-json\/wp\/v2\/pages\/5718\/revisions"}],"predecessor-version":[{"id":6935,"href":"https:\/\/www.teq-automotive.com\/de\/wp-json\/wp\/v2\/pages\/5718\/revisions\/6935"}],"up":[{"embeddable":true,"href":"https:\/\/www.teq-automotive.com\/de\/wp-json\/wp\/v2\/pages\/5694"}],"wp:attachment":[{"href":"https:\/\/www.teq-automotive.com\/de\/wp-json\/wp\/v2\/media?parent=5718"}],"curies":[{"name":"wp","href":"https:\/\/api.w.org\/{rel}","templated":true}]}}