{"id":5783,"date":"2019-07-23T11:35:21","date_gmt":"2019-07-23T09:35:21","guid":{"rendered":"https:\/\/www.teq-automotive.com\/mobileye-6series\/"},"modified":"2019-09-17T16:48:31","modified_gmt":"2019-09-17T14:48:31","slug":"collision-avoidance","status":"publish","type":"page","link":"https:\/\/www.teq-automotive.com\/de\/loesungen\/mobileye\/collision-avoidance\/","title":{"rendered":"Unfallpr\u00e4ventionsl\u00f6sung"},"content":{"rendered":"<p>[vc_row][vc_column][vc_column_text]<\/p>\n<h2 style=\"text-align: center;\">Unfallpr\u00e4ventionsl\u00f6sung f\u00fcr Flotten<\/h2>\n<p>&nbsp;<br \/>\n[\/vc_column_text][vc_row_inner][vc_column_inner width=&#8221;1\/2&#8243;][vc_column_text]<\/p>\n<h3>Eine frontal ausgerichtete Singlekamera hilft, Kollisionen zu vermeiden oder lindern<\/h3>\n<p>Die nach vorne gerichtete Kamera beh\u00e4lt das<br \/>\nGeschehen vor dem Fahrzeug kontinuierlich im Blick. Das System identifiziert potentielle Gefahrensituationen und warnt den Fahrer durch akustische und optische Signale, um ihn zu unterst\u00fctzen, eine Kollision zu verhindern oder deren Ausma\u00df zu verringern<br \/>\nDas innovative System von Mobileye kann in fast .jedem Fahrzeug nachger\u00fcstet werden.<\/p>\n<p>Die Einheit besteht aus der Kamera, dem EyeQ\u00ae-Chip und dem Lautsprecher. Sie wird auf der Innenseite der Windschutzscheibe hinter dem R\u00fcckspiegel befestigt.[\/vc_column_text][\/vc_column_inner][vc_column_inner width=&#8221;1\/2&#8243;][vc_single_image image=&#8221;5532&#8243; img_size=&#8221;medium&#8221;][\/vc_column_inner][\/vc_row_inner][vc_row_inner][vc_column_inner width=&#8221;1\/2&#8243;][vc_single_image image=&#8221;5731&#8243; img_size=&#8221;full&#8221;][\/vc_column_inner][vc_column_inner width=&#8221;1\/2&#8243;][vc_column_text]VERLASSEN SIE SICH AUF EINE ZUVERTRAULICHE TECHNIK<br \/>\n\u00dcber 20 Millionen Fahrzeuge sind mit der Mobileye Technologie ausgestattet, darunter \u00fcber 300 neue Fahrzeugmodelle f\u00fchrender hersteller. Ohne Ihren Fuhrpark erneuern zu m\u00fcssen, k\u00f6nnen Sie diese Technologie ebenso als Aftermarket-System nachr\u00fcsten.<\/p>\n<p>DAS FAHRVERHALTEN VERBESSERN<br \/>\nMeist gew\u00f6hnen sich Fahrer drei bis vier Wochen nach der Systeminstallation an die Warnmeldungen und lernen, ihnen zuvorzukommen. In Folge dessen beginnen sie automatisch, einen ausreichenden Sicherheitsabstand einzuhalten oder fr\u00fcher abzubremsen, um akustische Warnungen .zu vermeiden<\/p>\n<p>VERWERTBARE DATEN SAMMELN<br \/>\nDas Mobileye-System kann in die <a href=\"https:\/\/www.teq-automotive.com\/de\/fleet-management\/\">TeqMonitoring\u00ae<\/a> und <a href=\"https:\/\/www.teq-automotive.com\/de\/bus-sapiens\/\">Bus Sapiens\u00ae (ITS)<\/a> Systeme integriert werden, so dass Sie den Fahrstyl der einzelnen Fahrer \u00fcberwachen und Anreize f\u00fcr Verbesserungen schaffen k\u00f6nnen. Auf diese Weise k\u00f6nnen Sie Fahrer als Teil der L\u00f6sung und nicht als Teil des Problems betrachten.<\/p>\n<p>VERDECKTE BETRIEBSKOSTEN REDUZIEREN<br \/>\nVon Ersatzteilen und Fahrzeugausfallzeiten \u00fcber Lieferverz\u00f6gerungen bis zu erh\u00f6hten Versicherungspr\u00e4mien und mehr \u2013 die verdeckten Kosten von Kollisionen sind hoch. Mit den Warnungen von Mobileye k\u00f6nnen Kollisionen vermieden oder gelindert werden. Fahrer berichten ebenso, dass sie seltener hart bremsen m\u00fcsser, was sowohl zu geringerem Verschlei\u00df der bremsen als auch weniger Kraftstoffverbrauch f\u00fchrt[\/vc_column_text][\/vc_column_inner][\/vc_row_inner][vc_row_inner][vc_column_inner][vc_separator border_width=&#8221;5&#8243;][vc_column_text]<\/p>\n<h2 style=\"text-align: center;\">Merkmale<\/h2>\n<p style=\"text-align: center;\">Das Mobileye Unfallpr\u00e4ventionssystem unterst\u00fctzt Fahrer in Form eines &#8220;dritten Auges&#8221;, kontinuierlich das Geschehen vor dem Fahrzeug im Blick zu behalten. Es identifiziert bestimmte potentielle Gefahrensituationen und warnt den Fahrer durch akustische und optische Signale, um ihn zu unterst\u00fctzen, eine Kollision zu verhindern oder deren Ausma\u00df zu lindern<\/p>\n<p>[\/vc_column_text][\/vc_column_inner][\/vc_row_inner][vc_row_inner][vc_column_inner width=&#8221;1\/3&#8243;][vc_single_image image=&#8221;5534&#8243; img_size=&#8221;medium&#8221; alignment=&#8221;center&#8221;][vc_column_text]<\/p>\n<h3>Frontale Kollisionswarnung (einschlie\u00dflich Motorraderkennung)<\/h3>\n<p>Mobileye warnt Sie sowohl auf Autobahnen als auch in st\u00e4dtischen Gebieten vor einer drohenden Kollision mit einem vorausfahrenden Fahrzeug oder Motorrad. Dies erfolgt bis zu 2,7 Sekunden vor einer Kollision, sodass eine ausreichende Reaktionszeit bleibt[\/vc_column_text][\/vc_column_inner][vc_column_inner width=&#8221;1\/3&#8243;][vc_single_image image=&#8221;5538&#8243; img_size=&#8221;medium&#8221; alignment=&#8221;center&#8221;][vc_column_text]<\/p>\n<h3>Fu\u00dfg\u00e4nger- und Fahrradfahrererkennung<\/h3>\n<p>Mobileye warnt Sie bei Tageslicht bis zu 2 Sekunden vor einer drohenden Kollision mit einem Fu\u00dfg\u00e4nger oder Fahrradfahrer. (unter 50 km\/h)[\/vc_column_text][\/vc_column_inner][vc_column_inner width=&#8221;1\/3&#8243;][vc_single_image image=&#8221;5537&#8243; img_size=&#8221;medium&#8221; alignment=&#8221;center&#8221;][vc_column_text]<\/p>\n<h3>Spurhaltewarnung<\/h3>\n<p>Mobileye warnt Sie durch optische und akustische Warnungen, wenn Sie unbeabsichtigt von der Fahrspur abweichen[\/vc_column_text][\/vc_column_inner][\/vc_row_inner][vc_row_inner][vc_column_inner width=&#8221;1\/3&#8243;][vc_single_image image=&#8221;5535&#8243; img_size=&#8221;medium&#8221; alignment=&#8221;center&#8221;][vc_column_text]<\/p>\n<h3>Abstands\u00fcberwachung und -warnung<\/h3>\n<p>Mobileye hilft Ihnen, einen sicheren Abstand zum vorausfahrenden Fahrzeug einzuhalten und warnt bei zu dichtem Auffahren durch optische und akustische Signale[\/vc_column_text][\/vc_column_inner][vc_column_inner width=&#8221;1\/3&#8243;][\/vc_column_inner][vc_column_inner width=&#8221;1\/3&#8243;][vc_single_image image=&#8221;5539&#8243; img_size=&#8221;medium&#8221; alignment=&#8221;center&#8221;][vc_column_text]<\/p>\n<h3>Geschwindigkeitsbegrenzungsanzeige und Verkehrszeichenerkennung<\/h3>\n<p>Mobileye erkennt bestimmte Verkehrszeichen und Geschwindigkeitsbegrenzungszeichen (einschlie\u00dflich elektronischer Zeichen) und benachrichtigt Sie sowohl \u00fcber die neue Geschwindigkeitsbegrenzung als auch \u00fcber deren \u00dcberschreitung<br \/>\n<span style=\"font-size: 8pt;\">*<\/span><span style=\"font-size: 8pt;\">Erkennt Zeichen, die durch das Wiener \u00dcbereinkommen* .\u00fcber Stra\u00dfenverkehrszeichen f\u00fcr g\u00fcltig erkl\u00e4rt wurden<\/span>[\/vc_column_text][\/vc_column_inner][\/vc_row_inner][vc_single_image image=&#8221;5533&#8243; img_size=&#8221;full&#8221; alignment=&#8221;center&#8221;][\/vc_column][\/vc_row]<\/p>\n","protected":false},"excerpt":{"rendered":"<p>[vc_row][vc_column][vc_column_text] Unfallpr\u00e4ventionsl\u00f6sung f\u00fcr Flotten &nbsp; [\/vc_column_text][vc_row_inner][vc_column_inner width=&#8221;1\/2&#8243;][vc_column_text] Eine frontal ausgerichtete Singlekamera hilft, Kollisionen zu vermeiden oder lindern Die nach vorne gerichtete Kamera beh\u00e4lt das Geschehen vor dem Fahrzeug kontinuierlich im Blick. Das System identifiziert potentielle Gefahrensituationen und warnt den Fahrer durch akustische und optische Signale, um ihn zu unterst\u00fctzen, eine Kollision zu verhindern oder deren [&hellip;]<\/p>\n","protected":false},"author":3,"featured_media":0,"parent":5836,"menu_order":8,"comment_status":"closed","ping_status":"closed","template":"","meta":[],"_links":{"self":[{"href":"https:\/\/www.teq-automotive.com\/de\/wp-json\/wp\/v2\/pages\/5783"}],"collection":[{"href":"https:\/\/www.teq-automotive.com\/de\/wp-json\/wp\/v2\/pages"}],"about":[{"href":"https:\/\/www.teq-automotive.com\/de\/wp-json\/wp\/v2\/types\/page"}],"author":[{"embeddable":true,"href":"https:\/\/www.teq-automotive.com\/de\/wp-json\/wp\/v2\/users\/3"}],"replies":[{"embeddable":true,"href":"https:\/\/www.teq-automotive.com\/de\/wp-json\/wp\/v2\/comments?post=5783"}],"version-history":[{"count":31,"href":"https:\/\/www.teq-automotive.com\/de\/wp-json\/wp\/v2\/pages\/5783\/revisions"}],"predecessor-version":[{"id":6589,"href":"https:\/\/www.teq-automotive.com\/de\/wp-json\/wp\/v2\/pages\/5783\/revisions\/6589"}],"up":[{"embeddable":true,"href":"https:\/\/www.teq-automotive.com\/de\/wp-json\/wp\/v2\/pages\/5836"}],"wp:attachment":[{"href":"https:\/\/www.teq-automotive.com\/de\/wp-json\/wp\/v2\/media?parent=5783"}],"curies":[{"name":"wp","href":"https:\/\/api.w.org\/{rel}","templated":true}]}}