{"id":5816,"date":"2019-07-23T14:35:25","date_gmt":"2019-07-23T12:35:25","guid":{"rendered":"https:\/\/www.teq-automotive.com\/mobileye-shield_plus\/"},"modified":"2019-08-19T11:08:13","modified_gmt":"2019-08-19T09:08:13","slug":"shield_plus","status":"publish","type":"page","link":"https:\/\/www.teq-automotive.com\/de\/loesungen\/mobileye\/shield_plus\/","title":{"rendered":"Mobileye\u00ae Shield+\u2122"},"content":{"rendered":"<p>[vc_row][vc_column][vc_column_text]<\/p>\n<h2 style=\"text-align: center;\">Unfallpr\u00e4ventionssystem mit Abbiegeassistent f\u00fcr Busse, Lastkraftwagen und andere gro\u00dfe Nutzfahrzeuge<\/h2>\n<p>[\/vc_column_text][vc_row_inner][vc_column_inner width=&#8221;1\/2&#8243;][vc_column_text]<\/p>\n<h3>Ihre Fahrer k\u00f6nnen ihre Augen nicht \u00fcberall haben. Unsere Technologie kann sie unterst\u00fctzen.<\/h3>\n<p>Mobileye Shield+ besteht aus zwei bis acht Vision-Sensoren, die kontinuierlich die Stra\u00dfe vor dem Fahrzeug und die toten Winkel auf beiden Seiten des Fahrzeugs sowie an der A-S\u00e4ule und dem linken Au\u00dfenspiegel \u00fcberwachen.<\/p>\n<p><strong>Die Mobileye Sicherheitstechnologie basiert auf hochentwickeltem maschinellen Lernen und Computervision-Algorithmen <\/strong>die Fahrumgebung kontinuierlich analysieren, um Gefahren, wie andere Fahrzeuge, Fu\u00dfg\u00e4nger, Radfahrer und Motorradfahrer, zu erkennen.<\/p>\n<p>Potenzielle Gefahren werden von Mobileye Shield+ erkannt, um bei Bedarf den Fahrer in Echtzeit durch optische und akustische Signale bei der Vermeidung bzw. Linderung von Kollisionen zu unterst\u00fctzen.[\/vc_column_text][\/vc_column_inner][vc_column_inner width=&#8221;1\/2&#8243;][vc_single_image image=&#8221;5550&#8243; img_size=&#8221;medium&#8221;][\/vc_column_inner][\/vc_row_inner][vc_row_inner][vc_column_inner width=&#8221;1\/2&#8243;][vc_single_image image=&#8221;5726&#8243; img_size=&#8221;large&#8221;][vc_column_text]NACHR\u00dcSTUNG IHRES BESTEHENDEN FUHRPARKS<br \/>\nR\u00fcsten Sie LKW, M\u00fclltransporter, Linienbusse,<br \/>\nund andere gro\u00dfe Nutzfahrzeuge noch heute<br \/>\nmit der fortschrittlichen Sicherheitstechnologie von Mobileye Shield+ nach.<\/p>\n<p>UNFALLKOSTEN SENKEN<br \/>\nSenken Sie Fahrzeugreparaturkosten und<br \/>\nandere Kosten, die mit Kollisionen, starkem<br \/>\nAbbremsen sowie abgelenktem Fahren<br \/>\nzusammenh\u00e4ngen, indem Sie Ihre Fahrzeuge mit einem ausgereiften Unfallpr\u00e4ventionssystem ausstatten.<\/p>\n<p>MARKIEREN VON HOT SPOTS IN ST\u00c4DTEN<br \/>\nUnterst\u00fctzen sie \u00e4nderungen in der infrastruktur ihrer stadt mit datensammlung. Mobileye Shield+ gibt ihnen zugang zu online map3 mit angabe der hot spots auf der jeweiligen linie. (Nur wenn mit einem GPS system von Teq gekoppelt)[\/vc_column_text][\/vc_column_inner][vc_column_inner width=&#8221;1\/2&#8243;][vc_column_text]KOLLISIONEN VERMEIDEN ODER ABSCHW\u00c4CHEN<br \/>\nR\u00fcsten Sie Ihre Fahrzeuge mit unserer<br \/>\nmodernen Fahrerassistenztechnologie aus, um leichtere Auffahrunf\u00e4lle oder Heckkollisionen in verkehrsreichen St\u00e4dten zu vermeiden.<\/p>\n<p>FAHRSICHERHEIT F\u00d6RDERN<br \/>\nOptische und akustische Signale unterst\u00fctzen<br \/>\nIhre Fahrer dabei, stets einen angemessenen Sicherheitsabstand zu vorausfahrenden Fahrzeugen einzuhalten. Der Sicherheitsabstand kann an die Bed\u00fcrfnisse Ihrer Fahrzeugflotte angepasst werden.<\/p>\n<p>FUBG\u00c4NGER UND FAHRRADFAHRER VOR DEM FAHRZUEG UND IN TOTEN WINKELN ERKENNEN<br \/>\nVermeiden Sie Unf\u00e4lle mit Fu\u00dfg\u00e4ngern,<br \/>\nFahrradfahrern oder Motorradfahrern<br \/>\ndank Fu\u00dfg\u00e4nger-Kollisionswarnungen und<br \/>\nAbbiegeassistent.[\/vc_column_text][vc_separator border_width=&#8221;5&#8243; css=&#8221;.vc_custom_1563886400278{padding-top: 50px !important;}&#8221;][vc_single_image image=&#8221;5551&#8243; img_size=&#8221;full&#8221;][\/vc_column_inner][\/vc_row_inner][vc_row_inner][vc_column_inner][vc_separator border_width=&#8221;5&#8243;][vc_column_text]<\/p>\n<h2 style=\"text-align: center;\">Merkmale von Mobileye Shield+<\/h2>\n<p style=\"text-align: center;\">Zur kontinuierlichen \u00dcberwachung der Fahrumgebung umfasst Mobileye Shield+ strategisch platzierte Kameras um<br \/>\ndas Fahrzeug herum. Werden im toten Winkel des Fahrzeugs Fu\u00dfg\u00e4nger oder Fahrradfahrer erkannt, wird der Fahrer<br \/>\ngewarnt, um entsprechend darauf reagieren zu k\u00f6nnen.<\/p>\n<p>[\/vc_column_text][vc_separator][vc_column_text]<\/p>\n<h3 style=\"text-align: center;\">Abbiegeassistent, Totwinkel Warnung und Kollisionswarnung<\/h3>\n<p>[\/vc_column_text][\/vc_column_inner][\/vc_row_inner][vc_row_inner][vc_column_inner width=&#8221;1\/2&#8243;][vc_single_image image=&#8221;5552&#8243; img_size=&#8221;medium&#8221; alignment=&#8221;center&#8221;][vc_column_text]Ein gelbes Signal warnt den Fahrer, dass ein Fu\u00dfg\u00e4nger, Fahrradfahrer oder Motorradfahrer im toten Winkel erkannt wurde und mit besonderer Vorsicht gefahren werden muss.[\/vc_column_text][\/vc_column_inner][vc_column_inner width=&#8221;1\/2&#8243;][vc_single_image image=&#8221;5553&#8243; img_size=&#8221;medium&#8221; alignment=&#8221;center&#8221;][vc_column_text]Ein rotes Signal in Kombination mit einem akustischen Signal warnt den Fahrer vor der Gefahr einer unmittelbar bevorstehenden Kollision, die eine sofortige Abhilfema\u00dfnahme verlangt.[\/vc_column_text][\/vc_column_inner][\/vc_row_inner][vc_row_inner][vc_column_inner width=&#8221;1\/3&#8243;][vc_single_image image=&#8221;5534&#8243; img_size=&#8221;medium&#8221; alignment=&#8221;center&#8221;][vc_column_text]<\/p>\n<h3>Frontale Kollisionswarnung (einschlie\u00dflich Motorraderkennung)<\/h3>\n<p>Mobileye warnt Sie sowohl auf Autobahnen als auch in st\u00e4dtischen Gebieten vor einer drohenden Kollision mit einem vorausfahrenden Fahrzeug oder Motorrad. Dies erfolgt bis zu 2,7 Sekunden vor einer Kollision, sodass ausreichend Reaktionszeit bleibt[\/vc_column_text][\/vc_column_inner][vc_column_inner width=&#8221;1\/3&#8243;][vc_single_image image=&#8221;5538&#8243; img_size=&#8221;medium&#8221; alignment=&#8221;center&#8221;][vc_column_text]<\/p>\n<h3>Fu\u00dfg\u00e4nger- und Fahrradfahrererkennung<\/h3>\n<p>Mobileye warnt sie bei Tageslicht bis zu 2.7 Sekunden vor einer drohenden Kollision mit einem Fu\u00dfg\u00e4nger oder Fahrradfahrer. (unter 50 km\/h)[\/vc_column_text][\/vc_column_inner][vc_column_inner width=&#8221;1\/3&#8243;][vc_single_image image=&#8221;5537&#8243; img_size=&#8221;medium&#8221; alignment=&#8221;center&#8221;][vc_column_text]<\/p>\n<h3>Spurhaltewarnung<\/h3>\n<p>Mobileye warnt Sie durch optische und akustische Warnungen, wenn Sie unbeabsichtigt von der Fahrspur abweichen[\/vc_column_text][\/vc_column_inner][\/vc_row_inner][vc_row_inner][vc_column_inner width=&#8221;1\/3&#8243;][vc_single_image image=&#8221;5535&#8243; img_size=&#8221;medium&#8221; alignment=&#8221;center&#8221;][vc_column_text]<\/p>\n<h3>Abstands\u00fcberwachung und -warnung<\/h3>\n<p>Mobileye hilft Ihnen, einen sicheren Abstand zum vorausfahrenden Fahrzeug einzuhalten und warnt bei zu dichtem Auffahren durch optische und akustische Signale[\/vc_column_text][\/vc_column_inner][vc_column_inner width=&#8221;1\/3&#8243;][vc_single_image image=&#8221;5539&#8243; img_size=&#8221;medium&#8221; alignment=&#8221;center&#8221;][vc_column_text]<\/p>\n<h3>Geschwindigkeitsbegrenzungsanzeige und Verkehrszeichenerkennung<\/h3>\n<p>Mobileye erkennt bestimmte Verkehrszeichen und Geschwindigkeitsbegrenzungszeichen (einschlie\u00dflich elektronischer Zeichen) und benachrichtigt Sie sowohl \u00fcber die neue Geschwindigkeitsbegrenzung als auch \u00fcber deren \u00dcberschreitung<br \/>\n<span style=\"font-size: 8pt;\">*Erkennt Zeichen, die durch das Wiener \u00dcbereinkommen .\u00fcber Stra\u00dfenverkehrszeichen f\u00fcr g\u00fcltig erkl\u00e4rt wurden<\/span>[\/vc_column_text][\/vc_column_inner][vc_column_inner width=&#8221;1\/3&#8243;][vc_column_text css=&#8221;.vc_custom_1563889524268{background-color: #459cc1 !important;border-radius: 15px !important;}&#8221;]<span style=\"font-size: 18pt; color: #ffffff;\">&#8220;30 % der Unf\u00e4lle k\u00f6nnten durch moderne Fahrerassistenzsysteme, wie frontale Kollisionswarnung\/-verminderung, Toter-Winkel-Assistent und Spurverlassenswarnung, verhindert werden.\u201c&#8221; <\/span><\/p>\n<p><span style=\"font-size: 8pt; color: #ffffff;\">Boston Consulting Group, 2015 2<\/span>[\/vc_column_text][\/vc_column_inner][\/vc_row_inner][vc_row_inner][vc_column_inner width=&#8221;1\/3&#8243;][vc_column_text]<\/p>\n<h3>Markieren von hot spots in st\u00e4dten<\/h3>\n<p>Unterst\u00fctzen sie \u00e4nderungen in der infrastruktur ihrer stadt mit datensammlung. Mobileye Shield+ gibt ihnen zugang zu online map3 mit angabe der hot spots auf der jeweiligen linie. (Nur wenn mit einem GPS system von Teq gekoppelt)[\/vc_column_text][\/vc_column_inner][vc_column_inner width=&#8221;1\/3&#8243;][\/vc_column_inner][vc_column_inner width=&#8221;1\/3&#8243;][\/vc_column_inner][\/vc_row_inner][vc_separator][vc_single_image image=&#8221;5554&#8243; img_size=&#8221;full&#8221; alignment=&#8221;center&#8221;][\/vc_column][\/vc_row]<\/p>\n","protected":false},"excerpt":{"rendered":"<p>[vc_row][vc_column][vc_column_text] Unfallpr\u00e4ventionssystem mit Abbiegeassistent f\u00fcr Busse, Lastkraftwagen und andere gro\u00dfe Nutzfahrzeuge [\/vc_column_text][vc_row_inner][vc_column_inner width=&#8221;1\/2&#8243;][vc_column_text] Ihre Fahrer k\u00f6nnen ihre Augen nicht \u00fcberall haben. Unsere Technologie kann sie unterst\u00fctzen. Mobileye Shield+ besteht aus zwei bis acht Vision-Sensoren, die kontinuierlich die Stra\u00dfe vor dem Fahrzeug und die toten Winkel auf beiden Seiten des Fahrzeugs sowie an der A-S\u00e4ule und [&hellip;]<\/p>\n","protected":false},"author":3,"featured_media":0,"parent":5836,"menu_order":2,"comment_status":"closed","ping_status":"closed","template":"","meta":[],"_links":{"self":[{"href":"https:\/\/www.teq-automotive.com\/de\/wp-json\/wp\/v2\/pages\/5816"}],"collection":[{"href":"https:\/\/www.teq-automotive.com\/de\/wp-json\/wp\/v2\/pages"}],"about":[{"href":"https:\/\/www.teq-automotive.com\/de\/wp-json\/wp\/v2\/types\/page"}],"author":[{"embeddable":true,"href":"https:\/\/www.teq-automotive.com\/de\/wp-json\/wp\/v2\/users\/3"}],"replies":[{"embeddable":true,"href":"https:\/\/www.teq-automotive.com\/de\/wp-json\/wp\/v2\/comments?post=5816"}],"version-history":[{"count":37,"href":"https:\/\/www.teq-automotive.com\/de\/wp-json\/wp\/v2\/pages\/5816\/revisions"}],"predecessor-version":[{"id":6251,"href":"https:\/\/www.teq-automotive.com\/de\/wp-json\/wp\/v2\/pages\/5816\/revisions\/6251"}],"up":[{"embeddable":true,"href":"https:\/\/www.teq-automotive.com\/de\/wp-json\/wp\/v2\/pages\/5836"}],"wp:attachment":[{"href":"https:\/\/www.teq-automotive.com\/de\/wp-json\/wp\/v2\/media?parent=5816"}],"curies":[{"name":"wp","href":"https:\/\/api.w.org\/{rel}","templated":true}]}}