{"id":8098,"date":"2022-05-22T22:30:32","date_gmt":"2022-05-22T20:30:32","guid":{"rendered":"https:\/\/www.teq-automotive.com\/loesungen\/ccs-combined-charging-system\/"},"modified":"2022-05-23T18:34:09","modified_gmt":"2022-05-23T16:34:09","slug":"ccs-combined-charging-system","status":"publish","type":"page","link":"https:\/\/www.teq-automotive.com\/de\/loesungen\/ccs-combined-charging-system\/","title":{"rendered":"CCS Combined Charging System"},"content":{"rendered":"<p>[vc_row el_class=&#8221;test&#8221;][vc_column]\t\t<div class=\"wd-heading text-left  text-left\" >\r\n\t\t\t\r\n\t\t\t\t\r\n\t\t\t\t<h3 style=\"margin:0;font-family:;font-weight:400;color:#111111;\" >\r\n\t\t\t\t\tCCS Combined Charging System\t\t\t\t<\/h3>\r\n\r\n\t\t\t\t\r\n\t\t\t\t<h4 style=\"font-family:;font-weight:400;\" >\r\n\t\t\t\t\tDual Plug EV Charge Controller\t\t\t\t<\/h4>\r\n\r\n\t\t\t\t\r\n\t\t\t\t\t<\/div>\r\n\r\n\t\t[vc_single_image image=&#8221;8047&#8243; img_size=&#8221;full&#8221;][vc_column_text]<\/p>\n<p style=\"text-align: center;\"><strong>TEQ CCS ECU can drive up to two plugs<\/strong><\/p>\n<p>[\/vc_column_text][vc_column_text]<span style=\"font-size: 12pt;\">Das kombinierte CCS-Ladesystem von TEQ ist eine Standardl\u00f6sung f\u00fcr Elektrofahrzeuge. Es kann einen oder zwei Kombistecker verwalten (linke und rechte Seite des Fahrzeugs, besonders n\u00fctzlich f\u00fcr Stadtbusse) und kann mit jeder Art von BMS-Batteriemanagementsystem verbunden werden.<\/span>[\/vc_column_text][vc_column_text]<span style=\"font-size: 14pt;\"><strong>Main Charging Features<\/strong><\/span>[\/vc_column_text][\/vc_column][\/vc_row][vc_row][vc_column width=&#8221;1\/2&#8243;][vc_column_text]<\/p>\n<div class=\"default-text-block\">\n<p><b>EVSE Electric Vehicle Supply Equipment &#8211; Charging Station Communication<\/b><\/p>\n<ul>\n<li>PLC Power Line Communication Management<\/li>\n<li>ISO 15118 and DIN 70121 protocols<\/li>\n<\/ul>\n<p><b>BMS Battery Management System Communication<\/b><\/p>\n<ul>\n<li>J1939 (CAN)<\/li>\n<li>Customized protocols<\/li>\n<\/ul>\n<p><b>Plug Management<\/b><\/p>\n<ul>\n<li>E-Lock<\/li>\n<li>Poles temperature control<\/li>\n<\/ul>\n<\/div>\n<p>[\/vc_column_text][\/vc_column][vc_column width=&#8221;1\/2&#8243; css=&#8221;.vc_custom_1463411390237{padding-left: 30px !important;}&#8221;][vc_column_text]<b>Contactors Management<\/b><\/p>\n<ul>\n<li>Feed-back (auxiliary contact)<\/li>\n<\/ul>\n<p><b>RGB LED management<\/b><\/p>\n<p><b>Wake UP<\/b><\/p>\n<ul>\n<li>PP Proximity Pilot<\/li>\n<li>Charging Door Opening<\/li>\n<\/ul>\n<p>[\/vc_column_text][\/vc_column][\/vc_row][vc_row el_class=&#8221;test&#8221;][vc_column][vc_column_text]<span style=\"font-size: 14pt;\"><strong>Extra Features<br \/>\n<\/strong><\/span>[\/vc_column_text][\/vc_column][\/vc_row][vc_row][vc_column width=&#8221;1\/3&#8243;][vc_column_text]<\/p>\n<div class=\"default-text-block\">\n<p><b>Log on SD Card<\/b><\/p>\n<ul>\n<li>Protocols log<\/li>\n<li>Start\/Stop Charge<\/li>\n<li>Charged Energy<\/li>\n<li>Number of charges<\/li>\n<li>Temperatures<\/li>\n<li>Errors, Warnings, Alerts<\/li>\n<li>EVSE Data and ID<\/li>\n<li>.. data on request<\/li>\n<\/ul>\n<\/div>\n<p>[\/vc_column_text][\/vc_column][vc_column width=&#8221;1\/3&#8243;][vc_column_text]<b>Remote Diagnostic<\/b><\/p>\n<ul>\n<li>Optional GSM connection<\/li>\n<li>Log Download<\/li>\n<li>Data Analysis<\/li>\n<\/ul>\n<p>[\/vc_column_text][\/vc_column][vc_column width=&#8221;1\/3&#8243;][vc_single_image image=&#8221;8051&#8243; img_size=&#8221;medium&#8221;][\/vc_column][\/vc_row][vc_row][vc_column][vc_column_text]<a href=\"https:\/\/www.teq-automotive.com\/de\/automobilprodukte\/#automotive-product-ccs\">CCS technical data<\/a>[\/vc_column_text][\/vc_column][\/vc_row]<\/p>\n","protected":false},"excerpt":{"rendered":"<p>[vc_row el_class=&#8221;test&#8221;][vc_column][vc_single_image image=&#8221;8047&#8243; img_size=&#8221;full&#8221;][vc_column_text] TEQ CCS ECU can drive up to two plugs [\/vc_column_text][vc_column_text]Das kombinierte CCS-Ladesystem von TEQ ist eine Standardl\u00f6sung f\u00fcr Elektrofahrzeuge. Es kann einen oder zwei Kombistecker verwalten (linke und rechte Seite des Fahrzeugs, besonders n\u00fctzlich f\u00fcr Stadtbusse) und kann mit jeder Art von BMS-Batteriemanagementsystem verbunden werden.[\/vc_column_text][vc_column_text]Main Charging Features[\/vc_column_text][\/vc_column][\/vc_row][vc_row][vc_column width=&#8221;1\/2&#8243;][vc_column_text] EVSE Electric Vehicle [&hellip;]<\/p>\n","protected":false},"author":4,"featured_media":0,"parent":5694,"menu_order":0,"comment_status":"closed","ping_status":"closed","template":"","meta":[],"_links":{"self":[{"href":"https:\/\/www.teq-automotive.com\/de\/wp-json\/wp\/v2\/pages\/8098"}],"collection":[{"href":"https:\/\/www.teq-automotive.com\/de\/wp-json\/wp\/v2\/pages"}],"about":[{"href":"https:\/\/www.teq-automotive.com\/de\/wp-json\/wp\/v2\/types\/page"}],"author":[{"embeddable":true,"href":"https:\/\/www.teq-automotive.com\/de\/wp-json\/wp\/v2\/users\/4"}],"replies":[{"embeddable":true,"href":"https:\/\/www.teq-automotive.com\/de\/wp-json\/wp\/v2\/comments?post=8098"}],"version-history":[{"count":16,"href":"https:\/\/www.teq-automotive.com\/de\/wp-json\/wp\/v2\/pages\/8098\/revisions"}],"predecessor-version":[{"id":8242,"href":"https:\/\/www.teq-automotive.com\/de\/wp-json\/wp\/v2\/pages\/8098\/revisions\/8242"}],"up":[{"embeddable":true,"href":"https:\/\/www.teq-automotive.com\/de\/wp-json\/wp\/v2\/pages\/5694"}],"wp:attachment":[{"href":"https:\/\/www.teq-automotive.com\/de\/wp-json\/wp\/v2\/media?parent=8098"}],"curies":[{"name":"wp","href":"https:\/\/api.w.org\/{rel}","templated":true}]}}