{"id":5622,"date":"2019-07-01T11:55:21","date_gmt":"2019-07-01T09:55:21","guid":{"rendered":"https:\/\/www.teq-automotive.com\/adas\/"},"modified":"2020-06-04T10:19:04","modified_gmt":"2020-06-04T08:19:04","slug":"adas","status":"publish","type":"page","link":"https:\/\/www.teq-automotive.com\/fr\/solutions\/adas\/","title":{"rendered":"ADAS"},"content":{"rendered":"<p>[vc_row el_class=&#8221;test&#8221;][vc_column]\t\t<div class=\"wd-heading text-center  text-left\" >\r\n\t\t\t\r\n\t\t\t\t\r\n\t\t\t\t<h3 style=\"margin:0;font-family:;font-weight:400;color:#111111;\" >\r\n\t\t\t\t\tADAS int\u00e9gr\u00e9 dans le multiplex TEQ et la gestion de flotte\t\t\t\t<\/h3>\r\n\r\n\t\t\t\t\r\n\t\t\t\t<h4 style=\"font-family:;font-weight:400;\" >\r\n\t\t\t\t\t\t\t\t\t<\/h4>\r\n\r\n\t\t\t\t\r\n\t\t\t\t\t<\/div>\r\n\r\n\t\t[vc_column_text][\/vc_column_text][\/vc_column][\/vc_row][vc_row][vc_column width=&#8221;1\/2&#8243;][vc_single_image image=&#8221;5526&#8243; img_size=&#8221;1984&#215;1120&#8243;][vc_separator][\/vc_column][vc_column width=&#8221;1\/2&#8243;][vc_single_image image=&#8221;5524&#8243; img_size=&#8221;full&#8221;][\/vc_column][\/vc_row][vc_row el_class=&#8221;test&#8221;][vc_column width=&#8221;1\/2&#8243;][vc_column_text]<\/p>\n<div class=\"default-text-block\">Les syst\u00e8mes avanc\u00e9s d&#8217;aide \u00e0 la conduite (ADAS) sont des syst\u00e8mes \u00e9lectroniques qui aident le conducteur d&#8217;un v\u00e9hicule pendant la conduite. Con\u00e7us avec une interface homme-machine s\u00fbre, ils sont destin\u00e9s \u00e0 accro\u00eetre la s\u00e9curit\u00e9 automobile et plus g\u00e9n\u00e9ralement la s\u00e9curit\u00e9 routi\u00e8re.<\/div>\n<ul>\n<li>Alerte de Collision Frontal<\/li>\n<li>Alerte de Collision Pi\u00e9ton et Cycliste<\/li>\n<li>D\u00e9tection des angles morts et alertes anticollision<\/li>\n<li>Alerte de Franchissement de Ligne<\/li>\n<li>Surveillance et Alerte de Distance de S\u00e9curit\u00e9<\/li>\n<li>Indication des Limites de Vitesse<\/li>\n<li>Reconnaissance des panneaux de signalisation<\/li>\n<\/ul>\n<p>[\/vc_column_text][vc_separator][\/vc_column][vc_column width=&#8221;1\/2&#8243;][vc_single_image image=&#8221;4690&#8243; img_size=&#8221;full&#8221; css=&#8221;.vc_custom_1561974739220{margin-top: 10px !important;margin-right: 10px !important;}&#8221;][\/vc_column][\/vc_row][vc_row][vc_column width=&#8221;1\/2&#8243;][vc_single_image image=&#8221;4689&#8243; img_size=&#8221;full&#8221;][\/vc_column][vc_column width=&#8221;1\/2&#8243;][vc_column_text]<\/p>\n<h3 style=\"text-align: center;\"><strong>Syst\u00e8me anti-collision<\/strong><\/h3>\n<p>N\u00e9cessite de juste un senseur sur le parabrise<\/p>\n<ul>\n<li>Alerte de Collision Frontale avec une voiture, moto, v\u00e9lo et pi\u00e9ton<\/li>\n<li>Alerte de Franchissement de Ligne<\/li>\n<li>Headway Monitoring Warning<\/li>\n<li>Indication des Limites de Vitesse<\/li>\n<li>Reconnaissance des panneaux de signalisation<\/li>\n<\/ul>\n<p>[\/vc_column_text][vc_column_text]<\/p>\n<h3 style=\"text-align: center;\"><strong>Version \u201cProtection Totale\u201d<br \/>\n<\/strong><\/h3>\n<p>2 cameras lat\u00e9rales et 2 panneaux suppl\u00e9mentaires<\/p>\n<ul>\n<li>D\u00e9tection des angles morts<\/li>\n<\/ul>\n<p>&nbsp;<br \/>\n[\/vc_column_text][vc_separator][\/vc_column][\/vc_row][vc_row][vc_column width=&#8221;1\/4&#8243;][vc_row_inner][vc_column_inner width=&#8221;1\/4&#8243;][\/vc_column_inner][\/vc_row_inner][\/vc_column][vc_column width=&#8221;1\/2&#8243;][vc_column_text]<\/p>\n<p style=\"text-align: center;\"><strong>Int\u00e8gration pour les Constructeurs Automobiles<\/strong><\/p>\n<p>[\/vc_column_text][vc_single_image image=&#8221;4699&#8243; img_size=&#8221;medium&#8221; alignment=&#8221;center&#8221;][vc_column_text]<\/p>\n<p style=\"text-align: center;\">Int\u00e8gration compl\u00e8te avec le Tableau de Bord<\/p>\n<p>[\/vc_column_text][vc_separator][\/vc_column][vc_column width=&#8221;1\/4&#8243;][\/vc_column][\/vc_row][vc_row][vc_column][vc_column_text]<\/p>\n<p style=\"text-align: center;\"><strong>Int\u00e9gration dans l&#8217;affichage du TEQMonitoring<\/strong><span style=\"font-size: 12pt;\">\u00ae <\/span><strong>Syst\u00e8me de gestion de flotte<\/strong><\/p>\n<p>[\/vc_column_text][vc_row_inner][vc_column_inner width=&#8221;1\/4&#8243;][vc_single_image image=&#8221;4691&#8243; img_size=&#8221;full&#8221; css=&#8221;.vc_custom_1561974788621{margin-right: 5px !important;margin-left: 5px !important;}&#8221;][vc_column_text]<\/p>\n<p style=\"text-align: center;\">Alerte de Collision Pi\u00e9ton et Cycliste<\/p>\n<p>[\/vc_column_text][\/vc_column_inner][vc_column_inner width=&#8221;1\/4&#8243;][vc_single_image image=&#8221;4692&#8243; img_size=&#8221;full&#8221; css=&#8221;.vc_custom_1561974824216{margin-right: 5px !important;margin-left: 5px !important;}&#8221;][vc_column_text]<\/p>\n<p style=\"text-align: center;\">Alerte de Collision Frontale<\/p>\n<p>[\/vc_column_text][\/vc_column_inner][vc_column_inner width=&#8221;1\/4&#8243;][vc_single_image image=&#8221;4693&#8243; img_size=&#8221;full&#8221; css=&#8221;.vc_custom_1561974872994{margin-right: 5px !important;margin-left: 5px !important;}&#8221;][vc_column_text]<\/p>\n<p style=\"text-align: center;\">Alerte de Franchissement de Ligne<\/p>\n<p>[\/vc_column_text][\/vc_column_inner][vc_column_inner width=&#8221;1\/4&#8243;][vc_single_image image=&#8221;4694&#8243; img_size=&#8221;full&#8221; css=&#8221;.vc_custom_1561974907069{margin-right: 5px !important;margin-left: 5px !important;}&#8221;][vc_column_text]<\/p>\n<p style=\"text-align: center;\">Surveillance et Alerte de Distance de S\u00e9curit\u00e9<\/p>\n<p>[\/vc_column_text][\/vc_column_inner][\/vc_row_inner][vc_separator][\/vc_column][\/vc_row][vc_row content_placement=&#8221;middle&#8221;][vc_column width=&#8221;1\/4&#8243;][\/vc_column][vc_column width=&#8221;1\/2&#8243;][vc_column_text]<\/p>\n<h2 style=\"text-align: center;\"><a href=\"https:\/\/www.teq-automotive.com\/fr\/solutions\/mobileye\/\">Mobileye Solutions<\/a><\/h2>\n<p>[\/vc_column_text][vc_single_image image=&#8221;5496&#8243; alignment=&#8221;center&#8221; onclick=&#8221;custom_link&#8221; css=&#8221;.vc_custom_1568722743635{padding-right: 10px !important;padding-left: 10px !important;}&#8221; link=&#8221;https:\/\/www.mobileye.com\/&#8221;][\/vc_column][vc_column width=&#8221;1\/4&#8243;][\/vc_column][\/vc_row]<\/p>\n","protected":false},"excerpt":{"rendered":"<p>[vc_row el_class=&#8221;test&#8221;][vc_column][vc_column_text][\/vc_column_text][\/vc_column][\/vc_row][vc_row][vc_column width=&#8221;1\/2&#8243;][vc_single_image image=&#8221;5526&#8243; img_size=&#8221;1984&#215;1120&#8243;][vc_separator][\/vc_column][vc_column width=&#8221;1\/2&#8243;][vc_single_image image=&#8221;5524&#8243; img_size=&#8221;full&#8221;][\/vc_column][\/vc_row][vc_row el_class=&#8221;test&#8221;][vc_column width=&#8221;1\/2&#8243;][vc_column_text] Les syst\u00e8mes avanc\u00e9s d&#8217;aide \u00e0 la conduite (ADAS) sont des syst\u00e8mes \u00e9lectroniques qui aident le conducteur d&#8217;un v\u00e9hicule pendant la conduite. Con\u00e7us avec une interface homme-machine s\u00fbre, ils sont destin\u00e9s \u00e0 accro\u00eetre la s\u00e9curit\u00e9 automobile et plus g\u00e9n\u00e9ralement la s\u00e9curit\u00e9 routi\u00e8re. Alerte de Collision Frontal [&hellip;]<\/p>\n","protected":false},"author":3,"featured_media":0,"parent":5693,"menu_order":1,"comment_status":"closed","ping_status":"closed","template":"","meta":[],"_links":{"self":[{"href":"https:\/\/www.teq-automotive.com\/fr\/wp-json\/wp\/v2\/pages\/5622"}],"collection":[{"href":"https:\/\/www.teq-automotive.com\/fr\/wp-json\/wp\/v2\/pages"}],"about":[{"href":"https:\/\/www.teq-automotive.com\/fr\/wp-json\/wp\/v2\/types\/page"}],"author":[{"embeddable":true,"href":"https:\/\/www.teq-automotive.com\/fr\/wp-json\/wp\/v2\/users\/3"}],"replies":[{"embeddable":true,"href":"https:\/\/www.teq-automotive.com\/fr\/wp-json\/wp\/v2\/comments?post=5622"}],"version-history":[{"count":59,"href":"https:\/\/www.teq-automotive.com\/fr\/wp-json\/wp\/v2\/pages\/5622\/revisions"}],"predecessor-version":[{"id":7059,"href":"https:\/\/www.teq-automotive.com\/fr\/wp-json\/wp\/v2\/pages\/5622\/revisions\/7059"}],"up":[{"embeddable":true,"href":"https:\/\/www.teq-automotive.com\/fr\/wp-json\/wp\/v2\/pages\/5693"}],"wp:attachment":[{"href":"https:\/\/www.teq-automotive.com\/fr\/wp-json\/wp\/v2\/media?parent=5622"}],"curies":[{"name":"wp","href":"https:\/\/api.w.org\/{rel}","templated":true}]}}