{"id":5626,"date":"2019-07-01T12:03:14","date_gmt":"2019-07-01T10:03:14","guid":{"rendered":"https:\/\/www.teq-automotive.com\/adicom\/"},"modified":"2020-06-04T10:13:16","modified_gmt":"2020-06-04T08:13:16","slug":"adicom","status":"publish","type":"page","link":"https:\/\/www.teq-automotive.com\/fr\/solutions\/adicom\/","title":{"rendered":"ADICOM"},"content":{"rendered":"<p>[vc_row el_class=&#8221;test&#8221;][vc_column]\t\t<div class=\"wd-heading text-left  text-left\" >\r\n\t\t\t\r\n\t\t\t\t\r\n\t\t\t\t<h3 style=\"margin:0;font-family:;font-weight:400;color:#111111;\" >\r\n\t\t\t\t\tADICOM - Syst\u00e8me multiplex automobile\t\t\t\t<\/h3>\r\n\r\n\t\t\t\t\r\n\t\t\t\t<h4 style=\"font-family:;font-weight:400;\" >\r\n\t\t\t\t\t\t\t\t\t<\/h4>\r\n\r\n\t\t\t\t\r\n\t\t\t\t\t<\/div>\r\n\r\n\t\t[vc_column_text]<\/p>\n<div class=\"default-text-block\">\n<p>Caract\u00e9ristiques, caract\u00e9ristiques et avantages du syst\u00e8me:<\/p>\n<ul>\n<li>Enti\u00e8rement programmable par le fabricant.<\/li>\n<li>Meilleures performances gr\u00e2ce \u00e0 la possibilit\u00e9 d&#8217;effectuer une s\u00e9rie d&#8217;op\u00e9rations de contr\u00f4le automatique.<\/li>\n<li>Forte r\u00e9duction du temps de montage du syst\u00e8me \u00e9lectrique gr\u00e2ce \u00e0 un nombre moindre de connexions, c\u00e2bles, fusibles, relais, modules intermittents, etc.<\/li>\n<li>Utilisation du v\u00e9hicule limit\u00e9e aux sp\u00e9cifications du constructeur.<\/li>\n<li>Black Box pour l&#8217;enregistrement des anomalies, l&#8217;\u00e9tat de service et toutes les donn\u00e9es n\u00e9cessaires.<\/li>\n<li>Optimisation du tableau de bord gr\u00e2ce \u00e0 un affichage graphique qui peut fournir des informations et peut remplacer partiellement ou totalement les instruments et les voyants.<\/li>\n<li>Comprend des fonctionnalit\u00e9s de diagnostic, permettant une analyse et une r\u00e9paration faciles et rapides des dysfonctionnements du v\u00e9hicule.<\/li>\n<li>Int\u00e9gr\u00e9 au syst\u00e8me de gestion de flotte TeqMonitoring \u00ae, il comprend un localisateur GPS satellite avec connectivit\u00e9 GSM et HSDPA \/ LTE, pour le diagnostic \u00e0 distance et la surveillance de flotte.<\/li>\n<li>Syst\u00e8mes avanc\u00e9s d&#8217;aide \u00e0 la conduite (ADAS)<\/li>\n<li>Services ITxPT: FMStoIP, VEHICLEtoIP, MADT<\/li>\n<li>Smart Key: entr\u00e9e passive &amp; d\u00e9marrage passif<\/li>\n<\/ul>\n<\/div>\n<p>&nbsp;[\/vc_column_text][\/vc_column][\/vc_row][vc_row][vc_column width=&#8221;1\/2&#8243;][vc_single_image image=&#8221;4699&#8243; img_size=&#8221;420&#215;270&#8243; alignment=&#8221;center&#8221;][vc_column_text]<\/p>\n<p style=\"text-align: center;\"><strong>Tableau de bord VDV avec ADAS et ITxPT MADT<\/strong><\/p>\n<p>&nbsp;[\/vc_column_text][\/vc_column][vc_column width=&#8221;1\/2&#8243; css=&#8221;.vc_custom_1463411390237{padding-left: 30px !important;}&#8221;][vc_single_image image=&#8221;4700&#8243; img_size=&#8221;420&#215;270&#8243; alignment=&#8221;center&#8221;][vc_column_text]<\/p>\n<p style=\"text-align: center;\"><strong>12.3 Display with ADAS<\/strong><\/p>\n<p>&nbsp;[\/vc_column_text][\/vc_column][\/vc_row][vc_row el_class=&#8221;test&#8221;][vc_column][vc_column_text]Le syst\u00e8me ADICOM r\u00e9duit le nombre de connexions \u00e9lectriques, am\u00e9liorant la fiabilit\u00e9 et les performances. Gr\u00e2ce \u00e0 l&#8217;intelligence ind\u00e9pendante de ses unit\u00e9s de contr\u00f4le, il permet de d\u00e9centraliser les d\u00e9cisions. Un seul c\u00e2ble apporte les informations n\u00e9cessaires aux bo\u00eetiers de commande plac\u00e9s dans les diff\u00e9rentes pi\u00e8ces du v\u00e9hicule.<\/p>\n<p>La n\u00e9cessit\u00e9 continue d&#8217;am\u00e9liorer les performances et les contr\u00f4les \u00e0 bord a entra\u00een\u00e9 une augmentation consid\u00e9rable du nombre de c\u00e2bles \u00e9lectriques. Dans une voiture moderne, la longueur totale des c\u00e2bles utilis\u00e9s atteint facilement un total de 4000 m\u00e8tres et leur poids d\u00e9passe souvent 100 kg; de plus, consid\u00e9rant que le nombre de connexions est compris entre 1000 et 3000, le probl\u00e8me devient vraiment facile \u00e0 comprendre.<\/p>\n<p>Cette situation a entra\u00een\u00e9 la n\u00e9cessit\u00e9 de cr\u00e9er quelque chose de nouveau: au lieu d&#8217;utiliser un c\u00e2ble pour chaque fonction, l&#8217;id\u00e9e \u00e9tait d&#8217;utiliser des unit\u00e9s de commande \u00e9lectroniques qui peuvent regrouper ces fonctions et d&#8217;utiliser une seule ligne pour connecter toutes les unit\u00e9s de commande les unes aux autres. Ce r\u00e9sultat a \u00e9t\u00e9 la cr\u00e9ation d&#8217;un r\u00e9seau, appel\u00e9 \u00abr\u00e9seau multiplex\u00bb, o\u00f9 toutes les informations, donn\u00e9es et commandes sont transmises en une succession tr\u00e8s rapide sur une seule ligne commune. La transmission se fait de mani\u00e8re s\u00e9rielle, toutes les informations sont cod\u00e9es par les unit\u00e9s de commande \u00e9lectroniques dans une s\u00e9rie de \u00ab0\u00bb et \u00ab1\u00bb et transmises en s\u00e9quence sur un seul c\u00e2ble. Cela cr\u00e9e un &#8220;r\u00e9seau&#8221; \u00e0 partir duquel toutes les unit\u00e9s connect\u00e9es peuvent puiser des informations.<\/p>\n<p>Le protocole de communication entre les unit\u00e9s de contr\u00f4le de ce r\u00e9seau, \u00e9galement appel\u00e9 \u00abbus \u00e9lectronique\u00bb, a \u00e9t\u00e9 d\u00e9velopp\u00e9 par BOSCH sp\u00e9cifiquement pour les applications automobiles. Le nom de ce protocole est CAN (Controller Area Network) et il est d\u00e9sormais devenu un standard; les grands fabricants de composants \u00e9lectroniques l&#8217;ont d\u00e9j\u00e0 impl\u00e9ment\u00e9 dans leurs microprocesseurs.<\/p>\n<p>Gr\u00e2ce \u00e0 cette nouvelle technologie, ajout\u00e9e \u00e0 l&#8217;expertise acquise par nos techniciens depuis 1986 (ann\u00e9e de notre premi\u00e8re application dans le domaine de la gestion \u00e9lectronique des v\u00e9hicules), nous avons con\u00e7u ADICOM, un syst\u00e8me modulaire capable non seulement de remplacer l&#8217;ensemble du traditionnel centrale \u00e9lectrique, mais m\u00eame pour remplir ces fonctions particuli\u00e8res qui sont normalement accomplies par l&#8217;\u00e9lectronique mais s&#8217;int\u00e8grent \u00e0 peine avec le reste de la centrale.[\/vc_column_text][\/vc_column][\/vc_row][vc_row][vc_column][vc_single_image image=&#8221;4701&#8243; img_size=&#8221;full&#8221; alignment=&#8221;center&#8221;][\/vc_column][\/vc_row][vc_row el_class=&#8221;test&#8221;][vc_column][vc_column_text]Un exemple pratique: le tableau de bord de tout v\u00e9hicule doit inclure tous les instruments, voyants et commandes n\u00e9cessaires \u00e0 la gestion normale du moteur, des feux et de la climatisation; si, en plus de ceux-ci, il doit \u00e9galement inclure ceux requis pour toutes les fonctions particuli\u00e8res d&#8217;un v\u00e9hicule sp\u00e9cifique, le nombre de c\u00e2bles du simple tableau de bord ne sera gu\u00e8re inf\u00e9rieur \u00e0 50 et le nombre \u00e9lev\u00e9 d&#8217;instruments n\u00e9cessitera une si grande surface qu&#8217;il serait vraiment difficile pour l&#8217;op\u00e9rateur d&#8217;avoir un contr\u00f4le total sur elle. Au contraire, avec le syst\u00e8me ADICOM, le tableau de bord est g\u00e9r\u00e9 par une unit\u00e9 de commande \u00e9lectronique et la connexion avec le reste de l&#8217;ensemble de l&#8217;installation se fait via un seul c\u00e2ble. Gr\u00e2ce \u00e0 un affichage graphique suppl\u00e9mentaire qui permet de &#8220;dessiner&#8221; les instruments, il est possible de remplacer partiellement ou compl\u00e8tement l&#8217;\u00e9quipement traditionnel et l&#8217;op\u00e9rateur peut ainsi surveiller &#8220;en un coup d&#8217;\u0153il&#8221; l&#8217;\u00e9tat du v\u00e9hicule. Certains instruments ne peuvent \u00eatre affich\u00e9s qu&#8217;\u00e0 la demande ou lorsqu&#8217;une fonction d\u00e9termin\u00e9e est ins\u00e9r\u00e9e ou en cas d&#8217;alarme. Le syst\u00e8me comprend \u00e9galement un autodiagnostic par lequel il est possible de surveiller le bon fonctionnement de tous ses propres \u00e9l\u00e9ments et, en cas de panne, de d\u00e9tecter imm\u00e9diatement le composant \u00e0 remplacer.<\/p>\n<p>Afin d&#8217;\u00e9viter une utilisation inappropri\u00e9e, susceptible de provoquer des ruptures ou de ne pas garantir son bon fonctionnement, le syst\u00e8me ADICOM peut \u00eatre mis en place pour limiter son utilisation aux param\u00e8tres fix\u00e9s par le constructeur; de plus, tous nos syst\u00e8mes sont \u00e9quip\u00e9s d&#8217;une &#8220;Black Box&#8221;, un appareil qui enregistre chronologiquement toutes les anomalies du v\u00e9hicule et permet au personnel de maintenance et au constructeur (dans ce cas \u00e0 des fins d&#8217;application de la garantie) d&#8217;effectuer le diagnostic ult\u00e9rieurement .<\/p>\n<p>Toujours dans la perspective de l&#8217;autodiagnostic et dans le but de r\u00e9duire au minimum les interventions humaines, les unit\u00e9s de contr\u00f4le composant le syst\u00e8me ADICOM fournissent non seulement une tension directe aux actionneurs (ampoules, vannes, etc.), mais elles v\u00e9rifient \u00e9galement qu&#8217;aucune des surcharges ou des courts-circuits se produisent et permettent de r\u00e9duire l&#8217;encombrement des c\u00e2bles et d&#8217;\u00e9liminer les fusibles et les relais.<\/p>\n<p>Le champ d&#8217;application de ce syst\u00e8me est tr\u00e8s large; nos applications vont des v\u00e9hicules les plus simples aux grues, aux unit\u00e9s de levage, aux motoneiges, aux bateaux et aux v\u00e9hicules enti\u00e8rement automatis\u00e9s enti\u00e8rement g\u00e9r\u00e9s par nos unit\u00e9s de contr\u00f4le et pour lesquels l&#8217;op\u00e9rateur, si n\u00e9cessaire, peut donner ses commandes confortablement assis \u00e0 son bureau.<\/p>\n<p><a href=\"https:\/\/www.teq-automotive.com\/fr\/automotive\/\">Produits ADICOM<\/a>[\/vc_column_text][\/vc_column][\/vc_row]<\/p>\n","protected":false},"excerpt":{"rendered":"<p>[vc_row el_class=&#8221;test&#8221;][vc_column][vc_column_text] Caract\u00e9ristiques, caract\u00e9ristiques et avantages du syst\u00e8me: Enti\u00e8rement programmable par le fabricant. Meilleures performances gr\u00e2ce \u00e0 la possibilit\u00e9 d&#8217;effectuer une s\u00e9rie d&#8217;op\u00e9rations de contr\u00f4le automatique. Forte r\u00e9duction du temps de montage du syst\u00e8me \u00e9lectrique gr\u00e2ce \u00e0 un nombre moindre de connexions, c\u00e2bles, fusibles, relais, modules intermittents, etc. Utilisation du v\u00e9hicule limit\u00e9e aux sp\u00e9cifications du [&hellip;]<\/p>\n","protected":false},"author":3,"featured_media":0,"parent":5693,"menu_order":0,"comment_status":"closed","ping_status":"closed","template":"","meta":[],"_links":{"self":[{"href":"https:\/\/www.teq-automotive.com\/fr\/wp-json\/wp\/v2\/pages\/5626"}],"collection":[{"href":"https:\/\/www.teq-automotive.com\/fr\/wp-json\/wp\/v2\/pages"}],"about":[{"href":"https:\/\/www.teq-automotive.com\/fr\/wp-json\/wp\/v2\/types\/page"}],"author":[{"embeddable":true,"href":"https:\/\/www.teq-automotive.com\/fr\/wp-json\/wp\/v2\/users\/3"}],"replies":[{"embeddable":true,"href":"https:\/\/www.teq-automotive.com\/fr\/wp-json\/wp\/v2\/comments?post=5626"}],"version-history":[{"count":20,"href":"https:\/\/www.teq-automotive.com\/fr\/wp-json\/wp\/v2\/pages\/5626\/revisions"}],"predecessor-version":[{"id":7055,"href":"https:\/\/www.teq-automotive.com\/fr\/wp-json\/wp\/v2\/pages\/5626\/revisions\/7055"}],"up":[{"embeddable":true,"href":"https:\/\/www.teq-automotive.com\/fr\/wp-json\/wp\/v2\/pages\/5693"}],"wp:attachment":[{"href":"https:\/\/www.teq-automotive.com\/fr\/wp-json\/wp\/v2\/media?parent=5626"}],"curies":[{"name":"wp","href":"https:\/\/api.w.org\/{rel}","templated":true}]}}