{"id":5654,"date":"2019-07-01T14:46:15","date_gmt":"2019-07-01T12:46:15","guid":{"rendered":"https:\/\/www.teq-automotive.com\/fleet-management\/"},"modified":"2020-06-04T14:31:57","modified_gmt":"2020-06-04T12:31:57","slug":"gestion-de-flotte","status":"publish","type":"page","link":"https:\/\/www.teq-automotive.com\/fr\/solutions\/gestion-de-flotte\/","title":{"rendered":"Gestion de flotte"},"content":{"rendered":"<p>[vc_row][vc_column]\t\t<div class=\"wd-heading text-left  text-left\" >\r\n\t\t\t\r\n\t\t\t\t\r\n\t\t\t\t<h3 style=\"margin:0;font-family:;font-weight:400;color:#1e73be;\" >\r\n\t\t\t\t\tTeqMonitoring\t\t\t\t<\/h3>\r\n\r\n\t\t\t\t\r\n\t\t\t\t<h4 style=\"font-family:;font-weight:400;\" >\r\n\t\t\t\t\t\t\t\t\t<\/h4>\r\n\r\n\t\t\t\t\r\n\t\t\t\t\t<\/div>\r\n\r\n\t\t[vc_single_image image=&#8221;4744&#8243; img_size=&#8221;full&#8221;][vc_column_text]<strong> La <\/strong> <strong> solution personnalisable <\/strong> <strong>solution<\/strong> <strong> pour la gestion de la flotte <\/strong><\/p>\n<p>Les donn\u00e9es \u00e0 collecter, les \u00e9v\u00e9nements \u00e0 enregistrer, les intervalles de collecte et le mode de transmission sont librement personnalisables par l&#8217;utilisateur. L&#8217;historique des donn\u00e9es est disponible \u00e0 tout moment et peut \u00eatre affich\u00e9 sans frais suppl\u00e9mentaires.<\/p>\n<p><strong> Activation des proc\u00e9dures de transfert d&#8217;alarmes, alertes par e-mail <\/strong><\/p>\n<p>Chaque donn\u00e9e d\u00e9tect\u00e9e \u00e0 bord peut \u00eatre configur\u00e9e afin d&#8217;activer une proc\u00e9dure automatique: par exemple, un \u00e9v\u00e9nement peut \u00eatre param\u00e9tr\u00e9 pour envoyer des mails, et un autre pour partager les donn\u00e9es de facturation avec le syst\u00e8me ERP de l&#8217;entreprise.<\/p>\n<p><strong> Collecte des donn\u00e9es de diagnostic des v\u00e9hicules <\/strong><\/p>\n<p>Gr\u00e2ce aux interfaces du v\u00e9hicule (OBD, FMS, CAN), un v\u00e9hicule peut \u00eatre contr\u00f4l\u00e9 \u00e0 distance pour une meilleure programmation des activit\u00e9s de maintenance ordinaires et extraordinaires.<\/p>\n<p><strong> Mode mains libres <\/strong><\/p>\n<p>L&#8217;ordinateur de bord peut \u00eatre utilis\u00e9 comme un appareil mains libres: selon la configuration, une carte SIM peut \u00eatre lue directement ou l&#8217;ordinateur de bord peut \u00eatre coupl\u00e9 \u00e0 votre t\u00e9l\u00e9phone portable \u00e0 l&#8217;aide de la fonction Bluetooth\u00ae.<\/p>\n<p><strong> Surveillance des heures de conduite et des activit\u00e9s de travail <\/strong><\/p>\n<p>Le syst\u00e8me permet la collecte de donn\u00e9es sur les heures de conduite et de travail directement par le tachygraphe et la cr\u00e9ation d&#8217;\u00e9v\u00e9nements \u00abad hoc\u00bb pour obtenir des statistiques personnalis\u00e9es <strong>. <\/strong><\/p>\n<p><strong> Rapport final, analyse comparative et \u00e9carts de route <\/strong><\/p>\n<p>Rapports d\u00e9taill\u00e9s comparant les activit\u00e9s pr\u00e9vues \u00e0 celles r\u00e9ellement r\u00e9alis\u00e9es, repr\u00e9sentations graphiques et tabulaires des activit\u00e9s en cours, visualisation du pourcentage achev\u00e9.<\/p>\n<p><strong> Choix libre concernant la gestion de vos donn\u00e9es &#8211; serveur interne de l&#8217;entreprise ou centre de donn\u00e9es TEQ <\/strong><\/p>\n<p>TEQMonitoring\u00ae peut \u00eatre install\u00e9 sur le serveur interne ou peut \u00eatre fourni en tant que service via le centre de donn\u00e9es professionnel TEQ.<\/p>\n<p><strong> Choix gratuit entre achat ou abonnement annuel <\/strong><\/p>\n<p>Transparence totale des co\u00fbts: l&#8217;ordinateur de bord peut \u00eatre achet\u00e9 ou lou\u00e9 via un contrat de location<\/p>\n<p><strong> Int\u00e9gration dans les syst\u00e8mes informatiques existants de la soci\u00e9t\u00e9 <\/strong><\/p>\n<p>Les applications visant \u00e0 augmenter l&#8217;efficacit\u00e9 du travail doivent s&#8217;int\u00e9grer \u00e0 des syst\u00e8mes externes: notre logiciel de centre op\u00e9rationnel et notre ordinateur de bord ont \u00e9t\u00e9 enti\u00e8rement d\u00e9velopp\u00e9s par TEQ, qui peut permettre la personnalisation du syst\u00e8me embarqu\u00e9 et de bureau selon les besoins sp\u00e9cifiques du client.<\/p>\n<p><strong> <a href=\"https:\/\/www.teq-automotive.com\/fr\/solutions\/bus-sapiens\/\"> Gestion de flotte pour les transports publics <\/a><br \/>\n<\/strong><\/p>\n<p>[\/vc_column_text][vc_separator border_width=&#8221;5&#8243;][\/vc_column][\/vc_row]<\/p>\n","protected":false},"excerpt":{"rendered":"<p>[vc_row][vc_column][vc_single_image image=&#8221;4744&#8243; img_size=&#8221;full&#8221;][vc_column_text] La solution personnalisable solution pour la gestion de la flotte Les donn\u00e9es \u00e0 collecter, les \u00e9v\u00e9nements \u00e0 enregistrer, les intervalles de collecte et le mode de transmission sont librement personnalisables par l&#8217;utilisateur. L&#8217;historique des donn\u00e9es est disponible \u00e0 tout moment et peut \u00eatre affich\u00e9 sans frais suppl\u00e9mentaires. Activation des proc\u00e9dures de transfert [&hellip;]<\/p>\n","protected":false},"author":3,"featured_media":0,"parent":5693,"menu_order":6,"comment_status":"closed","ping_status":"closed","template":"","meta":[],"_links":{"self":[{"href":"https:\/\/www.teq-automotive.com\/fr\/wp-json\/wp\/v2\/pages\/5654"}],"collection":[{"href":"https:\/\/www.teq-automotive.com\/fr\/wp-json\/wp\/v2\/pages"}],"about":[{"href":"https:\/\/www.teq-automotive.com\/fr\/wp-json\/wp\/v2\/types\/page"}],"author":[{"embeddable":true,"href":"https:\/\/www.teq-automotive.com\/fr\/wp-json\/wp\/v2\/users\/3"}],"replies":[{"embeddable":true,"href":"https:\/\/www.teq-automotive.com\/fr\/wp-json\/wp\/v2\/comments?post=5654"}],"version-history":[{"count":4,"href":"https:\/\/www.teq-automotive.com\/fr\/wp-json\/wp\/v2\/pages\/5654\/revisions"}],"predecessor-version":[{"id":7128,"href":"https:\/\/www.teq-automotive.com\/fr\/wp-json\/wp\/v2\/pages\/5654\/revisions\/7128"}],"up":[{"embeddable":true,"href":"https:\/\/www.teq-automotive.com\/fr\/wp-json\/wp\/v2\/pages\/5693"}],"wp:attachment":[{"href":"https:\/\/www.teq-automotive.com\/fr\/wp-json\/wp\/v2\/media?parent=5654"}],"curies":[{"name":"wp","href":"https:\/\/api.w.org\/{rel}","templated":true}]}}