{"id":5658,"date":"2019-07-01T14:49:20","date_gmt":"2019-07-01T12:49:20","guid":{"rendered":"https:\/\/www.teq-automotive.com\/gpd\/"},"modified":"2020-06-04T12:18:13","modified_gmt":"2020-06-04T10:18:13","slug":"gpd","status":"publish","type":"page","link":"https:\/\/www.teq-automotive.com\/fr\/solutions\/gpd\/","title":{"rendered":"GPD"},"content":{"rendered":"<p>[vc_row][vc_column]\t\t<div class=\"wd-heading text-left  text-left\" >\r\n\t\t\t\r\n\t\t\t\t\r\n\t\t\t\t<h3 style=\"margin:0;font-family:;font-weight:400;color:#111111;\" >\r\n\t\t\t\t\tGLD - D\u00e9tection de fuite de gaz - Sp\u00e9cialement d\u00e9velopp\u00e9 pour le gaz naturel comprim\u00e9 et l'hydrog\u00e8ne\t\t\t\t<\/h3>\r\n\r\n\t\t\t\t\r\n\t\t\t\t<h4 style=\"font-family:;font-weight:400;\" >\r\n\t\t\t\t\t\t\t\t\t<\/h4>\r\n\r\n\t\t\t\t\r\n\t\t\t\t\t<\/div>\r\n\r\n\t\t[vc_column_text]<\/p>\n<div class=\"default-text-block\">\n<p><b>Contr\u00f4le constant du niveau de gaz combustible dans l&#8217;air<\/b><\/p>\n<p>Les capteurs peuvent fonctionner m\u00eame lorsque le v\u00e9hicule est arr\u00eat\u00e9, de sorte qu&#8217;ils peuvent surveiller sa s\u00e9curit\u00e9 \u00e0 la fois debout et pendant l&#8217;entretien. Lorsque LEL1 est d\u00e9pass\u00e9 de 20%, le capteur alerte le syst\u00e8me de contr\u00f4le qui donne en cons\u00e9quence l&#8217;alarme selon la proc\u00e9dure pr\u00e9vue.<\/p>\n<p>L&#8217;absorption de courant de chaque capteur \u00e0 une tension de 24 V est de 33 mA. Cette caract\u00e9ristique garantit la protection des batteries m\u00eame pendant de longues p\u00e9riodes pendant lesquelles le v\u00e9hicule n&#8217;est pas utilis\u00e9.<\/p>\n<p><b>Sp\u00e9cialement con\u00e7u pour le compartiment moteur<\/b><\/p>\n<p>Ce syst\u00e8me a \u00e9t\u00e9 sp\u00e9cialement d\u00e9velopp\u00e9 pour le secteur \u00abautomobile\u00bb, en tenant particuli\u00e8rement compte des probl\u00e8mes li\u00e9s \u00e0 son utilisation dans le compartiment moteur. La temp\u00e9rature de fonctionnement passe de -40 \u00b0 C \u00e0 + 100 \u00b0 C et le degr\u00e9 de protection du conteneur est IP 65.<\/p>\n<p><b>Positionnement des capteurs dans les zones \u00e0 risques<\/b><\/p>\n<p>Des fuites de gaz peuvent survenir dans plusieurs zones de v\u00e9hicules: compartiment bouteilles de gaz, compartiment moteur, compartiment pr\u00e9chauffeur: le syst\u00e8me GPD permet de connecter jusqu&#8217;\u00e0 16 capteurs sur le m\u00eame bus de communication (via un seul c\u00e2ble) afin de pouvoir surveiller toutes les zones \u00e0 risques du v\u00e9hicule.<\/p>\n<\/div>\n<p>&nbsp;[\/vc_column_text][vc_single_image image=&#8221;4748&#8243; img_size=&#8221;full&#8221; alignment=&#8221;center&#8221;][\/vc_column][\/vc_row][vc_row][vc_column width=&#8221;1\/2&#8243;][vc_single_image image=&#8221;2790&#8243; img_size=&#8221;full&#8221;][\/vc_column][vc_column width=&#8221;1\/2&#8243; css=&#8221;.vc_custom_1463411390237{padding-left: 30px !important;}&#8221;][vc_single_image image=&#8221;2791&#8243; img_size=&#8221;full&#8221;][\/vc_column][\/vc_row][vc_row][vc_column]\t\t<div class=\"wd-heading text-left  text-left\" >\r\n\t\t\t\r\n\t\t\t\t\r\n\t\t\t\t<h3 style=\"margin:0;font-family:;font-weight:400;color:#111111;\" >\r\n\t\t\t\t\tGPD - Dispositif de protection GAS, gestion et contr\u00f4le des \u00e9lectrovannes\t\t\t\t<\/h3>\r\n\r\n\t\t\t\t\r\n\t\t\t\t<h4 style=\"font-family:;font-weight:400;\" >\r\n\t\t\t\t\t\t\t\t\t<\/h4>\r\n\r\n\t\t\t\t\r\n\t\t\t\t\t<\/div>\r\n\r\n\t\t[vc_column_text]<\/p>\n<div class=\"default-text-block\">\n<p><strong>Pendant le fonctionnement normal du v\u00e9hicule, le syst\u00e8me v\u00e9rifie constamment les \u00e9l\u00e9ments suivants:<\/strong><\/p>\n<ul>\n<li>Absorption de courant de chaque \u00e9lectrovanne. De cette fa\u00e7on, il est possible de v\u00e9rifier si les connexions \u00e9lectriques aux bobines de chaque \u00e9lectrovanne sont correctes et si le fonctionnement \u00e9lectrique des bobines est correct.<\/li>\n<li>Surveillance de la pression de l&#8217;installation. Pendant le fonctionnement du v\u00e9hicule, le syst\u00e8me surveille en permanence la pression de l&#8217;installation afin de d\u00e9tecter toute surpression possible<\/li>\n<\/ul>\n<p><strong>Gr\u00e2ce \u00e0 des tests effectu\u00e9s automatiquement \u00e0 intervalles r\u00e9guliers ou sur demande, le syst\u00e8me peut d\u00e9tecter:<\/strong><\/p>\n<ul>\n<li>Vannes verrouill\u00e9es ouvertes: les risques li\u00e9s \u00e0 ce type de d\u00e9faut sont principalement li\u00e9s au fait que l&#8217;ensemble de l&#8217;usine de gaz est constamment sous pression, m\u00eame lorsque le v\u00e9hicule est arr\u00eat\u00e9, \u00e9tant consid\u00e9rablement dangereux lors des op\u00e9rations d&#8217;entretien ou de stationnement dans des zones ferm\u00e9es int\u00e9rieures.<\/li>\n<li>Vannes ferm\u00e9es \u00e0 cl\u00e9: une bouteille de gaz qui ne devrait pas se d\u00e9charger peut repr\u00e9senter un danger car, dans certaines conditions et en raison de contraintes thermiques, sa pression peut m\u00eame d\u00e9passer 20%, la pression maximale autoris\u00e9e lors du remplissage.<\/li>\n<\/ul>\n<\/div>\n<p>&nbsp;[\/vc_column_text][vc_column_text][\/vc_column_text][\/vc_column][\/vc_row][vc_row][vc_column]\t\t<div class=\"wd-heading text-left  text-left\" >\r\n\t\t\t\r\n\t\t\t\t\r\n\t\t\t\t<h3 style=\"margin:0;font-family:;font-weight:400;color:#111111;\" >\r\n\t\t\t\t\tFlexibilit\u00e9 du syst\u00e8me\t\t\t\t<\/h3>\r\n\r\n\t\t\t\t\r\n\t\t\t\t<h4 style=\"font-family:;font-weight:400;\" >\r\n\t\t\t\t\t\t\t\t\t<\/h4>\r\n\r\n\t\t\t\t\r\n\t\t\t\t\t<\/div>\r\n\r\n\t\t[vc_column_text]<\/p>\n<div class=\"default-text-block\">\n<p>Peut \u00eatre interfac\u00e9 avec le syst\u00e8me multiplex TEQ ADICOM<br \/>\nPeut \u00eatre personnalis\u00e9 pour des besoins sp\u00e9cifiques<br \/>\nLes capteurs sont \u00e9quip\u00e9s d&#8217;un microcontr\u00f4leur: cette solution permet d&#8217;adapter le logiciel de tous les composants aux besoins de chaque constructeur automobile.<\/p>\n<\/div>\n<p>&nbsp;[\/vc_column_text][vc_column_text][\/vc_column_text][\/vc_column][\/vc_row][vc_row][vc_column]\t\t<div class=\"wd-heading text-left  text-left\" >\r\n\t\t\t\r\n\t\t\t\t\r\n\t\t\t\t<h3 style=\"margin:0;font-family:;font-weight:400;color:#111111;\" >\r\n\t\t\t\t\tALARMS\t\t\t\t<\/h3>\r\n\r\n\t\t\t\t\r\n\t\t\t\t<h4 style=\"font-family:;font-weight:400;\" >\r\n\t\t\t\t\t\t\t\t\t<\/h4>\r\n\r\n\t\t\t\t\r\n\t\t\t\t\t<\/div>\r\n\r\n\t\t[vc_column_text]<\/p>\n<div class=\"default-text-block\">\n<p><b>Chauffeur<\/b>: via l&#8217;\u00e9cran tactile et avec buzzer<\/p>\n<p><b>Aires de stationnement<\/b>: klaxon et feux de direction, ou avec des solutions personnalis\u00e9es<\/p>\n<p><b>Centre de contr\u00f4le: <\/b>directement sur PC avec le module TEQMonitoring\u00ae Fleet Management<\/p>\n<p><b>Smartphones: <\/b>avec des informations de localisation de v\u00e9hicules<\/p>\n<\/div>\n<p>&nbsp;[\/vc_column_text][\/vc_column][\/vc_row]<\/p>\n","protected":false},"excerpt":{"rendered":"<p>[vc_row][vc_column][vc_column_text] Contr\u00f4le constant du niveau de gaz combustible dans l&#8217;air Les capteurs peuvent fonctionner m\u00eame lorsque le v\u00e9hicule est arr\u00eat\u00e9, de sorte qu&#8217;ils peuvent surveiller sa s\u00e9curit\u00e9 \u00e0 la fois debout et pendant l&#8217;entretien. Lorsque LEL1 est d\u00e9pass\u00e9 de 20%, le capteur alerte le syst\u00e8me de contr\u00f4le qui donne en cons\u00e9quence l&#8217;alarme selon la proc\u00e9dure [&hellip;]<\/p>\n","protected":false},"author":3,"featured_media":0,"parent":5693,"menu_order":7,"comment_status":"closed","ping_status":"closed","template":"","meta":[],"_links":{"self":[{"href":"https:\/\/www.teq-automotive.com\/fr\/wp-json\/wp\/v2\/pages\/5658"}],"collection":[{"href":"https:\/\/www.teq-automotive.com\/fr\/wp-json\/wp\/v2\/pages"}],"about":[{"href":"https:\/\/www.teq-automotive.com\/fr\/wp-json\/wp\/v2\/types\/page"}],"author":[{"embeddable":true,"href":"https:\/\/www.teq-automotive.com\/fr\/wp-json\/wp\/v2\/users\/3"}],"replies":[{"embeddable":true,"href":"https:\/\/www.teq-automotive.com\/fr\/wp-json\/wp\/v2\/comments?post=5658"}],"version-history":[{"count":8,"href":"https:\/\/www.teq-automotive.com\/fr\/wp-json\/wp\/v2\/pages\/5658\/revisions"}],"predecessor-version":[{"id":7081,"href":"https:\/\/www.teq-automotive.com\/fr\/wp-json\/wp\/v2\/pages\/5658\/revisions\/7081"}],"up":[{"embeddable":true,"href":"https:\/\/www.teq-automotive.com\/fr\/wp-json\/wp\/v2\/pages\/5693"}],"wp:attachment":[{"href":"https:\/\/www.teq-automotive.com\/fr\/wp-json\/wp\/v2\/media?parent=5658"}],"curies":[{"name":"wp","href":"https:\/\/api.w.org\/{rel}","templated":true}]}}