{"id":5662,"date":"2022-05-20T15:32:25","date_gmt":"2022-05-20T13:32:25","guid":{"rendered":"https:\/\/www.teq-automotive.com\/home\/"},"modified":"2025-10-06T12:49:08","modified_gmt":"2025-10-06T10:49:08","slug":"home","status":"publish","type":"page","link":"https:\/\/www.teq-automotive.com\/fr\/","title":{"rendered":"Home"},"content":{"rendered":"<p>[vc_row][vc_column][\/vc_column][\/vc_row][vc_row][vc_column]\n\t\t\t<!-- START Machinery Hero REVOLUTION SLIDER 6.2.15 --><p class=\"rs-p-wp-fix\"><\/p>\n\t\t\t<rs-module-wrap id=\"rev_slider_5_1_wrapper\" data-source=\"gallery\" style=\"background:transparent;padding:0;margin:0px auto;margin-top:0;margin-bottom:0;\">\n\t\t\t\t<rs-module id=\"rev_slider_5_1\" style=\"\" data-version=\"6.2.15\">\n\t\t\t\t\t<rs-slides>\n\t\t\t\t\t\t<rs-slide data-key=\"rs-12\" data-title=\"Intro\" data-anim=\"ei:power4.inOut;eo:power4.inOut;s:2000;r:0;t:zoomout;sl:d;\">\n\t\t\t\t\t\t\t<img src=\"\/\/img.youtube.com\/vi\/rRaalFIejbk\/sddefault.jpg\" title=\"Home\" class=\"rev-slidebg\" data-no-retina>\n\t\t\t\t\t\t\t<rs-bgvideo \n\t\t\t\t\t\t\t\tdata-video=\"vc:none;w:100%;h:100%;nse:false;l:loopandnoslidestop;ptimer:false;fc:false;\"\n\t\t\t\t\t\t\t\tdata-ytid=\"rRaalFIejbk\"\n\t\t\t\t\t\t\t\tdata-vatr=\"version=3&amp;enablejsapi=1&amp;html5=1&amp;hd=1&amp;wmode=opaque&amp;showinfo=0&amp;rel=0&amp;origin=https:\/\/www.teq-automotive.com;\"\n\t\t\t\t\t\t\t><\/rs-bgvideo>\n<!--\n\t\t\t\t\t\t\t--><rs-layer\n\t\t\t\t\t\t\t\tid=\"slider-5-slide-12-layer-10\" \n\t\t\t\t\t\t\t\tclass=\"tp-shape tp-shapewrapper\"\n\t\t\t\t\t\t\t\tdata-type=\"shape\"\n\t\t\t\t\t\t\t\tdata-xy=\"x:c;xo:0,0,0,1px;y:m;yo:0,0,-1px,0;\"\n\t\t\t\t\t\t\t\tdata-text=\"fw:800;\"\n\t\t\t\t\t\t\t\tdata-dim=\"w:100%;h:100%;\"\n\t\t\t\t\t\t\t\tdata-basealign=\"slide\"\n\t\t\t\t\t\t\t\tdata-rsp_bd=\"off\"\n\t\t\t\t\t\t\t\tdata-frame_0=\"tp:600;\"\n\t\t\t\t\t\t\t\tdata-frame_1=\"tp:600;sp:2000;sR:10;\"\n\t\t\t\t\t\t\t\tdata-frame_999=\"o:0;tp:600;e:power2.inOut;st:w;sp:1000;sR:6990;\"\n\t\t\t\t\t\t\t\tstyle=\"z-index:5;background-color:rgba(0,0,0,0.55);\"\n\t\t\t\t\t\t\t> \n\t\t\t\t\t\t\t<\/rs-layer><!--\n\n\t\t\t\t\t\t\t--><rs-layer\n\t\t\t\t\t\t\t\tid=\"slider-5-slide-12-layer-1\" \n\t\t\t\t\t\t\t\tclass=\"NotGeneric-Title\"\n\t\t\t\t\t\t\t\tdata-type=\"text\"\n\t\t\t\t\t\t\t\tdata-color=\"rgba(255, 255, 255, 1)\"\n\t\t\t\t\t\t\t\tdata-rsp_ch=\"on\"\n\t\t\t\t\t\t\t\tdata-xy=\"x:c;xo:0,0,-1px,-1px;y:m;yo:-22px,0,-83px,-65px;\"\n\t\t\t\t\t\t\t\tdata-text=\"w:nowrap,nowrap,normal,normal;s:70,70,60,50;l:70,70,70,60;fw:100;a:center;\"\n\t\t\t\t\t\t\t\tdata-dim=\"w:auto,auto,705px,474px;\"\n\t\t\t\t\t\t\t\tdata-padding=\"t:10;b:10;\"\n\t\t\t\t\t\t\t\tdata-frame_0=\"y:-50px;tp:600;\"\n\t\t\t\t\t\t\t\tdata-frame_1=\"tp:600;e:power2.inOut;st:1000;sp:2000;sR:1000;\"\n\t\t\t\t\t\t\t\tdata-frame_999=\"y:100%;tp:600;e:power2.inOut;st:w;sp:1000;sR:6000;\"\n\t\t\t\t\t\t\t\tdata-frame_999_mask=\"u:t;\"\n\t\t\t\t\t\t\t\tstyle=\"z-index:6;font-family:Raleway;\"\n\t\t\t\t\t\t\t>Electronics that lead the way \n\t\t\t\t\t\t\t<\/rs-layer><!--\n-->\t\t\t\t\t\t<\/rs-slide>\n\t\t\t\t\t<\/rs-slides>\n\t\t\t\t<\/rs-module>\n\t\t\t<\/rs-module-wrap>\n\t\t\t<!-- END REVOLUTION SLIDER -->\n[\/vc_column][\/vc_row][vc_row css=&#8221;.vc_custom_1463954640353{padding-right: 20px !important;padding-left: 20px !important;}&#8221;][vc_column]\r\n\r\n<div class=\"wd_empty_space\" data-heightmobile=\"10\" data-heighttablet=\"20\" data-heightdesktop=\"30\">\r\n\r\n<\/div>\r\n      \r\n\r\n\r\n\r\n        \r\n      \r\n    \t\t<div class=\"wd-heading text-center  \" >\r\n\t\t\t\r\n\t\t\t\t\r\n\t\t\t\t<h3 style=\"margin:0;font-family:;font-weight:400;\" >\r\n\t\t\t\t\t\u00c9lectronique automobile, syst\u00e8mes de transport intelligents, gestion de flotte et automatisation.\t\t\t\t<\/h3>\r\n\r\n\t\t\t\t\r\n\t\t\t\t<h4 style=\"font-family:;font-weight:400;\" >\r\n\t\t\t\t\t\t\t\t\t<\/h4>\r\n\r\n\t\t\t\t\r\n\t\t\t\t\t<\/div>\r\n\r\n\t\t\r\n\r\n<div class=\"wd_empty_space\" data-heightmobile=\"10\" data-heighttablet=\"20\" data-heightdesktop=\"30\">\r\n\r\n<\/div>\r\n      \r\n\r\n\r\n\r\n        \r\n      \r\n    \t\t<div class=\"wd-heading text-center  \" >\r\n\t\t\t\r\n\t\t\t\t\r\n\t\t\t\t<h3 style=\"margin:0;font-family:;font-weight:400;\" >\r\n\t\t\t\t\tNotre objectif : cr\u00e9er des solutions toujours \u00e0 la pointe du progr\u00e8s.\t\t\t\t<\/h3>\r\n\r\n\t\t\t\t\r\n\t\t\t\t<h4 style=\"font-family:;font-weight:400;\" >\r\n\t\t\t\t\t\t\t\t\t<\/h4>\r\n\r\n\t\t\t\t\r\n\t\t\t\t\t<\/div>\r\n\r\n\t\t\r\n\r\n<div class=\"wd_empty_space\" data-heightmobile=\"10\" data-heighttablet=\"20\" data-heightdesktop=\"30\">\r\n\r\n<\/div>\r\n      \r\n\r\n\r\n\r\n        \r\n      \r\n    [vc_row_inner gap=&#8221;20&#8243;][vc_column_inner width=&#8221;1\/3&#8243;][vc_single_image image=&#8221;8747&#8243; img_size=&#8221;full&#8221;][vc_column_text]<\/p>\n<h3><a href=\"https:\/\/www.teq-automotive.com\/adicom\/\"><strong>Automobile<\/strong><\/a><\/h3>\n<p>[\/vc_column_text][\/vc_column_inner][vc_column_inner width=&#8221;1\/3&#8243;][vc_single_image image=&#8221;8746&#8243; img_size=&#8221;full&#8221;][vc_column_text]<\/p>\n<h3><a href=\"https:\/\/www.teq-automotive.com\/fr\/solutions\/ccs-combined-charging-system\/\"><strong>EV Charging Solutions &#8211; CCS &amp; OppCharge<\/strong><\/a><\/h3>\n<p>[\/vc_column_text][\/vc_column_inner][vc_column_inner width=&#8221;1\/3&#8243;][vc_single_image image=&#8221;8745&#8243; img_size=&#8221;full&#8221;][vc_column_text]<\/p>\n<h3><strong><a href=\"https:\/\/www.teq-automotive.com\/fr\/solutions\/adas\/\">DDAW &#8211; Driver drowsiness and attention warning system<\/a><\/strong><\/h3>\n<p>[\/vc_column_text][\/vc_column_inner][\/vc_row_inner][vc_row_inner gap=&#8221;20&#8243;][vc_column_inner width=&#8221;1\/3&#8243;][vc_single_image image=&#8221;8775&#8243; img_size=&#8221;full&#8221;][vc_column_text]<\/p>\n<h3><a href=\"https:\/\/www.teq-automotive.com\/adicom\/\"><strong>Wallbox with Dynamic Load Management<\/strong><\/a><\/h3>\n<p>[\/vc_column_text][\/vc_column_inner][vc_column_inner width=&#8221;1\/3&#8243;][vc_single_image image=&#8221;8748&#8243; img_size=&#8221;full&#8221;][vc_column_text]<\/p>\n<h3><strong><a href=\"https:\/\/www.teq-automotive.com\/fr\/solutions\/smart-key\/\">Keyless Go &#8211; Smart Entry<\/a><\/strong><\/h3>\n<p>[\/vc_column_text][\/vc_column_inner][vc_column_inner width=&#8221;1\/3&#8243;][vc_single_image image=&#8221;4783&#8243; img_size=&#8221;full&#8221;][vc_column_text]<\/p>\n<h3><a href=\"https:\/\/www.teq-automotive.com\/fr\/solutions\/adas\/\"><strong>GSR2 &#8211; General Safety Regulation 2 &#8211; MOIS &#8211; BSIS &#8211; ISA <\/strong><\/a><\/h3>\n<p>[\/vc_column_text][\/vc_column_inner][\/vc_row_inner][vc_row_inner gap=&#8221;20&#8243;][vc_column_inner width=&#8221;1\/3&#8243;][vc_single_image image=&#8221;4779&#8243; img_size=&#8221;full&#8221;][vc_column_text]<\/p>\n<h3><strong><a href=\"https:\/\/www.teq-automotive.com\/gpd\">S\u00e9curit\u00e9 des v\u00e9hicules \u00e0 gaz<\/a><\/strong><\/h3>\n<p>[\/vc_column_text][\/vc_column_inner][vc_column_inner width=&#8221;1\/3&#8243;][vc_single_image image=&#8221;4777&#8243; img_size=&#8221;full&#8221;][vc_column_text]<\/p>\n<h3><strong><a href=\"https:\/\/www.teq-automotive.com\/fr\/solutions\/bus-sapiens\/\">ITS<\/a><a href=\"https:\/\/www.teq-automotive.com\/fr\/solutions\/bus-sapiens\/\"> \/ <\/a><a href=\"https:\/\/www.teq-automotive.com\/fr\/solutions\/bus-sapiens\/\">Gestion de flotte<\/a><\/strong><\/h3>\n<p>[\/vc_column_text][\/vc_column_inner][vc_column_inner width=&#8221;1\/3&#8243;][vc_single_image image=&#8221;4778&#8243; img_size=&#8221;full&#8221;][vc_column_text]<\/p>\n<h3><a href=\"https:\/\/www.teq-automotive.com\/fr\/solutions\/teqdebug\/\"><strong>Passerelle de diagnostic \u2013 Blackbox<\/strong><\/a><\/h3>\n<p>[\/vc_column_text][\/vc_column_inner][\/vc_row_inner][vc_row_inner gap=&#8221;20&#8243;][vc_column_inner width=&#8221;1\/3&#8243;][vc_single_image image=&#8221;4781&#8243; img_size=&#8221;full&#8221;][vc_column_text]<\/p>\n<h3><a href=\"https:\/\/www.teq-automotive.com\/fr\/solutions\/itxpt\/\"><strong>ITxPT<\/strong><\/a><\/h3>\n<p>[\/vc_column_text][\/vc_column_inner][vc_column_inner width=&#8221;1\/3&#8243;][vc_single_image image=&#8221;4782&#8243; img_size=&#8221;full&#8221;][vc_column_text]<\/p>\n<h3><a href=\"https:\/\/www.teq-automotive.com\/fr\/solutions\/teqparking\/\"><strong>Infoparking<\/strong><\/a><\/h3>\n<p>[\/vc_column_text][\/vc_column_inner][vc_column_inner width=&#8221;1\/3&#8243;][vc_single_image image=&#8221;4745&#8243; img_size=&#8221;full&#8221;][vc_column_text]<\/p>\n<h3><strong><a href=\"https:\/\/www.teq-automotive.com\/fr\/solutions\/gestion-de-flotte\/\">Monde connect\u00e9<\/a><\/strong><\/h3>\n<p>[\/vc_column_text][\/vc_column_inner][\/vc_row_inner][vc_row_inner gap=&#8221;20&#8243;][vc_column_inner width=&#8221;1\/3&#8243;][vc_single_image image=&#8221;4784&#8243; img_size=&#8221;full&#8221;][vc_column_text]<\/p>\n<h3><strong><a href=\"https:\/\/www.teq-automotive.com\/fr\/automation\/\">Automatisation<\/a><\/strong><\/h3>\n<p>[\/vc_column_text][\/vc_column_inner][vc_column_inner width=&#8221;1\/3&#8243;][\/vc_column_inner][vc_column_inner width=&#8221;1\/3&#8243;][\/vc_column_inner][\/vc_row_inner][\/vc_column][\/vc_row]<\/p>\n","protected":false},"excerpt":{"rendered":"<p>[vc_row][vc_column][\/vc_column][\/vc_row][vc_row][vc_column][\/vc_column][\/vc_row][vc_row css=&#8221;.vc_custom_1463954640353{padding-right: 20px !important;padding-left: 20px !important;}&#8221;][vc_column][vc_row_inner gap=&#8221;20&#8243;][vc_column_inner width=&#8221;1\/3&#8243;][vc_single_image image=&#8221;8747&#8243; img_size=&#8221;full&#8221;][vc_column_text] Automobile [\/vc_column_text][\/vc_column_inner][vc_column_inner width=&#8221;1\/3&#8243;][vc_single_image image=&#8221;8746&#8243; img_size=&#8221;full&#8221;][vc_column_text] EV Charging Solutions &#8211; CCS &amp; OppCharge [\/vc_column_text][\/vc_column_inner][vc_column_inner width=&#8221;1\/3&#8243;][vc_single_image image=&#8221;8745&#8243; img_size=&#8221;full&#8221;][vc_column_text] DDAW &#8211; Driver drowsiness and attention warning system [\/vc_column_text][\/vc_column_inner][\/vc_row_inner][vc_row_inner gap=&#8221;20&#8243;][vc_column_inner width=&#8221;1\/3&#8243;][vc_single_image image=&#8221;8775&#8243; img_size=&#8221;full&#8221;][vc_column_text] Wallbox with Dynamic Load Management [\/vc_column_text][\/vc_column_inner][vc_column_inner width=&#8221;1\/3&#8243;][vc_single_image image=&#8221;8748&#8243; img_size=&#8221;full&#8221;][vc_column_text] Keyless Go &#8211; Smart Entry [\/vc_column_text][\/vc_column_inner][vc_column_inner width=&#8221;1\/3&#8243;][vc_single_image [&hellip;]<\/p>\n","protected":false},"author":3,"featured_media":0,"parent":0,"menu_order":0,"comment_status":"closed","ping_status":"closed","template":"","meta":[],"_links":{"self":[{"href":"https:\/\/www.teq-automotive.com\/fr\/wp-json\/wp\/v2\/pages\/5662"}],"collection":[{"href":"https:\/\/www.teq-automotive.com\/fr\/wp-json\/wp\/v2\/pages"}],"about":[{"href":"https:\/\/www.teq-automotive.com\/fr\/wp-json\/wp\/v2\/types\/page"}],"author":[{"embeddable":true,"href":"https:\/\/www.teq-automotive.com\/fr\/wp-json\/wp\/v2\/users\/3"}],"replies":[{"embeddable":true,"href":"https:\/\/www.teq-automotive.com\/fr\/wp-json\/wp\/v2\/comments?post=5662"}],"version-history":[{"count":34,"href":"https:\/\/www.teq-automotive.com\/fr\/wp-json\/wp\/v2\/pages\/5662\/revisions"}],"predecessor-version":[{"id":8994,"href":"https:\/\/www.teq-automotive.com\/fr\/wp-json\/wp\/v2\/pages\/5662\/revisions\/8994"}],"wp:attachment":[{"href":"https:\/\/www.teq-automotive.com\/fr\/wp-json\/wp\/v2\/media?parent=5662"}],"curies":[{"name":"wp","href":"https:\/\/api.w.org\/{rel}","templated":true}]}}