{"id":5690,"date":"2019-07-01T14:59:08","date_gmt":"2019-07-01T12:59:08","guid":{"rendered":"https:\/\/www.teq-automotive.com\/smart-key\/"},"modified":"2020-06-04T11:50:59","modified_gmt":"2020-06-04T09:50:59","slug":"smart-key","status":"publish","type":"page","link":"https:\/\/www.teq-automotive.com\/fr\/solutions\/smart-key\/","title":{"rendered":"Smart Key"},"content":{"rendered":"<p>[vc_row][vc_column]\t\t<div class=\"wd-heading text-left  text-left\" >\r\n\t\t\t\r\n\t\t\t\t\r\n\t\t\t\t<h3 style=\"margin:0;font-family:;font-weight:400;color:#111111;\" >\r\n\t\t\t\t\tSYST\u00c8ME SMART KEY - Entr\u00e9e &amp; d\u00e9marrage passifs\t\t\t\t<\/h3>\r\n\r\n\t\t\t\t\r\n\t\t\t\t<h4 style=\"font-family:;font-weight:400;\" >\r\n\t\t\t\t\t\t\t\t\t<\/h4>\r\n\r\n\t\t\t\t\r\n\t\t\t\t\t<\/div>\r\n\r\n\t\t[vc_column_text]<\/p>\n<div class=\"default-text-block\">\n<p>Caract\u00e9ristiques du syst\u00e8me:<\/p>\n<ul>\n<li>D\u00e9tecte le FOB \u00e0 proximit\u00e9 du v\u00e9hicule.<\/li>\n<li>D\u00e9tecte la zone \u00e0 l&#8217;ext\u00e9rieur du v\u00e9hicule o\u00f9 se trouve le FOB.<\/li>\n<li>Permet le verrouillage \/ d\u00e9verrouillage d&#8217;une seule porte ou de toutes les portes.<\/li>\n<li>D\u00e9tecte le FOB \u00e0 l&#8217;int\u00e9rieur du v\u00e9hicule pr\u00e8s du si\u00e8ge du conducteur.<\/li>\n<li>Communique avec le syst\u00e8me d&#8217;immobilisation (interface CAN).<\/li>\n<li>G\u00e8re le bouton START \/ STOP.<\/li>\n<li>Transmet le niveau de batterie du FOB au v\u00e9hicule.<\/li>\n<li>Interfac\u00e9 avec le GSM pour les applications Smartphones.<\/li>\n<li>Fonctions d&#8217;alarme de base.<\/li>\n<li>Int\u00e9gr\u00e9 au syst\u00e8me de gestion de flotte TeqMonitoring \u00ae, il comprend un localisateur GPS satellite avec connectivit\u00e9 GSM et HSDPA \/ LTE, pour les diagnostics \u00e0 distance et la surveillance de la flotte. <\/li>\n<\/ul>\n<\/div>\n<p>&nbsp;[\/vc_column_text][\/vc_column][\/vc_row][vc_row][vc_column width=&#8221;1\/2&#8243;][vc_single_image image=&#8221;4754&#8243; img_size=&#8221;420&#215;270&#8243; title=&#8221;FOB&#8221;][\/vc_column][vc_column width=&#8221;1\/2&#8243; css=&#8221;.vc_custom_1463411390237{padding-left: 30px !important;}&#8221;][vc_single_image image=&#8221;4755&#8243; img_size=&#8221;420&#215;270&#8243; title=&#8221;Cl\u00e9 int\u00e9gr\u00e9e dans le FOB&#8221;][\/vc_column][\/vc_row]<\/p>\n","protected":false},"excerpt":{"rendered":"<p>[vc_row][vc_column][vc_column_text] Caract\u00e9ristiques du syst\u00e8me: D\u00e9tecte le FOB \u00e0 proximit\u00e9 du v\u00e9hicule. D\u00e9tecte la zone \u00e0 l&#8217;ext\u00e9rieur du v\u00e9hicule o\u00f9 se trouve le FOB. Permet le verrouillage \/ d\u00e9verrouillage d&#8217;une seule porte ou de toutes les portes. D\u00e9tecte le FOB \u00e0 l&#8217;int\u00e9rieur du v\u00e9hicule pr\u00e8s du si\u00e8ge du conducteur. Communique avec le syst\u00e8me d&#8217;immobilisation (interface CAN). [&hellip;]<\/p>\n","protected":false},"author":3,"featured_media":0,"parent":5693,"menu_order":8,"comment_status":"closed","ping_status":"closed","template":"","meta":[],"_links":{"self":[{"href":"https:\/\/www.teq-automotive.com\/fr\/wp-json\/wp\/v2\/pages\/5690"}],"collection":[{"href":"https:\/\/www.teq-automotive.com\/fr\/wp-json\/wp\/v2\/pages"}],"about":[{"href":"https:\/\/www.teq-automotive.com\/fr\/wp-json\/wp\/v2\/types\/page"}],"author":[{"embeddable":true,"href":"https:\/\/www.teq-automotive.com\/fr\/wp-json\/wp\/v2\/users\/3"}],"replies":[{"embeddable":true,"href":"https:\/\/www.teq-automotive.com\/fr\/wp-json\/wp\/v2\/comments?post=5690"}],"version-history":[{"count":4,"href":"https:\/\/www.teq-automotive.com\/fr\/wp-json\/wp\/v2\/pages\/5690\/revisions"}],"predecessor-version":[{"id":7069,"href":"https:\/\/www.teq-automotive.com\/fr\/wp-json\/wp\/v2\/pages\/5690\/revisions\/7069"}],"up":[{"embeddable":true,"href":"https:\/\/www.teq-automotive.com\/fr\/wp-json\/wp\/v2\/pages\/5693"}],"wp:attachment":[{"href":"https:\/\/www.teq-automotive.com\/fr\/wp-json\/wp\/v2\/media?parent=5690"}],"curies":[{"name":"wp","href":"https:\/\/api.w.org\/{rel}","templated":true}]}}