{"id":5693,"date":"2019-07-01T15:10:48","date_gmt":"2019-07-01T13:10:48","guid":{"rendered":"https:\/\/www.teq-automotive.com\/solutions\/"},"modified":"2022-05-23T14:05:13","modified_gmt":"2022-05-23T12:05:13","slug":"solutions","status":"publish","type":"page","link":"https:\/\/www.teq-automotive.com\/fr\/solutions\/","title":{"rendered":"Solutions"},"content":{"rendered":"<p>[vc_row css=&#8221;.vc_custom_1463954640353{padding-right: 20px !important;padding-left: 20px !important;}&#8221;][vc_column]\t\t<div class=\"wd-heading text-center  \" >\r\n\t\t\t\r\n\t\t\t\t\r\n\t\t\t\t<h2 style=\"margin:0;font-family:;font-weight:400;color:#333333;\" >\r\n\t\t\t\t\tNos solutions\t\t\t\t<\/h2>\r\n\r\n\t\t\t\t\r\n\t\t\t\t<h4 style=\"font-family:;font-weight:400;color:#ffffff;\" >\r\n\t\t\t\t\t\t\t\t\t<\/h4>\r\n\r\n\t\t\t\t\r\n\t\t\t\t\t<\/div>\r\n\r\n\t\t\r\n\r\n<div class=\"wd_empty_space\" data-heightmobile=\"20\" data-heighttablet=\"25\" data-heightdesktop=\"25\">\r\n\r\n<\/div>\r\n      \r\n\r\n\r\n\r\n        \r\n      \r\n    [vc_row_inner gap=&#8221;20&#8243; el_class=&#8221;test&#8221;][vc_column_inner width=&#8221;1\/3&#8243;][vc_single_image image=&#8221;4759&#8243; img_size=&#8221;full&#8221;][vc_column_text]<\/p>\n<h3><a href=\"https:\/\/www.teq-automotive.com\/adicom\/\">ADICOM<\/a><\/h3>\n<p>Syst\u00e8mes multiplex, tableaux de bord, \u00e9crans, calculateurs, ADAS, bo\u00eetes noires[\/vc_column_text][\/vc_column_inner][vc_column_inner width=&#8221;1\/3&#8243;][vc_single_image image=&#8221;8184&#8243; img_size=&#8221;full&#8221; style=&#8221;vc_box_shadow&#8221;][vc_column_text]<\/p>\n<h3><a href=\"https:\/\/www.teq-automotive.com\/fr\/solutions\/ccs-combined-charging-system\/\">CCS<\/a><\/h3>\n<p>CCS Combined Charging System[\/vc_column_text][\/vc_column_inner][vc_column_inner width=&#8221;1\/3&#8243;][vc_single_image image=&#8221;4761&#8243; img_size=&#8221;full&#8221;][vc_column_text]<\/p>\n<h3 class=\"wd-title-element\"><a href=\"https:\/\/www.teq-automotive.com\/gpd\">GDP Dispositif de protection contre les gaz<\/a><\/h3>\n<p>Capteurs de fuite de gaz et \u00e9lectrovannes de contr\u00f4le de fonctionnement.[\/vc_column_text][\/vc_column_inner][\/vc_row_inner][vc_row_inner gap=&#8221;20&#8243; el_class=&#8221;test&#8221;][vc_column_inner width=&#8221;1\/3&#8243;][vc_single_image image=&#8221;4760&#8243; img_size=&#8221;full&#8221;][vc_column_text]<\/p>\n<h3><a href=\"https:\/\/www.teq-automotive.com\/fr\/solutions\/smart-key\/\">Smart Key<\/a><\/h3>\n<p>Syst\u00e8mes d\u2019entr\u00e9e passive et de d\u00e9marrage passif[\/vc_column_text][\/vc_column_inner][vc_column_inner width=&#8221;1\/3&#8243;][vc_single_image image=&#8221;4762&#8243; img_size=&#8221;1000&#215;667&#8243;][vc_column_text]<\/p>\n<h3 class=\"wd-title-element\"><a href=\"https:\/\/www.teq-automotive.com\/fr\/solutions\/gestion-de-flotte\/\">TEQMonitoring\u00ae<\/a><\/h3>\n<p>Solution satellite pour la gestion de flotte.[\/vc_column_text][\/vc_column_inner][vc_column_inner width=&#8221;1\/3&#8243;][vc_single_image image=&#8221;4763&#8243; img_size=&#8221;full&#8221;][vc_column_text]<\/p>\n<h3 class=\"wd-title-element\"><a href=\"https:\/\/www.teq-automotive.com\/fr\/solutions\/bus-sapiens\/\">Bus Sapiens\u00ae<\/a><\/h3>\n<p>Transports publics: solutions t\u00e9l\u00e9matiques pour la gestion d\u2019un syst\u00e8me de transport int\u00e9gr\u00e9.[\/vc_column_text][\/vc_column_inner][\/vc_row_inner][vc_row_inner gap=&#8221;20&#8243; el_class=&#8221;test&#8221;][vc_column_inner width=&#8221;1\/3&#8243;][vc_single_image image=&#8221;4764&#8243; img_size=&#8221;full&#8221;][vc_column_text]<\/p>\n<h3 class=\"wd-title-element\"><a href=\"https:\/\/www.teq-automotive.com\/fr\/solutions\/teqdebug\/\">TEQDebug<\/a><\/h3>\n<p>Analyse \u00e0 distance et diagnostic pour v\u00e9hicules. Styles de conduite et \u00e9tat d\u2019entretien de la flotte.[\/vc_column_text][\/vc_column_inner][vc_column_inner width=&#8221;1\/3&#8243;][vc_single_image image=&#8221;4765&#8243; img_size=&#8221;large&#8221;][vc_column_text]<\/p>\n<h3 class=\"wd-title-element\"><a href=\"https:\/\/www.teq-automotive.com\/fr\/solutions\/teqparking\/\">TEQParking<\/a><\/h3>\n<p>Surveillance de l\u2019occupation du parking. Guide des parkings disponibles dans les zones urbaines.[\/vc_column_text][\/vc_column_inner][vc_column_inner width=&#8221;1\/3&#8243;][vc_single_image image=&#8221;5945&#8243; img_size=&#8221;full&#8221;][vc_column_text]<\/p>\n<h3 class=\"wd-title-element\"><a href=\"https:\/\/www.teq-automotive.com\/fr\/solutions\/adas\/\">ADAS Integration<\/a><\/h3>\n<p>Teq fournit l\u2019int\u00e9gration des solutions ADAS pour les constructeurs automobiles.[\/vc_column_text][\/vc_column_inner][\/vc_row_inner][\/vc_column][\/vc_row]<\/p>\n","protected":false},"excerpt":{"rendered":"<p>[vc_row css=&#8221;.vc_custom_1463954640353{padding-right: 20px !important;padding-left: 20px !important;}&#8221;][vc_column][vc_row_inner gap=&#8221;20&#8243; el_class=&#8221;test&#8221;][vc_column_inner width=&#8221;1\/3&#8243;][vc_single_image image=&#8221;4759&#8243; img_size=&#8221;full&#8221;][vc_column_text] ADICOM Syst\u00e8mes multiplex, tableaux de bord, \u00e9crans, calculateurs, ADAS, bo\u00eetes noires[\/vc_column_text][\/vc_column_inner][vc_column_inner width=&#8221;1\/3&#8243;][vc_single_image image=&#8221;8184&#8243; img_size=&#8221;full&#8221; style=&#8221;vc_box_shadow&#8221;][vc_column_text] CCS CCS Combined Charging System[\/vc_column_text][\/vc_column_inner][vc_column_inner width=&#8221;1\/3&#8243;][vc_single_image image=&#8221;4761&#8243; img_size=&#8221;full&#8221;][vc_column_text] GDP Dispositif de protection contre les gaz Capteurs de fuite de gaz et \u00e9lectrovannes de contr\u00f4le de fonctionnement.[\/vc_column_text][\/vc_column_inner][\/vc_row_inner][vc_row_inner gap=&#8221;20&#8243; el_class=&#8221;test&#8221;][vc_column_inner width=&#8221;1\/3&#8243;][vc_single_image [&hellip;]<\/p>\n","protected":false},"author":3,"featured_media":0,"parent":0,"menu_order":2,"comment_status":"closed","ping_status":"closed","template":"","meta":[],"_links":{"self":[{"href":"https:\/\/www.teq-automotive.com\/fr\/wp-json\/wp\/v2\/pages\/5693"}],"collection":[{"href":"https:\/\/www.teq-automotive.com\/fr\/wp-json\/wp\/v2\/pages"}],"about":[{"href":"https:\/\/www.teq-automotive.com\/fr\/wp-json\/wp\/v2\/types\/page"}],"author":[{"embeddable":true,"href":"https:\/\/www.teq-automotive.com\/fr\/wp-json\/wp\/v2\/users\/3"}],"replies":[{"embeddable":true,"href":"https:\/\/www.teq-automotive.com\/fr\/wp-json\/wp\/v2\/comments?post=5693"}],"version-history":[{"count":17,"href":"https:\/\/www.teq-automotive.com\/fr\/wp-json\/wp\/v2\/pages\/5693\/revisions"}],"predecessor-version":[{"id":8190,"href":"https:\/\/www.teq-automotive.com\/fr\/wp-json\/wp\/v2\/pages\/5693\/revisions\/8190"}],"wp:attachment":[{"href":"https:\/\/www.teq-automotive.com\/fr\/wp-json\/wp\/v2\/media?parent=5693"}],"curies":[{"name":"wp","href":"https:\/\/api.w.org\/{rel}","templated":true}]}}