{"id":5713,"date":"2019-07-01T15:12:39","date_gmt":"2019-07-01T13:12:39","guid":{"rendered":"https:\/\/www.teq-automotive.com\/teqdebug\/"},"modified":"2020-06-04T11:59:11","modified_gmt":"2020-06-04T09:59:11","slug":"teqdebug","status":"publish","type":"page","link":"https:\/\/www.teq-automotive.com\/fr\/solutions\/teqdebug\/","title":{"rendered":"TEQDebug"},"content":{"rendered":"<p>[vc_row][vc_column]\t\t<div class=\"wd-heading text-left  text-left\" >\r\n\t\t\t\r\n\t\t\t\t\r\n\t\t\t\t<h3 style=\"margin:0;font-family:;font-weight:400;color:#111111;\" >\r\n\t\t\t\t\tTEQ Debug\t\t\t\t<\/h3>\r\n\r\n\t\t\t\t\r\n\t\t\t\t<h4 style=\"font-family:;font-weight:400;\" >\r\n\t\t\t\t\t\t\t\t\t<\/h4>\r\n\r\n\t\t\t\t\r\n\t\t\t\t\t<\/div>\r\n\r\n\t\t[vc_column_text]<\/p>\n<div class=\"default-text-block\">\n<p><strong>Diagnostic \u00e0 distance pour les v\u00e9hicules<\/strong>. Con\u00e7ue \u00e0 l&#8217;origine pour le diagnostic \u00e0 distance des installations multiplex ADICOM (r\u00e9seau CAN d&#8217;unit\u00e9s de contr\u00f4le \u00e9lectronique produites par TEQ) et pour surveiller l&#8217;\u00e9tat de fonctionnement des batteries des v\u00e9hicules \u00e9lectriques, c&#8217;est aujourd&#8217;hui la bonne solution permettant le diagnostic complet \u00e0 distance de tous les syst\u00e8mes embarqu\u00e9s avec ODB standard interfaces. Gr\u00e2ce \u00e0 un module \u00e9quip\u00e9 d&#8217;un modem GSM \/ GPRS s&#8217;interfa\u00e7ant avec des calculateurs \u00e9lectroniques embarqu\u00e9s et gr\u00e2ce \u00e0 un logiciel \u00e0 installer sur PC, il est possible de v\u00e9rifier l&#8217;\u00e9tat de fonctionnement d&#8217;un v\u00e9hicule exactement de la m\u00eame mani\u00e8re que si ce v\u00e9hicule se trouvait dans le atelier.<\/p>\n<\/div>\n<p>&nbsp;[\/vc_column_text][\/vc_column][\/vc_row][vc_row][vc_column][\/vc_column][\/vc_row][vc_row gap=&#8221;10&#8243; full_height=&#8221;yes&#8221;][vc_column][\/vc_column][\/vc_row]<\/p>\n","protected":false},"excerpt":{"rendered":"<p>[vc_row][vc_column][vc_column_text] Diagnostic \u00e0 distance pour les v\u00e9hicules. Con\u00e7ue \u00e0 l&#8217;origine pour le diagnostic \u00e0 distance des installations multiplex ADICOM (r\u00e9seau CAN d&#8217;unit\u00e9s de contr\u00f4le \u00e9lectronique produites par TEQ) et pour surveiller l&#8217;\u00e9tat de fonctionnement des batteries des v\u00e9hicules \u00e9lectriques, c&#8217;est aujourd&#8217;hui la bonne solution permettant le diagnostic complet \u00e0 distance de tous les syst\u00e8mes embarqu\u00e9s [&hellip;]<\/p>\n","protected":false},"author":3,"featured_media":0,"parent":5693,"menu_order":9,"comment_status":"closed","ping_status":"closed","template":"","meta":[],"_links":{"self":[{"href":"https:\/\/www.teq-automotive.com\/fr\/wp-json\/wp\/v2\/pages\/5713"}],"collection":[{"href":"https:\/\/www.teq-automotive.com\/fr\/wp-json\/wp\/v2\/pages"}],"about":[{"href":"https:\/\/www.teq-automotive.com\/fr\/wp-json\/wp\/v2\/types\/page"}],"author":[{"embeddable":true,"href":"https:\/\/www.teq-automotive.com\/fr\/wp-json\/wp\/v2\/users\/3"}],"replies":[{"embeddable":true,"href":"https:\/\/www.teq-automotive.com\/fr\/wp-json\/wp\/v2\/comments?post=5713"}],"version-history":[{"count":2,"href":"https:\/\/www.teq-automotive.com\/fr\/wp-json\/wp\/v2\/pages\/5713\/revisions"}],"predecessor-version":[{"id":7073,"href":"https:\/\/www.teq-automotive.com\/fr\/wp-json\/wp\/v2\/pages\/5713\/revisions\/7073"}],"up":[{"embeddable":true,"href":"https:\/\/www.teq-automotive.com\/fr\/wp-json\/wp\/v2\/pages\/5693"}],"wp:attachment":[{"href":"https:\/\/www.teq-automotive.com\/fr\/wp-json\/wp\/v2\/media?parent=5713"}],"curies":[{"name":"wp","href":"https:\/\/api.w.org\/{rel}","templated":true}]}}