{"id":5717,"date":"2019-07-01T15:18:22","date_gmt":"2019-07-01T13:18:22","guid":{"rendered":"https:\/\/www.teq-automotive.com\/teqparking\/"},"modified":"2020-06-04T11:57:45","modified_gmt":"2020-06-04T09:57:45","slug":"teqparking","status":"publish","type":"page","link":"https:\/\/www.teq-automotive.com\/fr\/solutions\/teqparking\/","title":{"rendered":"TEQParking"},"content":{"rendered":"<p>[vc_row][vc_column]\t\t<div class=\"wd-heading text-left  text-left\" >\r\n\t\t\t\r\n\t\t\t\t\r\n\t\t\t\t<h3 style=\"margin:0;font-family:;font-weight:400;color:#111111;\" >\r\n\t\t\t\t\tTEQParking\t\t\t\t<\/h3>\r\n\r\n\t\t\t\t\r\n\t\t\t\t<h4 style=\"font-family:;font-weight:400;\" >\r\n\t\t\t\t\t\t\t\t\t<\/h4>\r\n\r\n\t\t\t\t\r\n\t\t\t\t\t<\/div>\r\n\r\n\t\t[vc_column_text]<\/p>\n<div class=\"default-text-block\">\n<p><strong>Un guide dynamique des parkings disponibles dans les zones urbaines<\/strong>. Il r\u00e9sout l&#8217;un des probl\u00e8mes communs \u00e0 toutes les villes, \u00e0 savoir le trafic et la pollution qui en r\u00e9sulte. On estime qu&#8217;un tiers du trafic urbain est provoqu\u00e9 par des voitures \u00e0 la recherche d&#8217;un parking. TEQParking est un syst\u00e8me de guidage qui, en affichant des informations sur des panneaux intelligents, donne des indications aux conducteurs afin qu&#8217;ils puissent facilement atteindre des parkings avec des places libres.<\/p>\n<\/div>\n<p>&nbsp;[\/vc_column_text][\/vc_column][\/vc_row][vc_row][vc_column width=&#8221;1\/2&#8243;][vc_single_image image=&#8221;4772&#8243; img_size=&#8221;full&#8221; css=&#8221;.vc_custom_1561986971889{margin-right: 10px !important;}&#8221;][\/vc_column][vc_column width=&#8221;1\/2&#8243;][vc_single_image image=&#8221;4773&#8243; img_size=&#8221;full&#8221; css=&#8221;.vc_custom_1561987045573{margin-left: 10px !important;}&#8221;][\/vc_column][\/vc_row][vc_row gap=&#8221;10&#8243; full_height=&#8221;yes&#8221;][vc_column][\/vc_column][\/vc_row][vc_row][vc_column][\/vc_column][\/vc_row]<\/p>\n","protected":false},"excerpt":{"rendered":"<p>[vc_row][vc_column][vc_column_text] Un guide dynamique des parkings disponibles dans les zones urbaines. Il r\u00e9sout l&#8217;un des probl\u00e8mes communs \u00e0 toutes les villes, \u00e0 savoir le trafic et la pollution qui en r\u00e9sulte. On estime qu&#8217;un tiers du trafic urbain est provoqu\u00e9 par des voitures \u00e0 la recherche d&#8217;un parking. TEQParking est un syst\u00e8me de guidage qui, [&hellip;]<\/p>\n","protected":false},"author":3,"featured_media":0,"parent":5693,"menu_order":10,"comment_status":"closed","ping_status":"closed","template":"","meta":[],"_links":{"self":[{"href":"https:\/\/www.teq-automotive.com\/fr\/wp-json\/wp\/v2\/pages\/5717"}],"collection":[{"href":"https:\/\/www.teq-automotive.com\/fr\/wp-json\/wp\/v2\/pages"}],"about":[{"href":"https:\/\/www.teq-automotive.com\/fr\/wp-json\/wp\/v2\/types\/page"}],"author":[{"embeddable":true,"href":"https:\/\/www.teq-automotive.com\/fr\/wp-json\/wp\/v2\/users\/3"}],"replies":[{"embeddable":true,"href":"https:\/\/www.teq-automotive.com\/fr\/wp-json\/wp\/v2\/comments?post=5717"}],"version-history":[{"count":2,"href":"https:\/\/www.teq-automotive.com\/fr\/wp-json\/wp\/v2\/pages\/5717\/revisions"}],"predecessor-version":[{"id":7071,"href":"https:\/\/www.teq-automotive.com\/fr\/wp-json\/wp\/v2\/pages\/5717\/revisions\/7071"}],"up":[{"embeddable":true,"href":"https:\/\/www.teq-automotive.com\/fr\/wp-json\/wp\/v2\/pages\/5693"}],"wp:attachment":[{"href":"https:\/\/www.teq-automotive.com\/fr\/wp-json\/wp\/v2\/media?parent=5717"}],"curies":[{"name":"wp","href":"https:\/\/api.w.org\/{rel}","templated":true}]}}