{"id":5737,"date":"2019-07-23T11:24:41","date_gmt":"2019-07-23T09:24:41","guid":{"rendered":"https:\/\/www.teq-automotive.com\/mobileye\/"},"modified":"2020-06-04T10:34:16","modified_gmt":"2020-06-04T08:34:16","slug":"mobileye","status":"publish","type":"page","link":"https:\/\/www.teq-automotive.com\/fr\/solutions\/mobileye\/","title":{"rendered":"Mobileye"},"content":{"rendered":"<p>[vc_row][vc_column][vc_column_text]<\/p>\n<h2 style=\"text-align: center;\">Le leader mondial des syst\u00e8mes anticollision<\/h2>\n<p>&nbsp;[\/vc_column_text][vc_row_inner][vc_column_inner width=&#8221;1\/2&#8243;][vc_column_text]Mobileye, soci\u00e9t\u00e9 du groupe Intel, est le leader mondial dans le domaine de la vision et de l\u2019intelligence artificielle, de l\u2019analyse de donn\u00e9es, ainsi que de la localisation et de la cartographie appliqu\u00e9es aux syst\u00e8mes avanc\u00e9s d\u2019aide \u00e0 la conduite (ADAS) et \u00e0 la conduite autonome.<\/p>\n<p>Chez Mobileye, sauver des vies est notre but. Notre technologie ADAS \u00e9quipe aujourd&#8217;hui plus de 25 millions de v\u00e9hicules. Nous avons commenc\u00e9 avec pour simple mission de r\u00e9duire les collisions pour diminuer le nombre de bless\u00e8s et de morts sur les routes.<\/p>\n<p>Aujourd&#8217;hui, nous proposons l&#8217;un des syst\u00e8mes anticollision les plus avanc\u00e9s du march\u00e9, avec comme prochain objectif la conduite autonome et une v\u00e9ritable r\u00e9volution de la s\u00e9curit\u00e9 routi\u00e8re.<\/p>\n<p>Nous sommes r\u00e9solument tourn\u00e9s vers un futur o\u00f9 les collisions n&#8217;existeraient pratiquement plus, avec notre technologie au coeur de ce processus.[\/vc_column_text][\/vc_column_inner][vc_column_inner width=&#8221;1\/2&#8243;][vc_single_image image=&#8221;6285&#8243; img_size=&#8221;large&#8221;][\/vc_column_inner][\/vc_row_inner][vc_row_inner][vc_column_inner width=&#8221;1\/2&#8243;][vc_single_image image=&#8221;6285&#8243; img_size=&#8221;full&#8221;][\/vc_column_inner][vc_column_inner width=&#8221;1\/2&#8243;][vc_column_text]<\/p>\n<p style=\"text-align: left;\">N&#8217;attendez pas de pouvoir acheter un v\u00e9hicule neuf \u00e9quip\u00e9 d&#8217;un syst\u00e8me ADAS ou l&#8217;arriv\u00e9e massive des v\u00e9hicules autonomes. Le syst\u00e8me anticollision apr\u00e8s-vente de Mobileye a \u00e9t\u00e9 con\u00e7u par la m\u00eame \u00e9quipe que celle d\u00e9veloppant la technologie ADAS la plus sophistiqu\u00e9e du monde. Et il peut \u00eatre install\u00e9 sur pratiquement tous les v\u00e9hicules existants.<\/p>\n<p style=\"text-align: left;\">Mobileye r\u00e9duit les risques de collision en avertissant le conducteur par des alertes visuelles et sonores en temps r\u00e9el, pour lui offrir les pr\u00e9cieuses secondes n\u00e9cessaires pour \u00e9viter ou att\u00e9nuer une collision.<\/p>\n<p style=\"text-align: left;\">Le capteur de vision balaye la sc\u00e8ne \u00e0 l&#8217;avant du v\u00e9hicule et les algorithmes propri\u00e9taires de Mobileye l&#8217;analysent pour d\u00e9tecter les autres v\u00e9hicules, les pi\u00e9tons, les cyclistes, le marquage au sol et les panneaux de limitation de vitesse se trouvant sur le trajet du v\u00e9hicule, le tout en temps r\u00e9el.<\/p>\n<p>&nbsp;[\/vc_column_text][vc_separator][\/vc_column_inner][\/vc_row_inner][vc_row_inner][vc_column_inner width=&#8221;1\/3&#8243;][vc_column_text]<\/p>\n<h3 style=\"text-align: center;\">Plus de 25 constructeurs automobiles du monde entier s&#8217;appuient sur la technologie Mobileye pour rendre leurs v\u00e9hicules plus s\u00fbrs<\/h3>\n<p>&nbsp;[\/vc_column_text][\/vc_column_inner][vc_column_inner width=&#8221;1\/3&#8243;][vc_column_text]<\/p>\n<h3 style=\"text-align: center;\">Plus de 27 millions de v\u00e9hicules \u00e0 travers le monde sont \u00e9quip\u00e9s de la technologie Mobileye.<\/h3>\n<p>&nbsp;[\/vc_column_text][\/vc_column_inner][vc_column_inner width=&#8221;1\/3&#8243;][vc_column_text]<\/p>\n<h3 style=\"text-align: center;\">13 constructeurs automobiles travaillent d\u00e9j\u00e0 avec Mobileye pour rendre possible la conduite autonome<\/h3>\n<p>&nbsp;[\/vc_column_text][\/vc_column_inner][\/vc_row_inner][vc_separator][vc_row_inner][vc_column_inner][vc_column_text]<\/p>\n<h2 style=\"text-align: center;\">Les solutions Mobileye<\/h2>\n<p>&nbsp;[\/vc_column_text][\/vc_column_inner][\/vc_row_inner][\/vc_column][\/vc_row][vc_row][vc_column width=&#8221;1\/3&#8243;][vc_single_image image=&#8221;5731&#8243; img_size=&#8221;large&#8221; alignment=&#8221;center&#8221; onclick=&#8221;custom_link&#8221; link=&#8221;https:\/\/www.teq-automotive.com\/collision-avoidance&#8221;][vc_column_text]<\/p>\n<h2 style=\"text-align: center;\"><a href=\"https:\/\/www.teq-automotive.com\/fr\/collision-avoidance\/\">Mobileye\u00ae Series 6<\/a><\/h2>\n<h4 style=\"text-align: center;\">Anti Collision<\/h4>\n<p style=\"text-align: center;\">La cam\u00e9ra frontale surveille constamment la route devant le v\u00e9hicule. Elle identifie les situations potentiellement dangereuses et envoie des alertes sonores et visuelles pour aider le conducteur.<\/p>\n<p style=\"text-align: center;\">\n<p>&nbsp;[\/vc_column_text][\/vc_column][vc_column width=&#8221;1\/3&#8243;][vc_single_image image=&#8221;5726&#8243; img_size=&#8221;full&#8221; alignment=&#8221;center&#8221; onclick=&#8221;custom_link&#8221; link=&#8221;https:\/\/www.teq-automotive.com\/shield_plus\/&#8221;][vc_column_text]<\/p>\n<h2 style=\"text-align: center;\"><a href=\"https:\/\/www.teq-automotive.com\/fr\/solutions\/mobileye\/shield_plus\/\">Mobileye\u00ae Shield+\u2122<\/a><\/h2>\n<h4 style=\"text-align: center;\">Full Protection<\/h4>\n<p style=\"text-align: center;\">Mobileye Shield+\u2122 est un syst\u00e8me anti-collision sp\u00e9cialement con\u00e7u pour r\u00e9pondre aux grands angles morts, aux rayons de braquage plus importants et \u00e0 d&#8217;autres d\u00e9fis uniques que les conducteurs d&#8217;autobus et de gros v\u00e9hicules rencontrent quotidiennement dans les rues bond\u00e9es de la ville.<\/p>\n<\/p>\n<p>&nbsp;[\/vc_column_text][\/vc_column][vc_column width=&#8221;1\/3&#8243;][vc_single_image image=&#8221;4699&#8243; img_size=&#8221;large&#8221; alignment=&#8221;center&#8221; onclick=&#8221;custom_link&#8221; link=&#8221;https:\/\/www.teq-automotive.com\/adas&#8221;][vc_column_text]<\/p>\n<h2 style=\"text-align: center;\"><a href=\"https:\/\/www.teq-automotive.com\/fr\/solutions\/adas\/\">ADAS pour les fabricants<\/a><\/h2>\n<h4 style=\"text-align: center;\">Int\u00e9gration multiplex<\/h4>\n<p style=\"text-align: center;\">Teq fournit l&#8217;int\u00e9gration des solutions ADAS pour les constructeurs automobiles. Il fournit \u00e9galement une int\u00e9gration dans TeqMonitoring<span style=\"font-size: 12pt;\">\u00ae <\/span>et Bus Sapiens<span style=\"font-size: 12pt;\">\u00ae <\/span>syst\u00e8mes de gestion de flotte.<\/p>\n<p>&nbsp;[\/vc_column_text][\/vc_column][\/vc_row]<\/p>\n","protected":false},"excerpt":{"rendered":"<p>[vc_row][vc_column][vc_column_text] Le leader mondial des syst\u00e8mes anticollision &nbsp;[\/vc_column_text][vc_row_inner][vc_column_inner width=&#8221;1\/2&#8243;][vc_column_text]Mobileye, soci\u00e9t\u00e9 du groupe Intel, est le leader mondial dans le domaine de la vision et de l\u2019intelligence artificielle, de l\u2019analyse de donn\u00e9es, ainsi que de la localisation et de la cartographie appliqu\u00e9es aux syst\u00e8mes avanc\u00e9s d\u2019aide \u00e0 la conduite (ADAS) et \u00e0 la conduite autonome. Chez [&hellip;]<\/p>\n","protected":false},"author":3,"featured_media":0,"parent":5693,"menu_order":2,"comment_status":"closed","ping_status":"closed","template":"","meta":[],"_links":{"self":[{"href":"https:\/\/www.teq-automotive.com\/fr\/wp-json\/wp\/v2\/pages\/5737"}],"collection":[{"href":"https:\/\/www.teq-automotive.com\/fr\/wp-json\/wp\/v2\/pages"}],"about":[{"href":"https:\/\/www.teq-automotive.com\/fr\/wp-json\/wp\/v2\/types\/page"}],"author":[{"embeddable":true,"href":"https:\/\/www.teq-automotive.com\/fr\/wp-json\/wp\/v2\/users\/3"}],"replies":[{"embeddable":true,"href":"https:\/\/www.teq-automotive.com\/fr\/wp-json\/wp\/v2\/comments?post=5737"}],"version-history":[{"count":78,"href":"https:\/\/www.teq-automotive.com\/fr\/wp-json\/wp\/v2\/pages\/5737\/revisions"}],"predecessor-version":[{"id":7066,"href":"https:\/\/www.teq-automotive.com\/fr\/wp-json\/wp\/v2\/pages\/5737\/revisions\/7066"}],"up":[{"embeddable":true,"href":"https:\/\/www.teq-automotive.com\/fr\/wp-json\/wp\/v2\/pages\/5693"}],"wp:attachment":[{"href":"https:\/\/www.teq-automotive.com\/fr\/wp-json\/wp\/v2\/media?parent=5737"}],"curies":[{"name":"wp","href":"https:\/\/api.w.org\/{rel}","templated":true}]}}