{"id":5768,"date":"2019-07-23T11:35:21","date_gmt":"2019-07-23T09:35:21","guid":{"rendered":"https:\/\/www.teq-automotive.com\/mobileye-6series\/"},"modified":"2019-09-17T16:45:00","modified_gmt":"2019-09-17T14:45:00","slug":"collision-avoidance","status":"publish","type":"page","link":"https:\/\/www.teq-automotive.com\/fr\/solutions\/mobileye\/collision-avoidance\/","title":{"rendered":"Syst\u00e8me anti-collision"},"content":{"rendered":"<p>[vc_row][vc_column][vc_column_text]<\/p>\n<h2 style=\"text-align: center;\">Syst\u00e8me anti-collision<\/h2>\n<p>&nbsp;<br \/>\n[\/vc_column_text][vc_row_inner][vc_column_inner width=&#8221;1\/2&#8243;][vc_column_text]<\/p>\n<h3>Une cam\u00e9ra intelligente vous alerte en temps r\u00e9el afin d&#8217;\u00e9viter les accidents<\/h3>\n<p>La cam\u00e9ra frontale surveille constamment la route devant le v\u00e9hicule. Elle identifie les situations potentiellement dangereuses et envoie des alertes sonores et visuelles pour aider le conducteur \u00e0 \u00e9viter ou \u00e0 att\u00e9nuer une collision. Le syst\u00e8me anti-collision de Mobileye peut \u00eatre install\u00e9 sur tous les types de v\u00e9hicules.<\/p>\n<p>Le module contenant la cam\u00e9ra, la puce EyeQ\u00ae et le haut-parleur, est mont\u00e9 \u00e0 l&#8217;int\u00e9rieur du parebrise, derri\u00e8re le r\u00e9troviseur.[\/vc_column_text][\/vc_column_inner][vc_column_inner width=&#8221;1\/2&#8243;][vc_single_image image=&#8221;5532&#8243; img_size=&#8221;medium&#8221;][\/vc_column_inner][\/vc_row_inner][vc_row_inner][vc_column_inner width=&#8221;1\/2&#8243;][vc_single_image image=&#8221;5731&#8243; img_size=&#8221;full&#8221;][\/vc_column_inner][vc_column_inner width=&#8221;1\/2&#8243;][vc_column_text]UNE TECHNOLOGIE FIABLE<br \/>\nPlus de 20 millions de v\u00e9hicules \u00e0 travers le monde sont \u00e9quip\u00e9s de la technologie Mobileye, dont 300 nouveaux mod\u00e8les de voitures neuves des principaux constructeurs automobiles. Sans avoir \u00e0 renouveler votre<br \/>\nparc vous pouvez, vous aussi, profiter de cette<br \/>\ntechnologie innovante en seconde monte.<\/p>\n<p>AM\u00c9LIORER LES HABITUDES DE CONDUITE<br \/>\nG\u00e9n\u00e9ralement, apr\u00e8s trois \u00e0 quatre semaines de conduite avec le syst\u00e8me, les conducteurs s&#8217;habituent aux alertes et apprennent \u00e0 les anticiper. Ils commencent naturellement \u00e0 maintenir une distance de s\u00e9curit\u00e9 plus s\u00fbre ou \u00e0 freiner plus t\u00f4t afin d&#8217;\u00e9viter l&#8217;alerte.<\/p>\n<p>DES DONN\u00c9ES FACILEMENT EXPLOITABLES<br \/>\nLe syst\u00e8me Mobileye peut \u00eatre int\u00e9gr\u00e9 aux solutions <a href=\"https:\/\/www.teq-automotive.com\/fr\/fleet-management\/\">TeqMonitoring\u00ae<\/a> et <a href=\"https:\/\/www.teq-automotive.com\/fr\/bus-sapens\">Bus Sapiens\u00ae (ITS)<\/a>, vous permettant d&#8217;acc\u00e9der au mode de conduite de chaque chauffeur et de cr\u00e9er des stimulations \u00e0 l&#8217;am\u00e9lioration. Cela vous permet de voir les conducteurs comme une partie de la solution et non comme une partie du probl\u00e8me.<\/p>\n<p>R\u00c9DUIRE LES CO\u00dbTS CACH\u00c9S D&#8217;EXPLOITATION<br \/>\nUne collision co\u00fbte non seulement cher en pi\u00e8ces de rechange mais aussi en temps d&#8217;immobilisation du conducteur et du v\u00e9hicule (en plus des blessures humaines, ou pire, dans certains cas). Il y a souvent des frais de retard de livraison, des primes d&#8217;assurance accrues et de nombreuses heures de gestion de la situation. En outre, gr\u00e2ce aux alertes, les conducteurs freinent beaucoup moins souvent ce qui ralentit l&#8217;usure des freins et r\u00e9duit la<br \/>\nconsommation de carburant.[\/vc_column_text][\/vc_column_inner][\/vc_row_inner][vc_row_inner][vc_column_inner][vc_separator border_width=&#8221;5&#8243;][vc_column_text]<\/p>\n<h2 style=\"text-align: center;\">Fonctionnalit\u00e9s<\/h2>\n<p style=\"text-align: center;\">Le syst\u00e8me anticollision de Mobileye aide les conducteurs en agissant comme un \u00abtroisi\u00e8me oeil\u00bb, surveillant constamment la route devant le v\u00e9hicule. Il identifie des situations \u00e0 risque et fournit des alertes sonores et visuelles pour permettre au conducteur d\u2019\u00e9viter ou d\u2019att\u00e9nuer une collision.<\/p>\n<p>[\/vc_column_text][\/vc_column_inner][\/vc_row_inner][vc_row_inner][vc_column_inner width=&#8221;1\/3&#8243;][vc_single_image image=&#8221;5534&#8243; img_size=&#8221;medium&#8221; alignment=&#8221;center&#8221;][vc_column_text]<\/p>\n<h3>Alerte de Collision Frontale<\/h3>\n<p>Mobileye vous avertit d&#8217;une collision imminente avec un v\u00e9hicule ou une moto, tant sur les routes que dans les zones urbaines. L\u2019alerte est diffus\u00e9e jusqu&#8217;\u00e0 2,7 secondes avant la collision, vous laissant le temps de r\u00e9agir.[\/vc_column_text][\/vc_column_inner][vc_column_inner width=&#8221;1\/3&#8243;][vc_single_image image=&#8221;5538&#8243; img_size=&#8221;medium&#8221; alignment=&#8221;center&#8221;][vc_column_text]<\/p>\n<h3>Alerte de Collision Pi\u00e9ton et Cycliste<\/h3>\n<p>Mobileye vous avertit, de jour, par des alertes visuelles et sonores 2 secondes avant une collision imminente avec un pi\u00e9ton ou un cycliste (pour une vitesse inf\u00e9rieure \u00e0 50 km\/h).[\/vc_column_text][\/vc_column_inner][vc_column_inner width=&#8221;1\/3&#8243;][vc_single_image image=&#8221;5537&#8243; img_size=&#8221;medium&#8221; alignment=&#8221;center&#8221;][vc_column_text]<\/p>\n<h3>Alerte de Franchissement de Ligne<\/h3>\n<p>Mobileye vous avertit par des alertes visuelles et sonores lors d\u2019une sortie de voie involontaire.[\/vc_column_text][\/vc_column_inner][\/vc_row_inner][vc_row_inner][vc_column_inner width=&#8221;1\/3&#8243;][vc_single_image image=&#8221;5535&#8243; img_size=&#8221;medium&#8221; alignment=&#8221;center&#8221;][vc_column_text]<\/p>\n<h3>Surveillance et Alerte de Distance de S\u00e9curit\u00e9<\/h3>\n<p>Mobileye vous aide \u00e0 garder une distance de s\u00e9curit\u00e9 et vous avertit par des alertes visuelles et sonores en cas de distance insuffisante avec le v\u00e9hicule qui vous pr\u00e9c\u00e8de.[\/vc_column_text][\/vc_column_inner][vc_column_inner width=&#8221;1\/3&#8243;][\/vc_column_inner][vc_column_inner width=&#8221;1\/3&#8243;][vc_single_image image=&#8221;5539&#8243; img_size=&#8221;medium&#8221; alignment=&#8221;center&#8221;][vc_column_text]<\/p>\n<h3>Indication des Limites de Vitesse<br \/>\net des panneaux de signalisation<\/h3>\n<p>Mobileye reconna\u00eet les panneaux de signalisation et de limite de vitesse. Il &#8220;lit&#8221; le panneau et signale l&#8217;information au conducteur, y compris dans le cas d&#8217;un d\u00e9passement de la vitesse autoris\u00e9e.<br \/>\n<span style=\"font-size: 8pt;\">*D\u00e9tecte les panneaux de signalisation valid\u00e9s par la convention de Vienne sur la signalisation routi\u00e8re.<\/span>[\/vc_column_text][\/vc_column_inner][\/vc_row_inner][vc_single_image image=&#8221;5533&#8243; img_size=&#8221;full&#8221; alignment=&#8221;center&#8221;][\/vc_column][\/vc_row]<\/p>\n","protected":false},"excerpt":{"rendered":"<p>[vc_row][vc_column][vc_column_text] Syst\u00e8me anti-collision &nbsp; [\/vc_column_text][vc_row_inner][vc_column_inner width=&#8221;1\/2&#8243;][vc_column_text] Une cam\u00e9ra intelligente vous alerte en temps r\u00e9el afin d&#8217;\u00e9viter les accidents La cam\u00e9ra frontale surveille constamment la route devant le v\u00e9hicule. Elle identifie les situations potentiellement dangereuses et envoie des alertes sonores et visuelles pour aider le conducteur \u00e0 \u00e9viter ou \u00e0 att\u00e9nuer une collision. Le syst\u00e8me anti-collision [&hellip;]<\/p>\n","protected":false},"author":3,"featured_media":0,"parent":5737,"menu_order":8,"comment_status":"closed","ping_status":"closed","template":"","meta":[],"_links":{"self":[{"href":"https:\/\/www.teq-automotive.com\/fr\/wp-json\/wp\/v2\/pages\/5768"}],"collection":[{"href":"https:\/\/www.teq-automotive.com\/fr\/wp-json\/wp\/v2\/pages"}],"about":[{"href":"https:\/\/www.teq-automotive.com\/fr\/wp-json\/wp\/v2\/types\/page"}],"author":[{"embeddable":true,"href":"https:\/\/www.teq-automotive.com\/fr\/wp-json\/wp\/v2\/users\/3"}],"replies":[{"embeddable":true,"href":"https:\/\/www.teq-automotive.com\/fr\/wp-json\/wp\/v2\/comments?post=5768"}],"version-history":[{"count":29,"href":"https:\/\/www.teq-automotive.com\/fr\/wp-json\/wp\/v2\/pages\/5768\/revisions"}],"predecessor-version":[{"id":6579,"href":"https:\/\/www.teq-automotive.com\/fr\/wp-json\/wp\/v2\/pages\/5768\/revisions\/6579"}],"up":[{"embeddable":true,"href":"https:\/\/www.teq-automotive.com\/fr\/wp-json\/wp\/v2\/pages\/5737"}],"wp:attachment":[{"href":"https:\/\/www.teq-automotive.com\/fr\/wp-json\/wp\/v2\/media?parent=5768"}],"curies":[{"name":"wp","href":"https:\/\/api.w.org\/{rel}","templated":true}]}}