{"id":5795,"date":"2019-07-23T14:35:25","date_gmt":"2019-07-23T12:35:25","guid":{"rendered":"https:\/\/www.teq-automotive.com\/mobileye-shield_plus\/"},"modified":"2019-08-19T11:07:37","modified_gmt":"2019-08-19T09:07:37","slug":"shield_plus","status":"publish","type":"page","link":"https:\/\/www.teq-automotive.com\/fr\/solutions\/mobileye\/shield_plus\/","title":{"rendered":"Mobileye\u00ae Shield+\u2122"},"content":{"rendered":"<p>[vc_row][vc_column][vc_column_text]<\/p>\n<h2 style=\"text-align: center;\">Syst\u00e8me anticollision pour les bus et v\u00e9hicules lourds<\/h2>\n<p>[\/vc_column_text][vc_row_inner][vc_column_inner width=&#8221;1\/2&#8243;][vc_column_text]<\/p>\n<h3>Vos conducteurs ne peuvent pas avoir les yeux partout. Notre technologie si.<\/h3>\n<p>Mobileye Shield+ se compose de deux \u00e0 huit capteurs de vision qui surveillent en continu la route \u00e0 l&#8217;avant du bus ainsi que les angles morts, des deux c\u00f4t\u00e9s du v\u00e9hicule, sur le montant central et le r\u00e9troviseur gauche.<\/p>\n<p><strong>La technologie de Mobileye, bas\u00e9e sur un apprentissage machine et des algorithmes de vision artificielle sophistiqu\u00e9e, <\/strong>analyse en permanence<br \/>\nl&#8217;environnement de conduite. Elle identifie les risques impliquant d&#8217;autres v\u00e9hicules, des pi\u00e9tons, cyclistes ou motos.<\/p>\n<p>Mobileye Shield+ les d\u00e9tecte, les surveille et \u00e9met des alertes visuelles et sonores aidant le conducteur \u00e0 \u00e9viter ou att\u00e9nuer les collisions.[\/vc_column_text][\/vc_column_inner][vc_column_inner width=&#8221;1\/2&#8243;][vc_single_image image=&#8221;5550&#8243; img_size=&#8221;medium&#8221;][\/vc_column_inner][\/vc_row_inner][vc_row_inner][vc_column_inner width=&#8221;1\/2&#8243;][vc_single_image image=&#8221;5726&#8243; img_size=&#8221;large&#8221;][vc_column_text]\u00c9QUIPEZ LES FLOTTES EXISTANTES<br \/>\nPas besoin d&#8217;attendre de pouvoir acheter de<br \/>\nnouveaux v\u00e9hicules. \u00c9quipez d\u00e8s aujourd&#8217;hui<br \/>\nvos autobus, bus articul\u00e9s, camions et autres<br \/>\n&#8220;v\u00e9hicules lourds&#8221; de ramassage des ordures et autres grands v\u00e9hicules de la technologie de s\u00e9curit\u00e9 avanc\u00e9e Mobileye Shield+.<\/p>\n<p>REDUISEZ LES COUTS LIES AUX COLLISIONS<br \/>\nLimitez les frais de r\u00e9paration des v\u00e9hicules et<br \/>\nles co\u00fbts associ\u00e9s aux collisions, aux freinages<br \/>\nbrusques et aux erreurs d\u2019attention en \u00e9quipant vos v\u00e9hicules d&#8217;un syst\u00e8me anticollision performant.<\/p>\n<p>CARTOGRAPHIEZ LES ZONES DANGEREUSES DE VOTRE VILLE<br \/>\nde votre ville Soutenez les changements d&#8217;infrastructure de votre ville gr\u00e2ce aux donn\u00e9es collect\u00e9es. Mobileye Shield+ vous donne acc\u00e8s \u00e0 une carte en ligne3 qui affiche les zones accidentog\u00e8nes des routes.[\/vc_column_text][\/vc_column_inner][vc_column_inner width=&#8221;1\/2&#8243;][vc_column_text]EVITEZ OU ATTENUEZ LES COLLISIONS<br \/>\nPr\u00e9venez les collisions avant ou arri\u00e8re dans<br \/>\nles rues encombr\u00e9es des villes en \u00e9quipant vos v\u00e9hicules de notre derni\u00e8re technologie r\u00e9volutionnaire d&#8217;aide \u00e0 la conduite.<\/p>\n<p>ENCOURAGEZ LA CONDUITE SURE<br \/>\nAidez vos conducteurs \u00e0 maintenir une distance de s\u00e9curit\u00e9 optimale avec le v\u00e9hicule qui les pr\u00e9c\u00e8de gr\u00e2ce \u00e0 des alertes visuelles et sonores qui les avertissent en cas de distance insuffisante. Personnalisez la distance de s\u00e9curit\u00e9 selon les besoins de votre flotte.<\/p>\n<p>D\u00c9TECTEZ LES PI\u00c9TONS ET LES CYCLISTES \u00c0 L&#8217;AVANT DU V\u00c9HICULE ET DANS LES ANGLES MORTS \u00c9vitez les collisions avec les pi\u00e9tons, les cyclistes ou les motos gr\u00e2ce aux alertes de collision pi\u00e9ton et la d\u00e9tection des angles morts.[\/vc_column_text][vc_separator border_width=&#8221;5&#8243; css=&#8221;.vc_custom_1563886400278{padding-top: 50px !important;}&#8221;][vc_single_image image=&#8221;5551&#8243; img_size=&#8221;full&#8221;][\/vc_column_inner][\/vc_row_inner][vc_row_inner][vc_column_inner][vc_separator border_width=&#8221;5&#8243;][vc_column_text]<\/p>\n<h2 style=\"text-align: center;\">Fonctionnalit\u00e9s de Mobileye Shield+\u2122<\/h2>\n<p style=\"text-align: center;\">Mobileye Shield+ dispose de cam\u00e9ras plac\u00e9es tout autour du v\u00e9hicule surveillant en continu l&#8217;environnement de conduite<br \/>\nafin de d\u00e9tecter les pi\u00e9tons et les cyclistes dans les angles morts du v\u00e9hicule, et alerter si n\u00e9cessaire le conducteur pour qu&#8217;il prenne les mesures qui s&#8217;imposent.<\/p>\n<p>[\/vc_column_text][vc_separator][vc_column_text]<\/p>\n<h3 style=\"text-align: center;\">D\u00e9tection des angles morts et alertes anticollision<\/h3>\n<p>[\/vc_column_text][\/vc_column_inner][\/vc_row_inner][vc_row_inner][vc_column_inner width=&#8221;1\/2&#8243;][vc_single_image image=&#8221;5552&#8243; img_size=&#8221;medium&#8221; alignment=&#8221;center&#8221;][vc_column_text]Une alerte visuelle jaune signale au conducteur qu&#8217;un pi\u00e9ton, une moto ou un cycliste a \u00e9t\u00e9 d\u00e9tect\u00e9 dans l&#8217;angle mort du v\u00e9hicule, afin qu&#8217;il agisse avec pr\u00e9caution.[\/vc_column_text][\/vc_column_inner][vc_column_inner width=&#8221;1\/2&#8243;][vc_single_image image=&#8221;5553&#8243; img_size=&#8221;medium&#8221; alignment=&#8221;center&#8221;][vc_column_text]Un signal visuel rouge accompagn\u00e9 d&#8217;une alerte sonore avertit le conducteur d&#8217;un risque de collision imminente et de la n\u00e9cessit\u00e9 de prendre une mesure pr\u00e9ventive imm\u00e9diate.[\/vc_column_text][\/vc_column_inner][\/vc_row_inner][vc_row_inner][vc_column_inner width=&#8221;1\/3&#8243;][vc_single_image image=&#8221;5534&#8243; img_size=&#8221;medium&#8221; alignment=&#8221;center&#8221;][vc_column_text]<\/p>\n<h3>Alerte de Collision Frontale<\/h3>\n<p>Mobileye alerte le conducteur jusqu&#8217;\u00e0 2,7 secondes avant une collision imminente avec un v\u00e9hicule ou une moto se trouvant devant le v\u00e9hicule pour lui laisser le temps de r\u00e9agir et, la plupart du temps, d&#8217;\u00e9viter la collision.[\/vc_column_text][\/vc_column_inner][vc_column_inner width=&#8221;1\/3&#8243;][vc_single_image image=&#8221;5538&#8243; img_size=&#8221;medium&#8221; alignment=&#8221;center&#8221;][vc_column_text]<\/p>\n<div class=\"wpb_text_column wpb_content_element \">\n<div class=\"wpb_wrapper\">\n<h3>Alerte de Collision Pi\u00e9ton et Cycliste<\/h3>\n<p>Mobileye vous avertit, de jour, par des alertes visuelles et sonores jusqu&#8217;\u00e0 2 secondes avant une collision imminente avec un pi\u00e9ton ou un cycliste (pour une vitesse inf\u00e9rieure \u00e0 50 km\/h).<\/p>\n<\/div>\n<\/div>\n<p>[\/vc_column_text][\/vc_column_inner][vc_column_inner width=&#8221;1\/3&#8243;][vc_single_image image=&#8221;5537&#8243; img_size=&#8221;medium&#8221; alignment=&#8221;center&#8221;][vc_column_text]<\/p>\n<div class=\"wpb_text_column wpb_content_element \">\n<div class=\"wpb_wrapper\">\n<h3>Alerte de Franchissement de Ligne<\/h3>\n<p>Mobileye vous avertit par des alertes visuelles et sonores lors d\u2019une sortie de voie involontaire.<\/p>\n<\/div>\n<\/div>\n<p>[\/vc_column_text][\/vc_column_inner][\/vc_row_inner][vc_row_inner][vc_column_inner width=&#8221;1\/3&#8243;][vc_single_image image=&#8221;5535&#8243; img_size=&#8221;medium&#8221; alignment=&#8221;center&#8221;][vc_column_text]<\/p>\n<h3>Surveillance et Alerte de Distance de S\u00e9curit\u00e9<\/h3>\n<p>Mobileye vous aide \u00e0 garder une distance de s\u00e9curit\u00e9 et vous avertit par des alertes visuelles et sonores en cas de distance insuffisante avec le v\u00e9hicule qui vous pr\u00e9c\u00e8de.[\/vc_column_text][\/vc_column_inner][vc_column_inner width=&#8221;1\/3&#8243;][vc_single_image image=&#8221;5539&#8243; img_size=&#8221;medium&#8221; alignment=&#8221;center&#8221;][vc_column_text]<\/p>\n<h3>Indication des Limites de Vitesse<br \/>\net des panneaux de signalisation<\/h3>\n<p>Mobileye reconna\u00eet les panneaux de signalisation et de limite de vitesse. Il \u201clit\u201d le panneau et signale l\u2019information au conducteur, y compris dans le cas d\u2019un d\u00e9passement de la vitesse autoris\u00e9e<\/p>\n<p><span style=\"font-size: 8pt;\">*D\u00e9tecte les panneaux de signalisation valid\u00e9s par la convention de Vienne sur la signalisation routi\u00e8re<\/span>[\/vc_column_text][\/vc_column_inner][vc_column_inner width=&#8221;1\/3&#8243;][vc_column_text css=&#8221;.vc_custom_1563889524268{background-color: #459cc1 !important;border-radius: 15px !important;}&#8221;]<span style=\"font-size: 18pt; color: #ffffff;\">&#8220;30 % des accidents auraient pu \u00eatre \u00e9vit\u00e9s gr\u00e2ce aux syst\u00e8mes<br \/>\navanc\u00e9s d&#8217;aide \u00e0 la conduite, tel que l&#8217;alerte ou<br \/>\nl&#8217;att\u00e9nuation de collision frontale, la d\u00e9tection des angles morts et l&#8217;alerte de franchissement de ligne.&#8221; <\/span><\/p>\n<p><span style=\"font-size: 8pt; color: #ffffff;\">Boston Consulting Group, 2015 2<\/span>[\/vc_column_text][\/vc_column_inner][\/vc_row_inner][vc_row_inner][vc_column_inner width=&#8221;1\/3&#8243;][vc_column_text]<\/p>\n<h3>Cartographie des zones dangereuses<\/h3>\n<p>Mobileye Shield+ permet aux gestionnaires des flottes municipales munies d&#8217;un syst\u00e9me GPS d&#8217;acc\u00e9der \u00e0 une carte en ligne3 affichant les zones accidentog\u00e8nes des routes en fonction des donn\u00e9es d&#8217;alerte. Exploitez ces informations pr\u00e9cieuses<br \/>\npour am\u00e9liorer l&#8217;infrastructure de la ville.[\/vc_column_text][\/vc_column_inner][vc_column_inner width=&#8221;1\/3&#8243;][\/vc_column_inner][vc_column_inner width=&#8221;1\/3&#8243;][\/vc_column_inner][\/vc_row_inner][vc_separator][vc_single_image image=&#8221;5554&#8243; img_size=&#8221;full&#8221; alignment=&#8221;center&#8221;][\/vc_column][\/vc_row]<\/p>\n","protected":false},"excerpt":{"rendered":"<p>[vc_row][vc_column][vc_column_text] Syst\u00e8me anticollision pour les bus et v\u00e9hicules lourds [\/vc_column_text][vc_row_inner][vc_column_inner width=&#8221;1\/2&#8243;][vc_column_text] Vos conducteurs ne peuvent pas avoir les yeux partout. Notre technologie si. Mobileye Shield+ se compose de deux \u00e0 huit capteurs de vision qui surveillent en continu la route \u00e0 l&#8217;avant du bus ainsi que les angles morts, des deux c\u00f4t\u00e9s du v\u00e9hicule, sur [&hellip;]<\/p>\n","protected":false},"author":3,"featured_media":0,"parent":5737,"menu_order":2,"comment_status":"closed","ping_status":"closed","template":"","meta":[],"_links":{"self":[{"href":"https:\/\/www.teq-automotive.com\/fr\/wp-json\/wp\/v2\/pages\/5795"}],"collection":[{"href":"https:\/\/www.teq-automotive.com\/fr\/wp-json\/wp\/v2\/pages"}],"about":[{"href":"https:\/\/www.teq-automotive.com\/fr\/wp-json\/wp\/v2\/types\/page"}],"author":[{"embeddable":true,"href":"https:\/\/www.teq-automotive.com\/fr\/wp-json\/wp\/v2\/users\/3"}],"replies":[{"embeddable":true,"href":"https:\/\/www.teq-automotive.com\/fr\/wp-json\/wp\/v2\/comments?post=5795"}],"version-history":[{"count":28,"href":"https:\/\/www.teq-automotive.com\/fr\/wp-json\/wp\/v2\/pages\/5795\/revisions"}],"predecessor-version":[{"id":6250,"href":"https:\/\/www.teq-automotive.com\/fr\/wp-json\/wp\/v2\/pages\/5795\/revisions\/6250"}],"up":[{"embeddable":true,"href":"https:\/\/www.teq-automotive.com\/fr\/wp-json\/wp\/v2\/pages\/5737"}],"wp:attachment":[{"href":"https:\/\/www.teq-automotive.com\/fr\/wp-json\/wp\/v2\/media?parent=5795"}],"curies":[{"name":"wp","href":"https:\/\/api.w.org\/{rel}","templated":true}]}}