{"id":4932,"date":"2019-07-01T12:03:14","date_gmt":"2019-07-01T10:03:14","guid":{"rendered":"https:\/\/www.teq-automotive.com\/adicom\/"},"modified":"2022-05-22T22:21:47","modified_gmt":"2022-05-22T20:21:47","slug":"adicom","status":"publish","type":"page","link":"https:\/\/www.teq-automotive.com\/it\/soluzioni\/adicom\/","title":{"rendered":"ADICOM"},"content":{"rendered":"<p>[vc_row el_class=&#8221;test&#8221;][vc_column]\t\t<div class=\"wd-heading text-left  text-left\" >\r\n\t\t\t\r\n\t\t\t\t\r\n\t\t\t\t<h3 style=\"margin:0;font-family:;font-weight:400;color:#111111;\" >\r\n\t\t\t\t\tADICOM - Sistema Multiplex per l'automotive\t\t\t\t<\/h3>\r\n\r\n\t\t\t\t\r\n\t\t\t\t<h4 style=\"font-family:;font-weight:400;\" >\r\n\t\t\t\t\t\t\t\t\t<\/h4>\r\n\r\n\t\t\t\t\r\n\t\t\t\t\t<\/div>\r\n\r\n\t\t[vc_column_text]<\/p>\n<div class=\"default-text-block\">\n<p>Funzionalit\u00e0, caratteristiche e vantaggi del sistema:<\/p>\n<ul>\n<li>Totalmente programmabile dal costruttore.<\/li>\n<li>Aumento delle prestazioni grazie alla possibilit\u00e0 di far eseguire una serie di controlli e di automatismi.<\/li>\n<li>Drastica diminuzione del tempo di montaggio dell\u2019impianto elettrico grazie alla riduzione del numero di collegamenti, cavi, fusibili, relais, moduli di intermittenza, ecc..<\/li>\n<li>Uso del veicolo limitato alle specifiche del costruttore.<\/li>\n<li>Black Box per la registrazione delle anomalie, dello stato di servizio e di tutti i dati che si ritengono necessari.<\/li>\n<li>Razionalizzazione del cruscotto grazie all\u2019introduzione di un display grafico in grado di fornire informazioni e di sostituire parzialmente o totalmente gli strumenti e le spie.<\/li>\n<li>Facilit\u00e0 e rapidit\u00e0 di riparazione grazie al sistema di autodiagnosi.<\/li>\n<li>Integrato con il sistema di gestione flotte TeqMonitoring \u00ae, localizzatore satellitare GPS con connettivit\u00e0 GSM e GPRS, per la gestione della diagnostica a distanza ed il monitoraggio delle flotte.<\/li>\n<li>ADAS: sistemi avanzati di assistenza alla guida<\/li>\n<li>Servizi ITxPT: FMStoIP, VEHICLEtoIP, MADT<\/li>\n<li>Smart Key: passive entry e passive start<\/li>\n<\/ul>\n<\/div>\n<p>&nbsp;[\/vc_column_text][\/vc_column][\/vc_row][vc_row][vc_column width=&#8221;1\/2&#8243;][vc_single_image image=&#8221;4699&#8243; img_size=&#8221;420&#215;270&#8243; alignment=&#8221;center&#8221;][vc_column_text]<\/p>\n<p style=\"text-align: center;\"><strong>Cruscotto VDV con ADAS e ITxPT MADT<\/strong><\/p>\n<p>[\/vc_column_text][\/vc_column][vc_column width=&#8221;1\/2&#8243; css=&#8221;.vc_custom_1463411390237{padding-left: 30px !important;}&#8221;][vc_single_image image=&#8221;4700&#8243; img_size=&#8221;420&#215;270&#8243; alignment=&#8221;center&#8221;][vc_column_text]<\/p>\n<p style=\"text-align: center;\"><strong>Display 12.3\u201d con ADAS<\/strong><\/p>\n<p>[\/vc_column_text][\/vc_column][\/vc_row][vc_row el_class=&#8221;test&#8221;][vc_column][vc_column_text]Il sistema ADICOM riduce il numero di collegamenti dell\u2019impianto elettrico migliorandone affidabilit\u00e0 e prestazioni. Le centraline che lo compongono sono dotate di un\u2019intelligenza autonoma che permette di decentrare le decisioni. Un unico cavo distribuisce le informazioni alle centraline ubicate nei vari punti del veicolo.<\/p>\n<p>La continua necessit\u00e0 di aumentare le prestazioni ed i controlli a bordo dei veicoli, ha portato, come conseguenza, ad un aumento rilevante del numero dei cavi elettrici. In una vettura moderna, infatti, la lunghezza totale dei cavi utilizzati raggiunge facilmente i 4000 metri ed il loro peso supera spesso i 100 kg; se oltre a ci\u00f2 si pensa che il numero delle connessioni va dalle 1000 alle 3000, \u00e8 facile capire il problema che si \u00e8 venuto a creare.<\/p>\n<p>Questa situazione ha portato alla necessit\u00e0 di realizzare qualcosa di nuovo: anzich\u00e9 dedicare un cavo per ogni funzione, adoperare delle centraline elettroniche che le raggruppino ed usate una sola linea per collegare tutte le centraline fra di loro. \u00c8 cos\u00ec nata una rete, chiamata \u2018rete multiplex\u2019, dove tutte le informazioni, dati e comandi vengono trasmessi in rapidissima successione su una sola linea comune. La trasmissione avviene in modo seriale, le informazioni vengono infatti codificate dalle centraline elettroniche in una serie di \u20180\u2019 e \u20181\u2019 e trasmesse in sequenza su un unico cavo. In questo modo si viene a creare una \u2018rete\u2019 dalla quale possono attingere le informazioni tutte le unit\u00e0 collegate.<\/p>\n<p>Il protocollo di comunicazione fra le centraline di questa rete, detta anche \u2018bus elettronico\u2019, \u00e8 stato messo a punto dalla BOSCH e sviluppato specificatamente per le applicazioni nel settore veicolare. Il CAN (Controller Area Network), questo \u00e8 il nome del protocollo, \u00e8 oramai uno standard e le maggiori aziende costruttrici di componenti elettronici lo hanno gi\u00e0 implementato nei loro microprocessori.<\/p>\n<p>Grazie a questa nuova tecnologia, sommata all\u2019esperienza che i nostri tecnici hanno accumulato dal 1986, data alla quale risale la nostra prima applicazione nel settore della gestione elettronica di veicoli, abbiamo messo a punto ADICOM, un sistema modulare capace non solo di sostituire l\u2019intero impianto elettrico tradizionale, ma anche in grado di assolvere quelle particolari funzioni, per le quali normalmente si ricorre all\u2019elettronica, che difficilmente si integrano con il resto dell\u2019impianto.[\/vc_column_text][\/vc_column][\/vc_row][vc_row][vc_column][vc_single_image image=&#8221;4701&#8243; img_size=&#8221;full&#8221; alignment=&#8221;center&#8221;][\/vc_column][\/vc_row][vc_row el_class=&#8221;test&#8221;][vc_column][vc_column_text]Un esempio pratico: il cruscotto di un qualsiasi veicolo deve includere tutti gli strumenti, spie e comandi necessari alla normale gestione del motore, delle luci e della climatizzazione; se a questi si aggiungono quelli indispensabili per le particolari funzioni di un mezzo specifico, il numero di cavi del solo cruscotto sar\u00e0 difficilmente inferiore alla cinquantina ed il numero di strumenti sar\u00e0 tale da occupare una vasta superficie difficilmente controllabile dall\u2019operatore. Con il sistema ADICOM invece, il cruscotto \u00e8 gestito da una centralina elettronica ed il collegamento con il resto dell\u2019impianto avviene tramite un unico cavo. Grazie all\u2019aggiunta di un display grafico, che permette di \u2018disegnare\u2019 gli strumenti, si pu\u00f2 sostituire parzialmente o completamente la strumentazione tradizionale permettendo all\u2019operatore di controllare con un solo \u2018colpo d\u2019occhio\u2019 lo stato del veicolo. Alcuni strumenti possono apparire solo su richiesta o al momento in cui si inserisce una determinata funzione o interviene un allarme. Il sistema comprende anche l\u2019autodiagnosi, verificando il corretto funzionamento di tutti gli elementi che lo compongono e permettendo, in caso di guasto, l\u2019individuazione immediata del componente da sostituire.<\/p>\n<p>Al fine di prevenire un uso non corretto del mezzo, che potrebbe essere causa di rotture o non garantirne il corretto funzionamento, il sistema ADICOM pu\u00f2 venir configurato per limitare l\u2019uso ai parametri stabiliti dal costruttore; oltre a ci\u00f2 tutti i nostri sistemi sono provvisti di \u2018Black Box\u2019, ossia di un dispositivo che registra cronologicamente tutte le anomalie del mezzo, permettendo una diagnostica a posteriori da parte del personale che deve effettuare l\u2019assistenza e della casa costruttrice per verificare l\u2019uso corretto del mezzo ai fini della garanzia.<\/p>\n<p>Sempre nell\u2019ottica dell\u2019autodiagnosi, e con lo scopo di ridurre al minimo gli interventi umani, le centraline che compongono il sistema ADICOM non solo forniscono direttamente la tensione agli attuatori che gestiscono (lampadine, valvole, ecc.), ma controllano anche che non vi siano dei sovraccarichi o cortocircuiti, permettendo una riduzione della massa di cavi e l\u2019eliminazione dei fusibili e dei relais.<\/p>\n<p>Il campo d\u2019applicazione del sistema \u00e8 vastissimo; le nostre applicazioni spaziano dagli autoveicoli pi\u00f9 semplici, alle gru, ai sollevatori, ai gatti delle nevi, alle barche fino ad arrivare ai veicoli completamente automatizzati, dove la gestione del mezzo \u00e8 affidata totalmente alle nostre centraline, e l\u2019operatore, se necessario, impartisce i comandi seduto comodamente alla sua scrivania.<\/p>\n<p><a href=\"https:\/\/www.teq-automotive.com\/en\/automotive\/\">Prodotti ADICOM<\/a>[\/vc_column_text][\/vc_column][\/vc_row]<\/p>\n","protected":false},"excerpt":{"rendered":"<p>[vc_row el_class=&#8221;test&#8221;][vc_column][vc_column_text] Funzionalit\u00e0, caratteristiche e vantaggi del sistema: Totalmente programmabile dal costruttore. Aumento delle prestazioni grazie alla possibilit\u00e0 di far eseguire una serie di controlli e di automatismi. Drastica diminuzione del tempo di montaggio dell\u2019impianto elettrico grazie alla riduzione del numero di collegamenti, cavi, fusibili, relais, moduli di intermittenza, ecc.. Uso del veicolo limitato alle [&hellip;]<\/p>\n","protected":false},"author":3,"featured_media":0,"parent":5030,"menu_order":0,"comment_status":"closed","ping_status":"closed","template":"","meta":[],"_links":{"self":[{"href":"https:\/\/www.teq-automotive.com\/it\/wp-json\/wp\/v2\/pages\/4932"}],"collection":[{"href":"https:\/\/www.teq-automotive.com\/it\/wp-json\/wp\/v2\/pages"}],"about":[{"href":"https:\/\/www.teq-automotive.com\/it\/wp-json\/wp\/v2\/types\/page"}],"author":[{"embeddable":true,"href":"https:\/\/www.teq-automotive.com\/it\/wp-json\/wp\/v2\/users\/3"}],"replies":[{"embeddable":true,"href":"https:\/\/www.teq-automotive.com\/it\/wp-json\/wp\/v2\/comments?post=4932"}],"version-history":[{"count":4,"href":"https:\/\/www.teq-automotive.com\/it\/wp-json\/wp\/v2\/pages\/4932\/revisions"}],"predecessor-version":[{"id":8093,"href":"https:\/\/www.teq-automotive.com\/it\/wp-json\/wp\/v2\/pages\/4932\/revisions\/8093"}],"up":[{"embeddable":true,"href":"https:\/\/www.teq-automotive.com\/it\/wp-json\/wp\/v2\/pages\/5030"}],"wp:attachment":[{"href":"https:\/\/www.teq-automotive.com\/it\/wp-json\/wp\/v2\/media?parent=4932"}],"curies":[{"name":"wp","href":"https:\/\/api.w.org\/{rel}","templated":true}]}}