{"id":5025,"date":"2019-07-01T14:54:46","date_gmt":"2019-07-01T12:54:46","guid":{"rendered":"https:\/\/www.teq-automotive.com\/itxpt\/"},"modified":"2020-06-05T17:42:27","modified_gmt":"2020-06-05T15:42:27","slug":"itxpt","status":"publish","type":"page","link":"https:\/\/www.teq-automotive.com\/it\/soluzioni\/itxpt\/","title":{"rendered":"ITxPT"},"content":{"rendered":"<p>[vc_row el_id=&#8221;ITxPT&#8221;][vc_column]\t\t<div class=\"wd-heading text-left  text-left\" >\r\n\t\t\t\r\n\t\t\t\t\r\n\t\t\t\t<h3 style=\"margin:0;font-family:;font-weight:400;color:#1e73be;\" >\r\n\t\t\t\t\tITxPT\t\t\t\t<\/h3>\r\n\r\n\t\t\t\t\r\n\t\t\t\t<h4 style=\"font-family:;font-weight:400;\" >\r\n\t\t\t\t\t\t\t\t\t<\/h4>\r\n\r\n\t\t\t\t\r\n\t\t\t\t\t<\/div>\r\n\r\n\t\t[vc_column_text][\/vc_column_text][\/vc_column][\/vc_row][vc_row][vc_column width=&#8221;1\/2&#8243;][vc_column_text]<strong>MADT &#8211; Multi-Application Driver Terminal<\/strong>[\/vc_column_text][vc_single_image image=&#8221;4713&#8243; img_size=&#8221;medium&#8221;][\/vc_column][vc_column width=&#8221;1\/2&#8243;][vc_column_text]<\/p>\n<ul>\n<li>MADT \u00e8 lo strumento di interfaccia di tutte le applicazioni del veicolo<\/li>\n<li>MADT \u00e8 indipendente dalle singole applicazioni<\/li>\n<\/ul>\n<p>Diverse interfacce utente possono essere create nel veicolo al fine di abilitare la comunicazione attraverso la rete IP di bordo tra dispositivi virtuali ed i vari profili del personale delle imprese di trasporto (autisti, manutentori,..)<\/p>\n<p>Nell&#8217;ottica di ITxPT, il dispositivo MADT rappresenta l&#8217;interfaccia utente principale di tutti i dispositivi virtuali di bordo che comunicano sulla rete IP del veicolo. Deve fornire i servizi di interfaccia utente visualizzando le informazioni dei dispositivi virtuali e permettendo l&#8217;inserimento dei dati da parte dell&#8217;utente.[\/vc_column_text][\/vc_column][\/vc_row][vc_row][vc_column width=&#8221;1\/2&#8243;][vc_row_inner][vc_column_inner][\/vc_column_inner][\/vc_row_inner][vc_column_text]<strong>FMStoIP<\/strong><\/p>\n<p><strong>VEHICLEtoIP<\/strong>[\/vc_column_text][vc_single_image image=&#8221;4751&#8243; img_size=&#8221;medium&#8221;][\/vc_column][vc_column width=&#8221;1\/2&#8243;][vc_row_inner][vc_column_inner][\/vc_column_inner][\/vc_row_inner][vc_column_text]Lo scopo principale del servizio FMStoIP \u00e8 di fornire i dati in un formato che sia il pi\u00f9 possibile idoneo alle necessit\u00e0 dell&#8217;utilizzatore. I dati del protocollo J1939 vengono decodificati e resi disponibili in modo chiaro, utilizzando unit\u00e0 di misura comprensibili (ad esempio la velocit\u00e0 del mezzo \u00e8 espressa in Km\/h e la velocit\u00e0 del motore in giri\/minuto) evitando la necessit\u00e0 di decodificare dati in formato esadecimale.<\/p>\n<p>Il gateway VEHICLEtoIP fornisce i dati per tutti quei veicoli che non sono equipaggiati con un&#8217;interfaccia FMS (ad esempio i tram) sulla rete IP di bordo, analogamente al dispositivo FMStoIP. Fornisce anche i dati che non sono inclusi nell&#8217;interfaccia FMS. Lo scopo principale \u00e8 lo scambio dati tra il veicolo ed i dispositivi di AVM, bigliettazione, contapasseggeri,&#8230;[\/vc_column_text][\/vc_column][\/vc_row]<\/p>\n","protected":false},"excerpt":{"rendered":"<p>[vc_row el_id=&#8221;ITxPT&#8221;][vc_column][vc_column_text][\/vc_column_text][\/vc_column][\/vc_row][vc_row][vc_column width=&#8221;1\/2&#8243;][vc_column_text]MADT &#8211; Multi-Application Driver Terminal[\/vc_column_text][vc_single_image image=&#8221;4713&#8243; img_size=&#8221;medium&#8221;][\/vc_column][vc_column width=&#8221;1\/2&#8243;][vc_column_text] MADT \u00e8 lo strumento di interfaccia di tutte le applicazioni del veicolo MADT \u00e8 indipendente dalle singole applicazioni Diverse interfacce utente possono essere create nel veicolo al fine di abilitare la comunicazione attraverso la rete IP di bordo tra dispositivi virtuali ed i vari profili [&hellip;]<\/p>\n","protected":false},"author":3,"featured_media":0,"parent":5030,"menu_order":5,"comment_status":"closed","ping_status":"closed","template":"","meta":[],"_links":{"self":[{"href":"https:\/\/www.teq-automotive.com\/it\/wp-json\/wp\/v2\/pages\/5025"}],"collection":[{"href":"https:\/\/www.teq-automotive.com\/it\/wp-json\/wp\/v2\/pages"}],"about":[{"href":"https:\/\/www.teq-automotive.com\/it\/wp-json\/wp\/v2\/types\/page"}],"author":[{"embeddable":true,"href":"https:\/\/www.teq-automotive.com\/it\/wp-json\/wp\/v2\/users\/3"}],"replies":[{"embeddable":true,"href":"https:\/\/www.teq-automotive.com\/it\/wp-json\/wp\/v2\/comments?post=5025"}],"version-history":[{"count":1,"href":"https:\/\/www.teq-automotive.com\/it\/wp-json\/wp\/v2\/pages\/5025\/revisions"}],"predecessor-version":[{"id":7176,"href":"https:\/\/www.teq-automotive.com\/it\/wp-json\/wp\/v2\/pages\/5025\/revisions\/7176"}],"up":[{"embeddable":true,"href":"https:\/\/www.teq-automotive.com\/it\/wp-json\/wp\/v2\/pages\/5030"}],"wp:attachment":[{"href":"https:\/\/www.teq-automotive.com\/it\/wp-json\/wp\/v2\/media?parent=5025"}],"curies":[{"name":"wp","href":"https:\/\/api.w.org\/{rel}","templated":true}]}}